{"id":6369,"date":"2024-01-17T19:01:52","date_gmt":"2024-01-17T18:01:52","guid":{"rendered":"https:\/\/giabn.com\/?page_id=6369"},"modified":"2024-01-23T12:02:30","modified_gmt":"2024-01-23T11:02:30","slug":"common-essentials","status":"publish","type":"page","link":"https:\/\/giabn.com\/pt\/common-essentials\/","title":{"rendered":"Common Essentials"},"content":{"rendered":"<div id=\"pl-6369\"  class=\"panel-layout\" ><div id=\"pg-6369-0\"  class=\"panel-grid panel-has-style\" ><div style=\"padding: 100px 0; \" data-overlay=\"true\" class=\"panel-row-style panel-row-style-for-6369-0\" ><div id=\"pgc-6369-0-0\"  class=\"panel-grid-cell\" ><div id=\"panel-6369-0-0-0\" class=\"so-panel widget widget_sow-editor panel-first-child panel-last-child\" data-index=\"0\" ><div style=\"text-align: left;\" data-title-color=\"#443f3f\" data-headings-color=\"#443f3f\" class=\"panel-widget-style panel-widget-style-for-6369-0-0-0\" ><div\n\t\t\t\n\t\t\tclass=\"so-widget-sow-editor so-widget-sow-editor-base\"\n\t\t\t\n\t\t>\n<div class=\"siteorigin-widget-tinymce textwidget\">\n\t<p>Los Common Essentials fueron desarrollados por la IOB y todas las asociaciones de lagos de ba\u00f1o y piscinas biol\u00f3gicas afiliadas para definir los principios b\u00e1sicos m\u00e1s importantes en la planificaci\u00f3n y construcci\u00f3n de biopiscinas. Por lo tanto, ahora existe un est\u00e1ndar m\u00ednimo v\u00e1lido en todo el mundo para piscinas con tratamiento de agua biol\u00f3gico. Esto garantiza una cierta calidad y tambi\u00e9n ayuda a protegernos de la competencia desleal y el lavado verde.<br \/>\nAcuerdo de los miembros del IOB sobre Common Essentials en la planificaci\u00f3n, construcci\u00f3n y mantenimiento de estanques naturales para nadar (NSP): Natural Swimming Ponds.<\/p>\n<p>1. Soluciones basadas en la naturaleza<br \/>\nLas piscinas y lagos biol\u00f3gicos son soluciones basadas en la naturaleza (= nature-based solutions, NBS), sistemas dise\u00f1ados que utilizan principios y procesos conocidos de la naturaleza.<\/p>\n<p>2. Econom\u00eda circular<br \/>\nLa intenci\u00f3n es que todos los materiales utilizados en la construcci\u00f3n de NSP cumplan con los requisitos de una econom\u00eda circular. El objetivo de esto es eliminar el desperdicio y el consumo continuo de recursos. Los sistemas circulares emplean la reutilizaci\u00f3n, el intercambio, la reparaci\u00f3n, la restauraci\u00f3n, la refabricacion y el reciclaje para crear un sistema de circuito cerrado, minimizando el uso de insumos de recursos y la creaci\u00f3n<br \/>\nde desechos, contaminaci\u00f3n y emisiones de carbono.<\/p>\n<p>3. Tratamiento biol\u00f3gico<br \/>\nPara clarificar y purificar el agua, las NSP utilizan exclusivamente procesos mec\u00e1nicos y biol\u00f3gicos para reducir los nutrientes.<br \/>\nCualquier otra medida o intervenci\u00f3n debe garantizar principalmente estos procesos. No se permite el da\u00f1o sostenido a estos procesos deseados, como el uso de biocidas o la desinfecci\u00f3n qu\u00edmica.<\/p>\n<p>4. Proceso de planificaci\u00f3n<br \/>\nCada NSP es el resultado de una implementaci\u00f3n profesional de la solicitud del cliente y un proceso de planificaci\u00f3n basado en enfoques cient\u00edficos y tecnolog\u00eda punta. El plan resultante describe el proceso de tratamiento del agua y predice una excelente calidad del agua de ba\u00f1o. Cuando el NSP est\u00e1 en funcionamiento, el proceso de tratamiento de agua planificado debe cumplir con las predicciones y expectativas sobre la calidad del agua.<\/p>\n<p>5. Informaci\u00f3n a los clientes<br \/>\nLos clientes deben estar informados sobre todos los aspectos de un NSP, incluido el mantenimiento, especialmente con respecto a lo que se espera en t\u00e9rminos de calidad del agua viva y presencia de vida silvestre.<\/p>\n<p>6. Reglamento<br \/>\nDeben seguirse las normas vigentes de edificaci\u00f3n y construcci\u00f3n.<br \/>\nEsto se aplica tambi\u00e9n a todas las normas de seguridad existentes para piscinas.<\/p>\n<p>7. Configuraci\u00f3n interna<br \/>\nUn NSP se divide en un \u00e1rea o \u00e1reas de ba\u00f1o y un \u00e1rea o \u00e1reas de tratamiento. Las \u00e1reas de tratamiento no son para la entrada de ba\u00f1istas.<\/p>\n<p>8. Agua de escorrent\u00eda<br \/>\nLa escorrent\u00eda de agua superficial de la propiedad que rodea el NSP no debe fluir hacia el NSP.<\/p>\n<p>9. Sellado<br \/>\nUn NSP debe estar sellado, es decir, aislado del suelo debajo y alrededor del NSP.<\/p>\n<p>10. Materiales inofensivos<br \/>\nLos materiales utilizados en los NSP no deben contaminar el agua ni el medio ambiente. Esto incluye tambi\u00e9n limitar la introducci\u00f3n de f\u00f3sforo.<\/p>\n<p>11. Plantas aut\u00f3ctonas<br \/>\nSi se utilizan plantas en un NSP, se prefieren las plantas aut\u00f3ctonas. Las plantas consideradas especies invasoras donde se encuentra el PEN est\u00e1n prohibidas. Las plantas utilizadas en un NSP deben cultivarse para ese fin y no recolectarse de la naturaleza.<\/p>\n<p>12. Composici\u00f3n del agua<br \/>\nSe debe analizar la composici\u00f3n fisicoqu\u00edmica de toda el agua utilizada para llenar el NSP antes del primer llenado y el resultado<br \/>\ndebe incluirse en el proceso de planificaci\u00f3n.<br \/>\nLa composici\u00f3n fisicoqu\u00edmica del agua utilizada para rellenar el NSP debe analizarse y ajustarse a intervalos regulares.<\/p>\n<p>13. Prueba de agua<br \/>\nSe realizar\u00e1n pruebas peri\u00f3dicas del agua con respecto a los par\u00e1metros higi\u00e9nicos y fisicoqu\u00edmicos de la calidad del agua seg\u00fan lo requieran los funcionarios de salud para los NSP p\u00fablicos y, si es necesario, para los NSP privados.<\/p>\n<p>14. Organismos indicadores<br \/>\nPara la evaluaci\u00f3n de la calidad del agua, se utilizar\u00e1n los valores l\u00edmite espec\u00edficos del pa\u00eds. En caso contrario, se utilizar\u00e1n los organismos indicadores recomendados por la Organizaci\u00f3n Mundial de la Salud (OMS) para las aguas de ba\u00f1o.<\/p><\/p>\n<\/div>\n<\/div><\/div><\/div><\/div><\/div><\/div><\/div>","protected":false},"excerpt":{"rendered":"<p>Los Common Essentials fueron desarrollados por la IOB y todas las asociaciones de lagos de ba\u00f1o y piscinas biol\u00f3gicas afiliadas para definir [&hellip;]<\/p>\n","protected":false},"author":1,"featured_media":0,"parent":0,"menu_order":0,"comment_status":"closed","ping_status":"closed","template":"","meta":{"footnotes":""},"class_list":["post-6369","page","type-page","status-publish","hentry"],"yoast_head":"<!-- This site is optimized with the Yoast SEO plugin v27.4 - https:\/\/yoast.com\/product\/yoast-seo-wordpress\/ -->\n<title>Common Essentials - GIABN<\/title>\n<meta name=\"robots\" content=\"index, follow, max-snippet:-1, max-image-preview:large, max-video-preview:-1\" \/>\n<link rel=\"canonical\" href=\"https:\/\/giabn.com\/common-essentials\/\" \/>\n<meta name=\"twitter:card\" content=\"summary_large_image\" \/>\n<meta name=\"twitter:title\" content=\"Common Essentials - GIABN\" \/>\n<meta name=\"twitter:description\" content=\"Los Common Essentials fueron desarrollados por la IOB y todas las asociaciones de lagos de ba\u00f1o y piscinas biol\u00f3gicas afiliadas para definir [&hellip;]\" \/>\n<meta name=\"twitter:label1\" content=\"Tempo estimado de leitura\" \/>\n\t<meta name=\"twitter:data1\" content=\"13 minutos\" \/>\n<script type=\"application\/ld+json\" class=\"yoast-schema-graph\">{\"@context\":\"https:\\\/\\\/schema.org\",\"@graph\":[{\"@type\":\"WebPage\",\"@id\":\"https:\\\/\\\/giabn.com\\\/common-essentials\\\/\",\"url\":\"https:\\\/\\\/giabn.com\\\/common-essentials\\\/\",\"name\":\"Common Essentials - GIABN\",\"isPartOf\":{\"@id\":\"https:\\\/\\\/giabn.com\\\/ca\\\/#website\"},\"datePublished\":\"2024-01-17T18:01:52+00:00\",\"dateModified\":\"2024-01-23T11:02:30+00:00\",\"breadcrumb\":{\"@id\":\"https:\\\/\\\/giabn.com\\\/common-essentials\\\/#breadcrumb\"},\"inLanguage\":\"pt-PT\",\"potentialAction\":[{\"@type\":\"ReadAction\",\"target\":[\"https:\\\/\\\/giabn.com\\\/common-essentials\\\/\"]}]},{\"@type\":\"BreadcrumbList\",\"@id\":\"https:\\\/\\\/giabn.com\\\/common-essentials\\\/#breadcrumb\",\"itemListElement\":[{\"@type\":\"ListItem\",\"position\":1,\"name\":\"Home\",\"item\":\"https:\\\/\\\/giabn.com\\\/\"},{\"@type\":\"ListItem\",\"position\":2,\"name\":\"Common Essentials\"}]},{\"@type\":\"WebSite\",\"@id\":\"https:\\\/\\\/giabn.com\\\/ca\\\/#website\",\"url\":\"https:\\\/\\\/giabn.com\\\/ca\\\/\",\"name\":\"GIABN\",\"description\":\"Grupo Ib&eacute;rico de Aguas de Ba\u00f1o Naturalizadas GIABN\",\"publisher\":{\"@id\":\"https:\\\/\\\/giabn.com\\\/ca\\\/#organization\"},\"potentialAction\":[{\"@type\":\"SearchAction\",\"target\":{\"@type\":\"EntryPoint\",\"urlTemplate\":\"https:\\\/\\\/giabn.com\\\/ca\\\/?s={search_term_string}\"},\"query-input\":{\"@type\":\"PropertyValueSpecification\",\"valueRequired\":true,\"valueName\":\"search_term_string\"}}],\"inLanguage\":\"pt-PT\"},{\"@type\":\"Organization\",\"@id\":\"https:\\\/\\\/giabn.com\\\/ca\\\/#organization\",\"name\":\"IOB EV\",\"url\":\"https:\\\/\\\/giabn.com\\\/ca\\\/\",\"logo\":{\"@type\":\"ImageObject\",\"inLanguage\":\"pt-PT\",\"@id\":\"https:\\\/\\\/giabn.com\\\/ca\\\/#\\\/schema\\\/logo\\\/image\\\/\",\"url\":\"https:\\\/\\\/giabn.com\\\/wp-content\\\/uploads\\\/2023\\\/01\\\/logo-giabn.png\",\"contentUrl\":\"https:\\\/\\\/giabn.com\\\/wp-content\\\/uploads\\\/2023\\\/01\\\/logo-giabn.png\",\"width\":134,\"height\":101,\"caption\":\"IOB EV\"},\"image\":{\"@id\":\"https:\\\/\\\/giabn.com\\\/ca\\\/#\\\/schema\\\/logo\\\/image\\\/\"}}]}<\/script>\n<!-- \/ Yoast SEO plugin. -->","yoast_head_json":{"title":"Common Essentials - GIABN","robots":{"index":"index","follow":"follow","max-snippet":"max-snippet:-1","max-image-preview":"max-image-preview:large","max-video-preview":"max-video-preview:-1"},"canonical":"https:\/\/giabn.com\/common-essentials\/","twitter_card":"summary_large_image","twitter_title":"Common Essentials - GIABN","twitter_description":"Los Common Essentials fueron desarrollados por la IOB y todas las asociaciones de lagos de ba\u00f1o y piscinas biol\u00f3gicas afiliadas para definir [&hellip;]","twitter_misc":{"Tempo estimado de leitura":"13 minutos"},"schema":{"@context":"https:\/\/schema.org","@graph":[{"@type":"WebPage","@id":"https:\/\/giabn.com\/common-essentials\/","url":"https:\/\/giabn.com\/common-essentials\/","name":"Common Essentials - GIABN","isPartOf":{"@id":"https:\/\/giabn.com\/ca\/#website"},"datePublished":"2024-01-17T18:01:52+00:00","dateModified":"2024-01-23T11:02:30+00:00","breadcrumb":{"@id":"https:\/\/giabn.com\/common-essentials\/#breadcrumb"},"inLanguage":"pt-PT","potentialAction":[{"@type":"ReadAction","target":["https:\/\/giabn.com\/common-essentials\/"]}]},{"@type":"BreadcrumbList","@id":"https:\/\/giabn.com\/common-essentials\/#breadcrumb","itemListElement":[{"@type":"ListItem","position":1,"name":"Home","item":"https:\/\/giabn.com\/"},{"@type":"ListItem","position":2,"name":"Common Essentials"}]},{"@type":"WebSite","@id":"https:\/\/giabn.com\/ca\/#website","url":"https:\/\/giabn.com\/ca\/","name":"GIABN","description":"Grupo Ib&eacute;rico de Aguas de Ba\u00f1o Naturalizadas GIABN","publisher":{"@id":"https:\/\/giabn.com\/ca\/#organization"},"potentialAction":[{"@type":"SearchAction","target":{"@type":"EntryPoint","urlTemplate":"https:\/\/giabn.com\/ca\/?s={search_term_string}"},"query-input":{"@type":"PropertyValueSpecification","valueRequired":true,"valueName":"search_term_string"}}],"inLanguage":"pt-PT"},{"@type":"Organization","@id":"https:\/\/giabn.com\/ca\/#organization","name":"IOB EV","url":"https:\/\/giabn.com\/ca\/","logo":{"@type":"ImageObject","inLanguage":"pt-PT","@id":"https:\/\/giabn.com\/ca\/#\/schema\/logo\/image\/","url":"https:\/\/giabn.com\/wp-content\/uploads\/2023\/01\/logo-giabn.png","contentUrl":"https:\/\/giabn.com\/wp-content\/uploads\/2023\/01\/logo-giabn.png","width":134,"height":101,"caption":"IOB EV"},"image":{"@id":"https:\/\/giabn.com\/ca\/#\/schema\/logo\/image\/"}}]}},"_links":{"self":[{"href":"https:\/\/giabn.com\/pt\/wp-json\/wp\/v2\/pages\/6369","targetHints":{"allow":["GET"]}}],"collection":[{"href":"https:\/\/giabn.com\/pt\/wp-json\/wp\/v2\/pages"}],"about":[{"href":"https:\/\/giabn.com\/pt\/wp-json\/wp\/v2\/types\/page"}],"author":[{"embeddable":true,"href":"https:\/\/giabn.com\/pt\/wp-json\/wp\/v2\/users\/1"}],"replies":[{"embeddable":true,"href":"https:\/\/giabn.com\/pt\/wp-json\/wp\/v2\/comments?post=6369"}],"version-history":[{"count":0,"href":"https:\/\/giabn.com\/pt\/wp-json\/wp\/v2\/pages\/6369\/revisions"}],"wp:attachment":[{"href":"https:\/\/giabn.com\/pt\/wp-json\/wp\/v2\/media?parent=6369"}],"curies":[{"name":"wp","href":"https:\/\/api.w.org\/{rel}","templated":true}]}}