{"id":6365,"date":"2024-01-17T18:55:04","date_gmt":"2024-01-17T17:55:04","guid":{"rendered":"https:\/\/giabn.com\/?page_id=6365"},"modified":"2024-01-23T11:56:59","modified_gmt":"2024-01-23T10:56:59","slug":"desinfeccao-quimica","status":"publish","type":"page","link":"https:\/\/giabn.com\/pt\/desinfeccao-quimica\/","title":{"rendered":"Desinfec\u00e7\u00e3o qu\u00edmica"},"content":{"rendered":"<div id=\"pl-6365\"  class=\"panel-layout\" ><div id=\"pg-6365-0\"  class=\"panel-grid panel-has-style\" ><div style=\"padding: 100px 0; \" data-overlay=\"true\" class=\"panel-row-style panel-row-style-for-6365-0\" ><div id=\"pgc-6365-0-0\"  class=\"panel-grid-cell\" ><div id=\"panel-6365-0-0-0\" class=\"so-panel widget widget_sow-editor panel-first-child panel-last-child\" data-index=\"0\" ><div style=\"text-align: left;\" data-title-color=\"#443f3f\" data-headings-color=\"#443f3f\" class=\"panel-widget-style panel-widget-style-for-6365-0-0-0\" ><div\n\t\t\t\n\t\t\tclass=\"so-widget-sow-editor so-widget-sow-editor-base\"\n\t\t\t\n\t\t>\n<div class=\"siteorigin-widget-tinymce textwidget\">\n\t<p>A depura\u00e7\u00e3o da \u00e1gua de um lago de nata\u00e7\u00e3o e de uma piscina natural \u00e9 baseada numa depura\u00e7\u00e3o puramente mec\u00e2nico-biol\u00f3gica e copia os mecanismos da natureza. Com a ajuda da cadeia alimentar e a extrac\u00e7\u00e3o cont\u00ednua de nutrientes, consegue-se uma \u00e1gua saud\u00e1vel e \u201cpura\u201d.<br \/>\nIsto contrasta absolutamente com a desinfec\u00e7\u00e3o qu\u00edmica de uma piscina de cloro tradicional ou numa \u201cpiscina h\u00edbrida\u201d.<\/p>\n<p>Desinfec\u00e7\u00e3o qu\u00edmica com cloro<\/p>\n<p>O m\u00e9todo standar para manter a \u00e1gua da piscina limpa \u00e9 a desinfec\u00e7\u00e3o qu\u00edmica, principalmente com cloro. Este pode-se acrescentar \u00e0 \u00e1gua em forma de g\u00e1s, l\u00edquido, em p\u00f3 pu em pastilhas. Por\u00e9m, tamb\u00e9m se pode conseguir por eletrose no ciclo da \u00e1gua da piscina, frequentemente chamada \u201cpiscina de \u00e1gua salgada\u201d.<\/p>\n<p>O cloro e outros desinfectantes s\u00e3o t\u00f3xicos e t\u00eam como objetivo matar toda a vida que exite na \u00e1gua. As bact\u00e9rias e as algas t\u00eam uma superf\u00edcie muito grande e um metabolismo muito r\u00e1pido e, por tanto, morrem r\u00e1pidamente. No entanto a nossa pele, olhos e membranas mucosas s\u00e3o atacados.<\/p>\n<p>Para que o cloro desenvolva o seu efeito mortal, o valor pH deve ajustar-se na faixa de 7.2 - 7.6. Isso \u00e9 feito automaticamente numa piscina de \u00e1gua salgada, adicionando \u00e1cido clor\u00eddrico.<\/p>\n<p>Por exemplo, o cloro reage com o nitrog\u00e9nio dos protectores solares,das pat\u00edculas da pele e da urina para formar compostos cancer\u00edgenos.<br \/>\nEspecialmente em altas temperaturas e com uso intensivo, o efeito desinfectante costuma ser demasiado fraco para prevenir de forma fi\u00e1vel as algas. Alguicidas, geralmente a base de cobre, ou seja, \u00e9 necess\u00e1rio acrescentar mais veneno. Depois de uma chuva sahariana, a \u00e1gua fica turva e o p\u00f3 \u00e9 t\u00e3o fino que n\u00e3o \u00e9 capturado pelo filtro. Neste caso, temos que usar floculante qu\u00edmico. J\u00e1 n\u00e3o se v\u00eam os nutrientes, mas as impurezas ficam na \u00e1gua e a\u00ed se v\u00e3o acumulando.<\/p>\n<p>A prop\u00f3sito, o cloro \u00e9 um g\u00e1s inodoro. O t\u00edpico \u201ccheiro a cloro\u201d nas piscinas \u00e9 causado pelos productos de reac\u00e7\u00e3o do cloro.<br \/>\nDado que todos estes productos de reac\u00e7\u00e3o e t\u00f3xinas se acumulam na \u00e1gua da piscina, a \u00e1gua deve-se substituir parcialmente constantemente. Portanto, as piscinas p\u00fablicas t\u00eam que mudar 5% do volume total de \u00e1gua todos os dias!<\/p>\n<p>\u00c1gua desinfectada por meios qu\u00edmicos n\u00e3o \u00e9 sin\u00f3nimo de \u00e1gua limpa, \u00e9 sin\u00f3nimo de \u00e1gua morta. No momento que falte desinfectante, o valor de pH sai da faixa ideal, as algas e bact\u00e9rias come\u00e7am-se a multiplicar exponencialmente, a \u00e1gua fica verde e mostra o seu grau fde contamina\u00e7\u00e3o<\/p>\n<p>El agua desinfectada qu\u00edmicamente no significa agua limpia, solo significa AGUA MUERTA. Tan pronto como falta el desinfectante o el valor del pH se sale del rango necesario, las algas y las bacterias comienzan a multiplicarse exponencialmente, el agua se vuelve verde y muestra su grado de contaminaci\u00f3n. La imagen muestra la misma piscina 7 d\u00edas antes (azul, transparente) y despu\u00e9s del fracaso de la desinfecci\u00f3n (verde y turbia).<\/p>\n<p>Desinfecci\u00f3n qu\u00edmica en la \u201cpiscina h\u00edbrida\u201d (a menudo vendida err\u00f3neamente como piscina biol\u00f3gica o ecol\u00f3gica)<br \/>\nLas piscinas h\u00edbridas utilizan una forma diferente de desinfecci\u00f3n que permite que algunos organismos acu\u00e1ticos resistentes sobrevivan. Esto permite el uso de plantas ribere\u00f1as resistentes para crear una apariencia natural. Pero la biolog\u00eda no es la base de la purificaci\u00f3n del agua, ya que las t\u00e9cnicas f\u00edsicas y qu\u00edmicas utilizadas matan a la mayor\u00eda de los seres vivos microsc\u00f3picos encargados de la bio-depuraci\u00f3n. Las plantas son solo decoraci\u00f3n.<\/p>\n<p>Las t\u00e9cnicas f\u00edsicas y qu\u00edmicas de desinfecci\u00f3n utilizadas habitualmente en \u201cpiscinas h\u00edbridas\u201d son:<\/p>\n<p>Luz ultravioleta: parte de la luz solar natural que afecta fuertemente a los tejidos vivos. Nos provoca quemaduras solares y la muerte de virus, bacterias y algas. Las l\u00e1mparas UV se utilizan en estanques para evitar el agua verde turbia causada por peque\u00f1as algas. En acuarios o acuicultura con una gran cantidad de peces, los rayos UV se pueden utilizar para reducir la presi\u00f3n de los pat\u00f3genos. En la naturaleza, esto solo ocurre en los primeros cent\u00edmetros de la superficie, mientras que los pat\u00f3genos y las algas en las capas inferiores del agua son devorados por el zooplancton. La luz ultravioleta tambi\u00e9n mata el zooplancton... se interrumpe toda la cadena alimentaria y la purificaci\u00f3n biol\u00f3gica. La luz ultravioleta no reduce ni fija los nutrientes. Los nutrientes fijados en la biomasa de algas, bacterias y zooplancton se liberan nuevamente y en su lugar promueven el crecimiento de algas filamentosas. La luz ultravioleta no deja qu\u00edmicos en el agua y no mata la vida fuera de la l\u00e1mpara. Por lo tanto, se acepta el uso en una situaci\u00f3n excepcional de interrupci\u00f3n del sistema biol\u00f3gico, y con un uso temporal. (FLL, est\u00e1ndares alemanes para la planificaci\u00f3n, construcci\u00f3n y mantenimiento de NSP y base para varios otros est\u00e1ndares nacionales). El consumo de energ\u00eda de las l\u00e1mparas UV es relativamente alto, en promedio m\u00e1s alto que el consumo total de energ\u00eda en una piscina biol\u00f3gica.<\/p>\n<p>Cobre: \u200b\u200besencial para la vida en peque\u00f1as cantidades, r\u00e1pidamente t\u00f3xico en concentraciones m\u00e1s altas. La mayor\u00eda de los eliminadores de algas para piscinas y estanques son a base de cobre. Se puede agregar como una sal (por ejemplo, CuSO4) o por electr\u00f3lisis. El cobre destruye la estructura de las algas, tanto planct\u00f3nicas como s\u00e9siles, por lo que tambi\u00e9n es efectivo contra las algas filamentosas. Tambi\u00e9n mata muchas bacterias y otros microorganismos en el agua y biofilm (filtro), caracoles acu\u00e1ticos, larvas y peces sensibles. El cobre permanece en el agua y se acumula en los sedimentos. En pa\u00edses con una legislaci\u00f3n m\u00e1s restrictiva, el cobre est\u00e1 terminantemente prohibido en las piscinas p\u00fablicas (tanto naturales como qu\u00edmicas). El cobre no esta autorizado en un estanque\/piscina natural. No obstante, las plantas ribere\u00f1as altas son mucho m\u00e1s resistentes al cobre, lo que les permite ser utilizadas como elemento decorativo en tanques h\u00edbridos, d\u00e1ndoles el aspecto visual de un sistema biol\u00f3gico.<\/p>\n<p>Plata: La plata, como el cobre, es un metal pesado con efectos letales en peque\u00f1os organismos. Tambi\u00e9n se utiliza en forma de electr\u00f3lisis. Absoluto no-go en la depuraci\u00f3n biol\u00f3gica.<\/p>\n<p>Hidr\u00f3lisis salina: Esta es la t\u00e9cnica que se utiliza en las \"piscinas de agua salada\". Un campo el\u00e9ctrico crea \"radicales\" de iones de cloruro a partir de la sal disuelta en el agua. A voltajes m\u00e1s altos, la divisi\u00f3n de la mol\u00e9cula de agua puede incluso producir radicales de ox\u00edgeno e hidr\u00f3geno. Los radicales son extremadamente agresivos con todas las superficies y matan r\u00e1pidamente a las peque\u00f1as formas de vida. El cloruro reacciona con el nitr\u00f3geno (de la piel, el cabello, la orina, toda la biomasa) y genera subproductos cancer\u00edgenos como la tricloramina que se acumula en el agua de la piscina.<\/p>\n<p>\u00a1Hay mucha m\u00e1s biomasa reactiva y nitr\u00f3geno presente en una piscina h\u00edbrida que en una piscina desinfectada con cloro, lo que resulta en una producci\u00f3n a\u00fan mayor de estos peligrosos subproductos! Absolutamente prohibido para el tratamiento biol\u00f3gico del agua.<\/p>\n<p>Control de pH con \u00e1cido clorh\u00eddrico, como en la piscina de agua salada, para asegurar el efecto de desinfecci\u00f3n.<\/p>\n<p>Una piscina h\u00edbrida no es ni una NBS (soluci\u00f3n basada en la naturaleza) ni un estanque de nataci\u00f3n o una piscina natural. Todos los venenos que se pueden usar en una piscina h\u00edbrida son legales para uso privado. En cuanto al tratamiento del agua, la piscina h\u00edbrida es muy similar a una piscina cl\u00e1sica, aunque el aspecto puede asemejarse al de un estanque de nataci\u00f3n biol\u00f3gico. Es una alternativa a los desinfectados con Cl y NSP.<\/p>\n<p>Es completamente err\u00f3neo: \u00a1vender una piscina h\u00edbrida como estanque de nataci\u00f3n\/piscina natural! Esto es lavado verde y competencia desleal.<\/p>\n<\/div>\n<\/div><\/div><\/div><\/div><\/div><\/div><\/div>","protected":false},"excerpt":{"rendered":"<p>A depura\u00e7\u00e3o da \u00e1gua de um lago de nata\u00e7\u00e3o e de uma piscina natural \u00e9 baseada numa depura\u00e7\u00e3o puramente mec\u00e2nico-biol\u00f3gica e copia [&hellip;]<\/p>\n","protected":false},"author":1,"featured_media":0,"parent":0,"menu_order":0,"comment_status":"closed","ping_status":"closed","template":"","meta":{"footnotes":""},"class_list":["post-6365","page","type-page","status-publish","hentry"],"yoast_head":"<!-- This site is optimized with the Yoast SEO plugin v27.4 - https:\/\/yoast.com\/product\/yoast-seo-wordpress\/ -->\n<title>Desinfec\u00e7\u00e3o qu\u00edmica - GIABN<\/title>\n<meta name=\"robots\" content=\"index, follow, max-snippet:-1, max-image-preview:large, max-video-preview:-1\" \/>\n<link rel=\"canonical\" href=\"https:\/\/giabn.com\/desinfeccao-quimica\/\" \/>\n<meta name=\"twitter:card\" content=\"summary_large_image\" \/>\n<meta name=\"twitter:title\" content=\"[:en]Chemical disinfection[:pt]Desinfec\u00e7\u00e3o qu\u00edmica[:ca]DESINFECCI\u00d3 QU\u00cdMICA[:es]Desinfecci\u00f3n qu\u00edmica[:] - GIABN\" \/>\n<meta name=\"twitter:description\" content=\"A depura\u00e7\u00e3o da \u00e1gua de um lago de nata\u00e7\u00e3o e de uma piscina natural \u00e9 baseada numa depura\u00e7\u00e3o puramente mec\u00e2nico-biol\u00f3gica e copia [&hellip;]\" \/>\n<meta name=\"twitter:label1\" content=\"Tempo estimado de leitura\" \/>\n\t<meta name=\"twitter:data1\" content=\"26 minutos\" \/>\n<script type=\"application\/ld+json\" class=\"yoast-schema-graph\">{\"@context\":\"https:\\\/\\\/schema.org\",\"@graph\":[{\"@type\":\"WebPage\",\"@id\":\"https:\\\/\\\/giabn.com\\\/desinfeccao-quimica\\\/\",\"url\":\"https:\\\/\\\/giabn.com\\\/desinfeccao-quimica\\\/\",\"name\":\"[:en]Chemical disinfection[:pt]Desinfec\u00e7\u00e3o qu\u00edmica[:ca]DESINFECCI\u00d3 QU\u00cdMICA[:es]Desinfecci\u00f3n qu\u00edmica[:] - GIABN\",\"isPartOf\":{\"@id\":\"https:\\\/\\\/giabn.com\\\/ca\\\/#website\"},\"datePublished\":\"2024-01-17T17:55:04+00:00\",\"dateModified\":\"2024-01-23T10:56:59+00:00\",\"breadcrumb\":{\"@id\":\"https:\\\/\\\/giabn.com\\\/desinfeccao-quimica\\\/#breadcrumb\"},\"inLanguage\":\"pt-PT\",\"potentialAction\":[{\"@type\":\"ReadAction\",\"target\":[\"https:\\\/\\\/giabn.com\\\/desinfeccao-quimica\\\/\"]}]},{\"@type\":\"BreadcrumbList\",\"@id\":\"https:\\\/\\\/giabn.com\\\/desinfeccao-quimica\\\/#breadcrumb\",\"itemListElement\":[{\"@type\":\"ListItem\",\"position\":1,\"name\":\"Home\",\"item\":\"https:\\\/\\\/giabn.com\\\/\"},{\"@type\":\"ListItem\",\"position\":2,\"name\":\"Desinfecci\u00f3n qu\u00edmica\"}]},{\"@type\":\"WebSite\",\"@id\":\"https:\\\/\\\/giabn.com\\\/ca\\\/#website\",\"url\":\"https:\\\/\\\/giabn.com\\\/ca\\\/\",\"name\":\"GIABN\",\"description\":\"Grupo Ib&eacute;rico de Aguas de Ba\u00f1o Naturalizadas GIABN\",\"publisher\":{\"@id\":\"https:\\\/\\\/giabn.com\\\/ca\\\/#organization\"},\"potentialAction\":[{\"@type\":\"SearchAction\",\"target\":{\"@type\":\"EntryPoint\",\"urlTemplate\":\"https:\\\/\\\/giabn.com\\\/ca\\\/?s={search_term_string}\"},\"query-input\":{\"@type\":\"PropertyValueSpecification\",\"valueRequired\":true,\"valueName\":\"search_term_string\"}}],\"inLanguage\":\"pt-PT\"},{\"@type\":\"Organization\",\"@id\":\"https:\\\/\\\/giabn.com\\\/ca\\\/#organization\",\"name\":\"IOB EV\",\"url\":\"https:\\\/\\\/giabn.com\\\/ca\\\/\",\"logo\":{\"@type\":\"ImageObject\",\"inLanguage\":\"pt-PT\",\"@id\":\"https:\\\/\\\/giabn.com\\\/ca\\\/#\\\/schema\\\/logo\\\/image\\\/\",\"url\":\"https:\\\/\\\/giabn.com\\\/wp-content\\\/uploads\\\/2023\\\/01\\\/logo-giabn.png\",\"contentUrl\":\"https:\\\/\\\/giabn.com\\\/wp-content\\\/uploads\\\/2023\\\/01\\\/logo-giabn.png\",\"width\":134,\"height\":101,\"caption\":\"IOB EV\"},\"image\":{\"@id\":\"https:\\\/\\\/giabn.com\\\/ca\\\/#\\\/schema\\\/logo\\\/image\\\/\"}}]}<\/script>\n<!-- \/ Yoast SEO plugin. -->","yoast_head_json":{"title":"[:en]Chemical disinfection[:pt]Desinfec\u00e7\u00e3o qu\u00edmica[:ca]DESINFECCI\u00d3 QU\u00cdMICA[:es]Desinfecci\u00f3n qu\u00edmica[:] - GIABN","robots":{"index":"index","follow":"follow","max-snippet":"max-snippet:-1","max-image-preview":"max-image-preview:large","max-video-preview":"max-video-preview:-1"},"canonical":"https:\/\/giabn.com\/desinfeccao-quimica\/","twitter_card":"summary_large_image","twitter_title":"[:en]Chemical disinfection[:pt]Desinfec\u00e7\u00e3o qu\u00edmica[:ca]DESINFECCI\u00d3 QU\u00cdMICA[:es]Desinfecci\u00f3n qu\u00edmica[:] - GIABN","twitter_description":"A depura\u00e7\u00e3o da \u00e1gua de um lago de nata\u00e7\u00e3o e de uma piscina natural \u00e9 baseada numa depura\u00e7\u00e3o puramente mec\u00e2nico-biol\u00f3gica e copia [&hellip;]","twitter_misc":{"Tempo estimado de leitura":"26 minutos"},"schema":{"@context":"https:\/\/schema.org","@graph":[{"@type":"WebPage","@id":"https:\/\/giabn.com\/desinfeccao-quimica\/","url":"https:\/\/giabn.com\/desinfeccao-quimica\/","name":"[:en]Chemical disinfection[:pt]Desinfec\u00e7\u00e3o qu\u00edmica[:ca]DESINFECCI\u00d3 QU\u00cdMICA[:es]Desinfecci\u00f3n qu\u00edmica[:] - GIABN","isPartOf":{"@id":"https:\/\/giabn.com\/ca\/#website"},"datePublished":"2024-01-17T17:55:04+00:00","dateModified":"2024-01-23T10:56:59+00:00","breadcrumb":{"@id":"https:\/\/giabn.com\/desinfeccao-quimica\/#breadcrumb"},"inLanguage":"pt-PT","potentialAction":[{"@type":"ReadAction","target":["https:\/\/giabn.com\/desinfeccao-quimica\/"]}]},{"@type":"BreadcrumbList","@id":"https:\/\/giabn.com\/desinfeccao-quimica\/#breadcrumb","itemListElement":[{"@type":"ListItem","position":1,"name":"Home","item":"https:\/\/giabn.com\/"},{"@type":"ListItem","position":2,"name":"Desinfecci\u00f3n qu\u00edmica"}]},{"@type":"WebSite","@id":"https:\/\/giabn.com\/ca\/#website","url":"https:\/\/giabn.com\/ca\/","name":"GIABN","description":"Grupo Ib&eacute;rico de Aguas de Ba\u00f1o Naturalizadas GIABN","publisher":{"@id":"https:\/\/giabn.com\/ca\/#organization"},"potentialAction":[{"@type":"SearchAction","target":{"@type":"EntryPoint","urlTemplate":"https:\/\/giabn.com\/ca\/?s={search_term_string}"},"query-input":{"@type":"PropertyValueSpecification","valueRequired":true,"valueName":"search_term_string"}}],"inLanguage":"pt-PT"},{"@type":"Organization","@id":"https:\/\/giabn.com\/ca\/#organization","name":"IOB EV","url":"https:\/\/giabn.com\/ca\/","logo":{"@type":"ImageObject","inLanguage":"pt-PT","@id":"https:\/\/giabn.com\/ca\/#\/schema\/logo\/image\/","url":"https:\/\/giabn.com\/wp-content\/uploads\/2023\/01\/logo-giabn.png","contentUrl":"https:\/\/giabn.com\/wp-content\/uploads\/2023\/01\/logo-giabn.png","width":134,"height":101,"caption":"IOB EV"},"image":{"@id":"https:\/\/giabn.com\/ca\/#\/schema\/logo\/image\/"}}]}},"_links":{"self":[{"href":"https:\/\/giabn.com\/pt\/wp-json\/wp\/v2\/pages\/6365","targetHints":{"allow":["GET"]}}],"collection":[{"href":"https:\/\/giabn.com\/pt\/wp-json\/wp\/v2\/pages"}],"about":[{"href":"https:\/\/giabn.com\/pt\/wp-json\/wp\/v2\/types\/page"}],"author":[{"embeddable":true,"href":"https:\/\/giabn.com\/pt\/wp-json\/wp\/v2\/users\/1"}],"replies":[{"embeddable":true,"href":"https:\/\/giabn.com\/pt\/wp-json\/wp\/v2\/comments?post=6365"}],"version-history":[{"count":0,"href":"https:\/\/giabn.com\/pt\/wp-json\/wp\/v2\/pages\/6365\/revisions"}],"wp:attachment":[{"href":"https:\/\/giabn.com\/pt\/wp-json\/wp\/v2\/media?parent=6365"}],"curies":[{"name":"wp","href":"https:\/\/api.w.org\/{rel}","templated":true}]}}