{"id":6361,"date":"2024-01-17T18:51:30","date_gmt":"2024-01-17T17:51:30","guid":{"rendered":"https:\/\/giabn.com\/?page_id=6361"},"modified":"2024-01-23T11:54:17","modified_gmt":"2024-01-23T10:54:17","slug":"nbs","status":"publish","type":"page","link":"https:\/\/giabn.com\/pt\/nbs\/","title":{"rendered":"NBS"},"content":{"rendered":"<div id=\"pl-6361\"  class=\"panel-layout\" ><div id=\"pg-6361-0\"  class=\"panel-grid panel-has-style\" ><div style=\"padding: 100px 0; \" data-overlay=\"true\" class=\"panel-row-style panel-row-style-for-6361-0\" ><div id=\"pgc-6361-0-0\"  class=\"panel-grid-cell\" ><div id=\"panel-6361-0-0-0\" class=\"so-panel widget widget_sow-editor panel-first-child panel-last-child\" data-index=\"0\" ><div style=\"text-align: left;\" data-title-color=\"#443f3f\" data-headings-color=\"#443f3f\" class=\"panel-widget-style panel-widget-style-for-6361-0-0-0\" ><div\n\t\t\t\n\t\t\tclass=\"so-widget-sow-editor so-widget-sow-editor-base\"\n\t\t\t\n\t\t>\n<div class=\"siteorigin-widget-tinymce textwidget\">\n\t<p>Os lagos de banho e as piscinas naturais formam parte das solu\u00e7\u00f5es baseadas na natureza, conhecidas internacionalmetne como \u201cnature based solutions - NbS\u201d.<br \/>\nDefinidos pela Uni\u00e3o Internacional para a Conserva\u00e7\u00e3o da Natureza - UICN, como \u201dac\u00e7\u00f5es para a prote\u00e7\u00e3o, gest\u00e3o sustent\u00e1vel e restaura\u00e7\u00e3o de ecossitemas naturais ou modficados que abordam os desafios sociais de maneira eficiente e adaptativa, ao mesmo tempo que garantem o bem estar humano e a biodiversidade\u201d.<\/p>\n<p>\u201cUma piscina biol\u00f3gica \u00e9 uma solu\u00e7\u00e3o baseada na natureza que aborda a seguran\u00e7a e a sa\u00fade da \u00e1gua de banho desde uma abordagem ecossist\u00e9mica. Aplica processos naturais como base para manter a \u00e1gua da piscina em condi\u00e7\u00f5es \u00f3ptimas para o banho e reduz o impacto dos tratamentos standar, o qual ajuda a preservar a biodiversidade de \u00e1gua doce atrav\u00e9s da restaura\u00e7\u00e3o dos ecossistemas aqu\u00e1ticos. Apesar do seu tamanho, a difus\u00e3o deste modelo na comunidade empresarial de hoteis e resorts teria um grande impacto a curto prazo no uso de \u00e1gua, a contamina\u00e7\u00e3o e a redu\u00e7\u00e3o de emiss\u00f5es de carbono ligadas aos ecossistemas\u201d.<\/p>\n<p>A UICN publicou um panfleto no qual, entre outras coisa, os lagos de nata\u00e7\u00e3o apresentam-se como NbS exemplares; https:\/\/www.iucn.org\/sites\/dev\/files\/content\/documents\/towards_nature-based_solutions_in_the_mediterranean.pdf<br \/>\nA Uni\u00e3o EUropeia tamb\u00e9m est\u00e1 envolvida nesta \u00e1rea e pretende converter-se em pioneira de NbS (EU Green Deal)<\/p>\n<p>&nbsp;<\/p>\n<\/div>\n<\/div><\/div><\/div><\/div><\/div><\/div><\/div>","protected":false},"excerpt":{"rendered":"<p>Os lagos de banho e as piscinas naturais formam parte das solu\u00e7\u00f5es baseadas na natureza, conhecidas internacionalmetne como \u201cnature based solutions &#8211; [&hellip;]<\/p>\n","protected":false},"author":1,"featured_media":0,"parent":0,"menu_order":0,"comment_status":"closed","ping_status":"closed","template":"","meta":{"footnotes":""},"class_list":["post-6361","page","type-page","status-publish","hentry"],"yoast_head":"<!-- This site is optimized with the Yoast SEO plugin v27.4 - https:\/\/yoast.com\/product\/yoast-seo-wordpress\/ -->\n<title>NBS - GIABN<\/title>\n<meta name=\"robots\" content=\"index, follow, max-snippet:-1, max-image-preview:large, max-video-preview:-1\" \/>\n<link rel=\"canonical\" href=\"https:\/\/giabn.com\/nbs\/\" \/>\n<meta name=\"twitter:card\" content=\"summary_large_image\" \/>\n<meta name=\"twitter:title\" content=\"NBS - GIABN\" \/>\n<meta name=\"twitter:description\" content=\"Os lagos de banho e as piscinas naturais formam parte das solu\u00e7\u00f5es baseadas na natureza, conhecidas internacionalmetne como \u201cnature based solutions - [&hellip;]\" \/>\n<meta name=\"twitter:label1\" content=\"Tempo estimado de leitura\" \/>\n\t<meta name=\"twitter:data1\" content=\"5 minutos\" \/>\n<script type=\"application\/ld+json\" class=\"yoast-schema-graph\">{\"@context\":\"https:\\\/\\\/schema.org\",\"@graph\":[{\"@type\":\"WebPage\",\"@id\":\"https:\\\/\\\/giabn.com\\\/nbs\\\/\",\"url\":\"https:\\\/\\\/giabn.com\\\/nbs\\\/\",\"name\":\"NBS - GIABN\",\"isPartOf\":{\"@id\":\"https:\\\/\\\/giabn.com\\\/ca\\\/#website\"},\"datePublished\":\"2024-01-17T17:51:30+00:00\",\"dateModified\":\"2024-01-23T10:54:17+00:00\",\"breadcrumb\":{\"@id\":\"https:\\\/\\\/giabn.com\\\/nbs\\\/#breadcrumb\"},\"inLanguage\":\"pt-PT\",\"potentialAction\":[{\"@type\":\"ReadAction\",\"target\":[\"https:\\\/\\\/giabn.com\\\/nbs\\\/\"]}]},{\"@type\":\"BreadcrumbList\",\"@id\":\"https:\\\/\\\/giabn.com\\\/nbs\\\/#breadcrumb\",\"itemListElement\":[{\"@type\":\"ListItem\",\"position\":1,\"name\":\"Home\",\"item\":\"https:\\\/\\\/giabn.com\\\/\"},{\"@type\":\"ListItem\",\"position\":2,\"name\":\"NBS\"}]},{\"@type\":\"WebSite\",\"@id\":\"https:\\\/\\\/giabn.com\\\/ca\\\/#website\",\"url\":\"https:\\\/\\\/giabn.com\\\/ca\\\/\",\"name\":\"GIABN\",\"description\":\"Grupo Ib&eacute;rico de Aguas de Ba\u00f1o Naturalizadas GIABN\",\"publisher\":{\"@id\":\"https:\\\/\\\/giabn.com\\\/ca\\\/#organization\"},\"potentialAction\":[{\"@type\":\"SearchAction\",\"target\":{\"@type\":\"EntryPoint\",\"urlTemplate\":\"https:\\\/\\\/giabn.com\\\/ca\\\/?s={search_term_string}\"},\"query-input\":{\"@type\":\"PropertyValueSpecification\",\"valueRequired\":true,\"valueName\":\"search_term_string\"}}],\"inLanguage\":\"pt-PT\"},{\"@type\":\"Organization\",\"@id\":\"https:\\\/\\\/giabn.com\\\/ca\\\/#organization\",\"name\":\"IOB EV\",\"url\":\"https:\\\/\\\/giabn.com\\\/ca\\\/\",\"logo\":{\"@type\":\"ImageObject\",\"inLanguage\":\"pt-PT\",\"@id\":\"https:\\\/\\\/giabn.com\\\/ca\\\/#\\\/schema\\\/logo\\\/image\\\/\",\"url\":\"https:\\\/\\\/giabn.com\\\/wp-content\\\/uploads\\\/2023\\\/01\\\/logo-giabn.png\",\"contentUrl\":\"https:\\\/\\\/giabn.com\\\/wp-content\\\/uploads\\\/2023\\\/01\\\/logo-giabn.png\",\"width\":134,\"height\":101,\"caption\":\"IOB EV\"},\"image\":{\"@id\":\"https:\\\/\\\/giabn.com\\\/ca\\\/#\\\/schema\\\/logo\\\/image\\\/\"}}]}<\/script>\n<!-- \/ Yoast SEO plugin. -->","yoast_head_json":{"title":"NBS - GIABN","robots":{"index":"index","follow":"follow","max-snippet":"max-snippet:-1","max-image-preview":"max-image-preview:large","max-video-preview":"max-video-preview:-1"},"canonical":"https:\/\/giabn.com\/nbs\/","twitter_card":"summary_large_image","twitter_title":"NBS - GIABN","twitter_description":"Os lagos de banho e as piscinas naturais formam parte das solu\u00e7\u00f5es baseadas na natureza, conhecidas internacionalmetne como \u201cnature based solutions - [&hellip;]","twitter_misc":{"Tempo estimado de leitura":"5 minutos"},"schema":{"@context":"https:\/\/schema.org","@graph":[{"@type":"WebPage","@id":"https:\/\/giabn.com\/nbs\/","url":"https:\/\/giabn.com\/nbs\/","name":"NBS - GIABN","isPartOf":{"@id":"https:\/\/giabn.com\/ca\/#website"},"datePublished":"2024-01-17T17:51:30+00:00","dateModified":"2024-01-23T10:54:17+00:00","breadcrumb":{"@id":"https:\/\/giabn.com\/nbs\/#breadcrumb"},"inLanguage":"pt-PT","potentialAction":[{"@type":"ReadAction","target":["https:\/\/giabn.com\/nbs\/"]}]},{"@type":"BreadcrumbList","@id":"https:\/\/giabn.com\/nbs\/#breadcrumb","itemListElement":[{"@type":"ListItem","position":1,"name":"Home","item":"https:\/\/giabn.com\/"},{"@type":"ListItem","position":2,"name":"NBS"}]},{"@type":"WebSite","@id":"https:\/\/giabn.com\/ca\/#website","url":"https:\/\/giabn.com\/ca\/","name":"GIABN","description":"Grupo Ib&eacute;rico de Aguas de Ba\u00f1o Naturalizadas GIABN","publisher":{"@id":"https:\/\/giabn.com\/ca\/#organization"},"potentialAction":[{"@type":"SearchAction","target":{"@type":"EntryPoint","urlTemplate":"https:\/\/giabn.com\/ca\/?s={search_term_string}"},"query-input":{"@type":"PropertyValueSpecification","valueRequired":true,"valueName":"search_term_string"}}],"inLanguage":"pt-PT"},{"@type":"Organization","@id":"https:\/\/giabn.com\/ca\/#organization","name":"IOB EV","url":"https:\/\/giabn.com\/ca\/","logo":{"@type":"ImageObject","inLanguage":"pt-PT","@id":"https:\/\/giabn.com\/ca\/#\/schema\/logo\/image\/","url":"https:\/\/giabn.com\/wp-content\/uploads\/2023\/01\/logo-giabn.png","contentUrl":"https:\/\/giabn.com\/wp-content\/uploads\/2023\/01\/logo-giabn.png","width":134,"height":101,"caption":"IOB EV"},"image":{"@id":"https:\/\/giabn.com\/ca\/#\/schema\/logo\/image\/"}}]}},"_links":{"self":[{"href":"https:\/\/giabn.com\/pt\/wp-json\/wp\/v2\/pages\/6361","targetHints":{"allow":["GET"]}}],"collection":[{"href":"https:\/\/giabn.com\/pt\/wp-json\/wp\/v2\/pages"}],"about":[{"href":"https:\/\/giabn.com\/pt\/wp-json\/wp\/v2\/types\/page"}],"author":[{"embeddable":true,"href":"https:\/\/giabn.com\/pt\/wp-json\/wp\/v2\/users\/1"}],"replies":[{"embeddable":true,"href":"https:\/\/giabn.com\/pt\/wp-json\/wp\/v2\/comments?post=6361"}],"version-history":[{"count":0,"href":"https:\/\/giabn.com\/pt\/wp-json\/wp\/v2\/pages\/6361\/revisions"}],"wp:attachment":[{"href":"https:\/\/giabn.com\/pt\/wp-json\/wp\/v2\/media?parent=6361"}],"curies":[{"name":"wp","href":"https:\/\/api.w.org\/{rel}","templated":true}]}}