{"id":6356,"date":"2024-01-17T18:47:31","date_gmt":"2024-01-17T17:47:31","guid":{"rendered":"https:\/\/giabn.com\/?page_id=6356"},"modified":"2024-01-23T11:51:13","modified_gmt":"2024-01-23T10:51:13","slug":"depuracao-biologica","status":"publish","type":"page","link":"https:\/\/giabn.com\/pt\/depuracao-biologica\/","title":{"rendered":"Depura\u00e7\u00e3o biol\u00f2gica"},"content":{"rendered":"<div id=\"pl-6356\"  class=\"panel-layout\" ><div id=\"pg-6356-0\"  class=\"panel-grid panel-has-style\" ><div style=\"padding: 100px 0; \" data-overlay=\"true\" class=\"panel-row-style panel-row-style-for-6356-0\" ><div id=\"pgc-6356-0-0\"  class=\"panel-grid-cell\" ><div id=\"panel-6356-0-0-0\" class=\"so-panel widget widget_sow-editor panel-first-child panel-last-child\" data-index=\"0\" ><div style=\"text-align: left;\" data-title-color=\"#443f3f\" data-headings-color=\"#443f3f\" class=\"panel-widget-style panel-widget-style-for-6356-0-0-0\" ><div\n\t\t\t\n\t\t\tclass=\"so-widget-sow-editor so-widget-sow-editor-base\"\n\t\t\t\n\t\t>\n<div class=\"siteorigin-widget-tinymce textwidget\">\n\t<p>O tratamento da \u00e1gua \u00e9 puramente biol\u00f3gico-mec\u00e2nico baseado no modelo da natureza.<br \/>\nA pir\u00e2mide aliment\u00edcia no banho com tratamento biol\u00f3gico da \u00e1gua. ???<br \/>\nA qualidade da \u00e1gua deve-se conseguir atrav\u00e9s da correcta gest\u00e3o de nutrientes com o objectivo de alcan\u00e7ar o n\u00edvel tr\u00f3fico desejado, utilizando a cadeia alimentar natural.<br \/>\nA grande base da pir\u00e2mide alimentar est\u00e1 formada por protozo\u00e1rios tais como bact\u00e9rias, algas e fungos. Onde a \u00e1gua natural e a luz se encontram, pequenas algas crescem rapidamente. Estas extraem os nutrientes da \u00e1gua e utilizam-nos para criar biomassa e produzir oxig\u00eanio, a base de muitos outros processos de limpeza.<\/p>\n<p>O zoopl\u00e2ncton \u00e9 o seguinte patamar na cadeia alimentar. S\u00e3o principalmente pequenos crust\u00e1ceos que constantemente filtram e comem as algas e bact\u00e9rias da \u00e1gua. S\u00e3o, portanto, elementos essenciais no \"desempenho da higiene\", na elimina\u00e7\u00e3o de germes patog\u00eanicos. A maioria dos pat\u00f3genos potenciais n\u00e3o surgem na \u00e1gua, s\u00e3o bact\u00e9rias intestinais que trazem os pr\u00f3prios usu\u00e1rios ou os vertebrados. Em \u00e1guas ricas em oxig\u00eanio de uma lagoa de nado, as bact\u00e9rias intestinais n\u00e3o se podem reproduzir e rapidamente s\u00e3o pelo zoopl\u00e2ncton.<\/p>\n<p>As larvas de mosquito tamb\u00e9m comem pl\u00e2ncton e detritos (mat\u00e9ria org\u00e2nica em decomposi\u00e7\u00e3o). Respiram ar na superf\u00edcie e, portanto, podem tamb\u00e9m prosperar em \u00e1guas livres de oxig\u00eanio e fertilizadas em excesso. Por\u00e9m, s\u00e3o presas f\u00e1ceis para todos os predadores e s\u00e3o imediatamente devorados em \u00e1guas pobres em nutrientes com uma biologia estabelecida. Portanto, n\u00e3o est\u00e3o presentes em lagos de nado e piscinas naturais constantemente utilizadas. No entanto, estes podem-se multiplicar rapidamente em pequenas lagoas e em pratos de vasos de flores que estejam perto.<\/p>\n<p>Ao mesmo tempo, o zoopl\u00e2ncton \u00e9 devorado por insetos e pelas suas larvas, assim como por exemplo, larvas de trit\u00e3o e pequenos peixes. Os peixes pequenos que se multiplicam rapidamente sem outros predadores (por exemplo, a gambusia invasora) podem dizimar o zoopl\u00e2ncton at\u00e9 tal ponto que falhe como regulador natural do fitopl\u00e2ncton. Isto conduz a uma forte prolifera\u00e7\u00e3o de algas e \u00e1gua verde. Por estas mesmas raz\u00f5es, n\u00e3o se utilizam peixes em lagos de nado ou em piscinas naturais.<\/p>\n<p>As plantas subaqu\u00e1ticas competem naturalmente com as algas e desempenham um papel destacado na fixa\u00e7\u00e3o do f\u00f3sforo. Em condi\u00e7\u00f5es favor\u00e1veis, as plantas dominam e impedem o forte crescimento de algas; em condi\u00e7\u00f5es desfavor\u00e1veis, dominam as algas. Por\u00e9m, as plantas subaqu\u00e1ticas requerem um certo n\u00edvel de nutrientes entre o rango mesotr\u00f3fico e oligotr\u00f3fico, raz\u00e3o pela qual se utilizam em lagos de nado de categoria 1-3.<br \/>\n**CREO QUE FALTARIA UNA DEFINICION DE LAS DISTINTAS CATEGORIAS DE PISCINAS<\/p>\n<p>Se a transpar\u00eancia\/ cristalinidade \u00f3ptima da \u00e1gua (piscina natural, categoria 4-5) \u00e9 o objetivo do planejamento, utilizam-se filtros biol\u00f3gicos r\u00e1pidos. O biofilme, uma colorida comunidade de microorganismos que assumem o papel de zoopl\u00e2ncton e plantas aqu\u00e1ticas, cresce em superf\u00edcies expostas a fortes correntes. O biofilme filtra as algas e as bact\u00e9rias da \u00e1gua e fixa os nutrientes. Os filtros devem estar equipados com um dispositivo de limpeza para poder recolher o biofilme e assim retirar os nutrientes armazenados do sistema fechado da piscina natural.<\/p>\n<p>As folhas e o p\u00f3len transportados pelo vento, assim como os organismos mortos, caem at\u00e9 fundo, formando assim uma camada de sedimentos org\u00e2nicos. Isto \u00e9 decomposto e mineralizado por outras pequenas criaturas, pelo que os nutrientes acumulados se liberam de novo e regressam ao ciclo da \u00e1gua. Aspirando os sedimentos, que s\u00e3o utilizados como fertilizantes naturais nos leitos, retiram-se do ciclo grandes quantidades de nutrientes.<\/p><\/p>\n<\/div>\n<\/div><\/div><\/div><\/div><\/div><\/div><\/div>","protected":false},"excerpt":{"rendered":"<p>O tratamento da \u00e1gua \u00e9 puramente biol\u00f3gico-mec\u00e2nico baseado no modelo da natureza. A pir\u00e2mide aliment\u00edcia no banho com tratamento biol\u00f3gico da \u00e1gua. [&hellip;]<\/p>\n","protected":false},"author":1,"featured_media":0,"parent":0,"menu_order":0,"comment_status":"closed","ping_status":"closed","template":"","meta":{"footnotes":""},"class_list":["post-6356","page","type-page","status-publish","hentry"],"yoast_head":"<!-- This site is optimized with the Yoast SEO plugin v27.4 - https:\/\/yoast.com\/product\/yoast-seo-wordpress\/ -->\n<title>Depura\u00e7\u00e3o biol\u00f2gica - GIABN<\/title>\n<meta name=\"robots\" content=\"index, follow, max-snippet:-1, max-image-preview:large, max-video-preview:-1\" \/>\n<link rel=\"canonical\" href=\"https:\/\/giabn.com\/depuracao-biologica\/\" \/>\n<meta name=\"twitter:card\" content=\"summary_large_image\" \/>\n<meta name=\"twitter:title\" content=\"[:en]Biological purification[:pt]Depura\u00e7\u00e3o biol\u00f2gica[:ca]Depuraci\u00f3 biol\u00f2gica[:es]Purificaci\u00f3n biol\u00f3gica[:] - GIABN\" \/>\n<meta name=\"twitter:description\" content=\"O tratamento da \u00e1gua \u00e9 puramente biol\u00f3gico-mec\u00e2nico baseado no modelo da natureza. A pir\u00e2mide aliment\u00edcia no banho com tratamento biol\u00f3gico da \u00e1gua. [&hellip;]\" \/>\n<meta name=\"twitter:label1\" content=\"Tempo estimado de leitura\" \/>\n\t<meta name=\"twitter:data1\" content=\"12 minutos\" \/>\n<script type=\"application\/ld+json\" class=\"yoast-schema-graph\">{\"@context\":\"https:\\\/\\\/schema.org\",\"@graph\":[{\"@type\":\"WebPage\",\"@id\":\"https:\\\/\\\/giabn.com\\\/depuracao-biologica\\\/\",\"url\":\"https:\\\/\\\/giabn.com\\\/depuracao-biologica\\\/\",\"name\":\"[:en]Biological purification[:pt]Depura\u00e7\u00e3o biol\u00f2gica[:ca]Depuraci\u00f3 biol\u00f2gica[:es]Purificaci\u00f3n biol\u00f3gica[:] - GIABN\",\"isPartOf\":{\"@id\":\"https:\\\/\\\/giabn.com\\\/ca\\\/#website\"},\"datePublished\":\"2024-01-17T17:47:31+00:00\",\"dateModified\":\"2024-01-23T10:51:13+00:00\",\"breadcrumb\":{\"@id\":\"https:\\\/\\\/giabn.com\\\/depuracao-biologica\\\/#breadcrumb\"},\"inLanguage\":\"pt-PT\",\"potentialAction\":[{\"@type\":\"ReadAction\",\"target\":[\"https:\\\/\\\/giabn.com\\\/depuracao-biologica\\\/\"]}]},{\"@type\":\"BreadcrumbList\",\"@id\":\"https:\\\/\\\/giabn.com\\\/depuracao-biologica\\\/#breadcrumb\",\"itemListElement\":[{\"@type\":\"ListItem\",\"position\":1,\"name\":\"Home\",\"item\":\"https:\\\/\\\/giabn.com\\\/\"},{\"@type\":\"ListItem\",\"position\":2,\"name\":\"Purificaci\u00f3n biol\u00f3gica\"}]},{\"@type\":\"WebSite\",\"@id\":\"https:\\\/\\\/giabn.com\\\/ca\\\/#website\",\"url\":\"https:\\\/\\\/giabn.com\\\/ca\\\/\",\"name\":\"GIABN\",\"description\":\"Grupo Ib&eacute;rico de Aguas de Ba\u00f1o Naturalizadas GIABN\",\"publisher\":{\"@id\":\"https:\\\/\\\/giabn.com\\\/ca\\\/#organization\"},\"potentialAction\":[{\"@type\":\"SearchAction\",\"target\":{\"@type\":\"EntryPoint\",\"urlTemplate\":\"https:\\\/\\\/giabn.com\\\/ca\\\/?s={search_term_string}\"},\"query-input\":{\"@type\":\"PropertyValueSpecification\",\"valueRequired\":true,\"valueName\":\"search_term_string\"}}],\"inLanguage\":\"pt-PT\"},{\"@type\":\"Organization\",\"@id\":\"https:\\\/\\\/giabn.com\\\/ca\\\/#organization\",\"name\":\"IOB EV\",\"url\":\"https:\\\/\\\/giabn.com\\\/ca\\\/\",\"logo\":{\"@type\":\"ImageObject\",\"inLanguage\":\"pt-PT\",\"@id\":\"https:\\\/\\\/giabn.com\\\/ca\\\/#\\\/schema\\\/logo\\\/image\\\/\",\"url\":\"https:\\\/\\\/giabn.com\\\/wp-content\\\/uploads\\\/2023\\\/01\\\/logo-giabn.png\",\"contentUrl\":\"https:\\\/\\\/giabn.com\\\/wp-content\\\/uploads\\\/2023\\\/01\\\/logo-giabn.png\",\"width\":134,\"height\":101,\"caption\":\"IOB EV\"},\"image\":{\"@id\":\"https:\\\/\\\/giabn.com\\\/ca\\\/#\\\/schema\\\/logo\\\/image\\\/\"}}]}<\/script>\n<!-- \/ Yoast SEO plugin. -->","yoast_head_json":{"title":"[:en]Biological purification[:pt]Depura\u00e7\u00e3o biol\u00f2gica[:ca]Depuraci\u00f3 biol\u00f2gica[:es]Purificaci\u00f3n biol\u00f3gica[:] - GIABN","robots":{"index":"index","follow":"follow","max-snippet":"max-snippet:-1","max-image-preview":"max-image-preview:large","max-video-preview":"max-video-preview:-1"},"canonical":"https:\/\/giabn.com\/depuracao-biologica\/","twitter_card":"summary_large_image","twitter_title":"[:en]Biological purification[:pt]Depura\u00e7\u00e3o biol\u00f2gica[:ca]Depuraci\u00f3 biol\u00f2gica[:es]Purificaci\u00f3n biol\u00f3gica[:] - GIABN","twitter_description":"O tratamento da \u00e1gua \u00e9 puramente biol\u00f3gico-mec\u00e2nico baseado no modelo da natureza. A pir\u00e2mide aliment\u00edcia no banho com tratamento biol\u00f3gico da \u00e1gua. [&hellip;]","twitter_misc":{"Tempo estimado de leitura":"12 minutos"},"schema":{"@context":"https:\/\/schema.org","@graph":[{"@type":"WebPage","@id":"https:\/\/giabn.com\/depuracao-biologica\/","url":"https:\/\/giabn.com\/depuracao-biologica\/","name":"[:en]Biological purification[:pt]Depura\u00e7\u00e3o biol\u00f2gica[:ca]Depuraci\u00f3 biol\u00f2gica[:es]Purificaci\u00f3n biol\u00f3gica[:] - GIABN","isPartOf":{"@id":"https:\/\/giabn.com\/ca\/#website"},"datePublished":"2024-01-17T17:47:31+00:00","dateModified":"2024-01-23T10:51:13+00:00","breadcrumb":{"@id":"https:\/\/giabn.com\/depuracao-biologica\/#breadcrumb"},"inLanguage":"pt-PT","potentialAction":[{"@type":"ReadAction","target":["https:\/\/giabn.com\/depuracao-biologica\/"]}]},{"@type":"BreadcrumbList","@id":"https:\/\/giabn.com\/depuracao-biologica\/#breadcrumb","itemListElement":[{"@type":"ListItem","position":1,"name":"Home","item":"https:\/\/giabn.com\/"},{"@type":"ListItem","position":2,"name":"Purificaci\u00f3n biol\u00f3gica"}]},{"@type":"WebSite","@id":"https:\/\/giabn.com\/ca\/#website","url":"https:\/\/giabn.com\/ca\/","name":"GIABN","description":"Grupo Ib&eacute;rico de Aguas de Ba\u00f1o Naturalizadas GIABN","publisher":{"@id":"https:\/\/giabn.com\/ca\/#organization"},"potentialAction":[{"@type":"SearchAction","target":{"@type":"EntryPoint","urlTemplate":"https:\/\/giabn.com\/ca\/?s={search_term_string}"},"query-input":{"@type":"PropertyValueSpecification","valueRequired":true,"valueName":"search_term_string"}}],"inLanguage":"pt-PT"},{"@type":"Organization","@id":"https:\/\/giabn.com\/ca\/#organization","name":"IOB EV","url":"https:\/\/giabn.com\/ca\/","logo":{"@type":"ImageObject","inLanguage":"pt-PT","@id":"https:\/\/giabn.com\/ca\/#\/schema\/logo\/image\/","url":"https:\/\/giabn.com\/wp-content\/uploads\/2023\/01\/logo-giabn.png","contentUrl":"https:\/\/giabn.com\/wp-content\/uploads\/2023\/01\/logo-giabn.png","width":134,"height":101,"caption":"IOB EV"},"image":{"@id":"https:\/\/giabn.com\/ca\/#\/schema\/logo\/image\/"}}]}},"_links":{"self":[{"href":"https:\/\/giabn.com\/pt\/wp-json\/wp\/v2\/pages\/6356","targetHints":{"allow":["GET"]}}],"collection":[{"href":"https:\/\/giabn.com\/pt\/wp-json\/wp\/v2\/pages"}],"about":[{"href":"https:\/\/giabn.com\/pt\/wp-json\/wp\/v2\/types\/page"}],"author":[{"embeddable":true,"href":"https:\/\/giabn.com\/pt\/wp-json\/wp\/v2\/users\/1"}],"replies":[{"embeddable":true,"href":"https:\/\/giabn.com\/pt\/wp-json\/wp\/v2\/comments?post=6356"}],"version-history":[{"count":0,"href":"https:\/\/giabn.com\/pt\/wp-json\/wp\/v2\/pages\/6356\/revisions"}],"wp:attachment":[{"href":"https:\/\/giabn.com\/pt\/wp-json\/wp\/v2\/media?parent=6356"}],"curies":[{"name":"wp","href":"https:\/\/api.w.org\/{rel}","templated":true}]}}