{"id":6219,"date":"2024-01-16T18:33:08","date_gmt":"2024-01-16T17:33:08","guid":{"rendered":"https:\/\/giabn.com\/?page_id=6219"},"modified":"2024-03-25T12:44:09","modified_gmt":"2024-03-25T11:44:09","slug":"biopiscinas","status":"publish","type":"page","link":"https:\/\/giabn.com\/pt\/biopiscinas\/","title":{"rendered":"LAS BIOPISCINAS"},"content":{"rendered":"<div id=\"pl-6219\"  class=\"panel-layout\" ><div id=\"pg-6219-0\"  class=\"panel-grid panel-has-style\" ><div style=\"padding: 0px 0; \" data-overlay=\"true\" data-overlay-color=\"#000000\" class=\"panel-row-style panel-row-style-for-6219-0\" ><div id=\"pgc-6219-0-0\"  class=\"panel-grid-cell\" ><div id=\"panel-6219-0-0-0\" class=\"so-panel widget widget_sow-editor panel-first-child panel-last-child\" data-index=\"0\" ><div style=\"text-align: left;\" data-title-color=\"#443f3f\" data-headings-color=\"#443f3f\" class=\"panel-widget-style panel-widget-style-for-6219-0-0-0\" ><div\n\t\t\t\n\t\t\tclass=\"so-widget-sow-editor so-widget-sow-editor-base\"\n\t\t\t\n\t\t>\n<div class=\"siteorigin-widget-tinymce textwidget\">\n\t<\/p>\n<p><img decoding=\"async\" class=\"alignleft wp-image-6646 size-medium lazyload\" data-src=\"https:\/\/giabn.com\/wp-content\/uploads\/2024\/03\/BIOPOOL-1_small1-300x286.jpg\" alt=\"\" width=\"300\" height=\"286\" data-srcset=\"https:\/\/giabn.com\/wp-content\/uploads\/2024\/03\/BIOPOOL-1_small1-300x286.jpg 300w, https:\/\/giabn.com\/wp-content\/uploads\/2024\/03\/BIOPOOL-1_small1-230x219.jpg 230w, https:\/\/giabn.com\/wp-content\/uploads\/2024\/03\/BIOPOOL-1_small1-350x334.jpg 350w, https:\/\/giabn.com\/wp-content\/uploads\/2024\/03\/BIOPOOL-1_small1-480x458.jpg 480w, https:\/\/giabn.com\/wp-content\/uploads\/2024\/03\/BIOPOOL-1_small1.jpg 500w\" data-sizes=\"(max-width: 300px) 100vw, 300px\" src=\"data:image\/svg+xml;base64,PHN2ZyB3aWR0aD0iMSIgaGVpZ2h0PSIxIiB4bWxucz0iaHR0cDovL3d3dy53My5vcmcvMjAwMC9zdmciPjwvc3ZnPg==\" style=\"--smush-placeholder-width: 300px; --smush-placeholder-aspect-ratio: 300\/286;\" \/><\/p>\n<p>BIO-PISCINAS<\/p>\n<p>Las bio-piscinas ou piscinas biol\u00f3gicas definem-se pela<i><a href=\"https:\/\/giabn.com\/depuracao-biologica\/\"> depura\u00e7\u00e3o biol\u00f3gica da \u00e1gua<\/a> <\/i>, utilizando apenas meios mec\u00e2nicos e biol\u00f3gicos para tal.<\/p>\n<p>Nelas compiam-se os processos existentes da natureza. Desta maneira, as piscinas biol\u00f3gicas encontram-se entre as chamadas <i><a href=\"https:\/\/giabn.com\/nbs\/\">solu\u00e7\u00f5es baseadas na natureza<\/a>\u00a0 <\/i>que requerem a UICN <i>(<\/i><a href=\"https:\/\/www.iucn.org\/resources\/grey-literature\/towards-nature-based-solutions-mediterranean\" target=\"_blank\" rel=\"noopener\"><i>https:\/\/www.iucn.org\/resources\/grey-literature\/towards-nature-based-solutions-mediterranean<\/i><\/a>) e a UE para um mundo mais sustent\u00e1vel.<\/p>\n<p>Nas piscinas biol\u00f3gicas os potenciais organismos pat\u00f3genos\u00a0 s\u00e3o eliminados pelos seus predadores naturais, e a sua auto-reprodu\u00e7\u00e3o no meio \u00e9 impedida gra\u00e7as a uma \u00e1gua rica em oxig\u00eanio e pobre em nutrientes. A \u00e1gua est\u00e1 viva e saud\u00e1vel.<\/p>\n<p>&nbsp;<\/p>\n<p><img decoding=\"async\" class=\"wp-image-6645 size-medium alignright lazyload\" data-src=\"https:\/\/giabn.com\/wp-content\/uploads\/2024\/03\/LATIFOLIA-4_smaii1-300x191.jpg\" alt=\"\" width=\"300\" height=\"191\" data-srcset=\"https:\/\/giabn.com\/wp-content\/uploads\/2024\/03\/LATIFOLIA-4_smaii1-300x191.jpg 300w, https:\/\/giabn.com\/wp-content\/uploads\/2024\/03\/LATIFOLIA-4_smaii1-230x146.jpg 230w, https:\/\/giabn.com\/wp-content\/uploads\/2024\/03\/LATIFOLIA-4_smaii1-350x223.jpg 350w, https:\/\/giabn.com\/wp-content\/uploads\/2024\/03\/LATIFOLIA-4_smaii1-480x305.jpg 480w, https:\/\/giabn.com\/wp-content\/uploads\/2024\/03\/LATIFOLIA-4_smaii1.jpg 500w\" data-sizes=\"(max-width: 300px) 100vw, 300px\" src=\"data:image\/svg+xml;base64,PHN2ZyB3aWR0aD0iMSIgaGVpZ2h0PSIxIiB4bWxucz0iaHR0cDovL3d3dy53My5vcmcvMjAwMC9zdmciPjwvc3ZnPg==\" style=\"--smush-placeholder-width: 300px; --smush-placeholder-aspect-ratio: 300\/191;\" \/>As piscinas biol\u00f3gicas conseguem assim, atrav\u00e9s da bio-depura\u00e7\u00e3o, uma \u00e1gua saud\u00e1vel de maneira contr\u00e1ria \u00e0 desinfe\u00e7\u00e3o que se consegue com t\u00e9cnicas e produtos qu\u00edmicos que matam a vida.<\/p>\n<p>\u201cPiscinas naturais\u201d, \u201cpiscinas naturalizadas\u201d, \u201cpiscinas ecol\u00f3gicas\u201d, \u201cLago de banho\u201d, \u201cLago de nado\u201d, \u201ceco-charco\u201d\u2026 Todas estas denomina\u00e7\u00f5es utilizam-se\u00a0 indistintamente para \u00e1guas de banho creadas com depura\u00e7\u00e3o biol\u00f3gica de \u00e1gua. Tamb\u00e9m alguns destes termos foram utilizados tradicionalmente para \u00e1reas de banho no mar, lago ou rio (\u201cpiscina natural\u201d). N\u00e3o obstante algumas empresas utilizam estes nomes para lagoas\/piscinas aparentemente naturais, utilizando formas de desinfe\u00e7\u00e3o agressivas que matam a vida e que por tanto n\u00e3o respondem aos princ\u00edpios de uma piscina biol\u00f3gica ou natural. -Ver: <i><a href=\"https:\/\/giabn.com\/desinfeccao-quimica\/\">\u201cpiscinas ecol\u00f3gicas\u201d ou piscinas h\u00edbridas<\/a>\u00a0<\/i> <img decoding=\"async\" class=\"wp-image-6642 size-medium alignleft lazyload\" data-src=\"https:\/\/giabn.com\/wp-content\/uploads\/2024\/03\/SHB_PORTUGAL_small-300x200.jpg\" alt=\"\" width=\"300\" height=\"200\" data-srcset=\"https:\/\/giabn.com\/wp-content\/uploads\/2024\/03\/SHB_PORTUGAL_small-300x200.jpg 300w, https:\/\/giabn.com\/wp-content\/uploads\/2024\/03\/SHB_PORTUGAL_small-1024x682.jpg 1024w, https:\/\/giabn.com\/wp-content\/uploads\/2024\/03\/SHB_PORTUGAL_small-768x512.jpg 768w, https:\/\/giabn.com\/wp-content\/uploads\/2024\/03\/SHB_PORTUGAL_small-1536x1023.jpg 1536w, https:\/\/giabn.com\/wp-content\/uploads\/2024\/03\/SHB_PORTUGAL_small-1000x666.jpg 1000w, https:\/\/giabn.com\/wp-content\/uploads\/2024\/03\/SHB_PORTUGAL_small-230x153.jpg 230w, https:\/\/giabn.com\/wp-content\/uploads\/2024\/03\/SHB_PORTUGAL_small-350x233.jpg 350w, https:\/\/giabn.com\/wp-content\/uploads\/2024\/03\/SHB_PORTUGAL_small-480x320.jpg 480w, https:\/\/giabn.com\/wp-content\/uploads\/2024\/03\/SHB_PORTUGAL_small-272x182.jpg 272w, https:\/\/giabn.com\/wp-content\/uploads\/2024\/03\/SHB_PORTUGAL_small.jpg 1600w\" data-sizes=\"(max-width: 300px) 100vw, 300px\" src=\"data:image\/svg+xml;base64,PHN2ZyB3aWR0aD0iMSIgaGVpZ2h0PSIxIiB4bWxucz0iaHR0cDovL3d3dy53My5vcmcvMjAwMC9zdmciPjwvc3ZnPg==\" style=\"--smush-placeholder-width: 300px; --smush-placeholder-aspect-ratio: 300\/200;\" \/><\/p>\n<p>Para definir as boas pr\u00e1ticas no design e constru\u00e7\u00e3o das piscinas biol\u00f3gicas, desde a IOB criou-se uma lista de princ\u00edpios essenciais b\u00e1sicos. <i><a href=\"https:\/\/giabn.com\/common-essentials\/\">Common essentials<\/a> .<br \/>\n<\/i><\/p>\n<p>Atualmente em Espanha as piscinas biol\u00f3gicas de uso p\u00fablico n\u00e3o est\u00e3o autorizadas devido \u00e0 falta de legisla\u00e7\u00e3o\u00a0 adequada.\u00a0 Por isso o Grupo Ib\u00e9rico desenvolveu as\u00a0 <i>Diretrizes do GIABN (*5) <\/i>em conson\u00e2ncia com as normas t\u00e9cnicas da IOB baseadas na experi\u00eancia dos principais pa\u00edses europeus com larga tradi\u00e7\u00e3o em piscinas p\u00fablicas naturais.<\/p>\n<p>Desde finais dos\u00a0 anos 80 at\u00e9 a atualidade, foram constru\u00eddas em Europa centenas de piscinas de uso p\u00fablico. S\u00f3 na Alemanha, contam-se mais de 400. Muitas delas com capacidade para centenas de pessoas di\u00e1rias. <i><a href=\"https:\/\/giabn.com\/piscinas-biologicas-no-mundo\/\">Piscinas biol\u00f3gicas no mundo. Situa\u00e7\u00e3o internacional<\/a> <\/i><\/p>\n<\/div>\n<\/div><\/div><\/div><\/div><\/div><\/div><\/div>","protected":false},"excerpt":{"rendered":"<p>BIO-PISCINAS Las bio-piscinas ou piscinas biol\u00f3gicas definem-se pela depura\u00e7\u00e3o biol\u00f3gica da \u00e1gua , utilizando apenas meios mec\u00e2nicos e biol\u00f3gicos para tal. Nelas [&hellip;]<\/p>\n","protected":false},"author":1,"featured_media":0,"parent":0,"menu_order":0,"comment_status":"closed","ping_status":"closed","template":"","meta":{"footnotes":""},"class_list":["post-6219","page","type-page","status-publish","hentry"],"yoast_head":"<!-- This site is optimized with the Yoast SEO plugin v27.4 - https:\/\/yoast.com\/product\/yoast-seo-wordpress\/ -->\n<title>LAS BIOPISCINAS - GIABN<\/title>\n<meta name=\"robots\" content=\"index, follow, max-snippet:-1, max-image-preview:large, max-video-preview:-1\" \/>\n<link rel=\"canonical\" href=\"https:\/\/giabn.com\/en\/biopiscinas\/\" \/>\n<meta name=\"twitter:card\" content=\"summary_large_image\" \/>\n<meta name=\"twitter:title\" content=\"[:en]BIOPOOLS[:pt]LAS BIOPISCINAS[:ca]LAS BIOPISCINAS[:es]LAS BIOPISCINAS[:] - GIABN\" \/>\n<meta name=\"twitter:description\" content=\"BIO-PISCINAS Las bio-piscinas ou piscinas biol\u00f3gicas definem-se pela depura\u00e7\u00e3o biol\u00f3gica da \u00e1gua , utilizando apenas meios mec\u00e2nicos e biol\u00f3gicos para tal. Nelas [&hellip;]\" \/>\n<meta name=\"twitter:image\" content=\"https:\/\/giabn.com\/wp-content\/uploads\/2024\/03\/BIOPOOL-1_small1-300x286.jpg\" \/>\n<meta name=\"twitter:label1\" content=\"Tempo estimado de leitura\" \/>\n\t<meta name=\"twitter:data1\" content=\"8 minutos\" \/>\n<script type=\"application\/ld+json\" class=\"yoast-schema-graph\">{\"@context\":\"https:\\\/\\\/schema.org\",\"@graph\":[{\"@type\":\"WebPage\",\"@id\":\"https:\\\/\\\/giabn.com\\\/en\\\/biopiscinas\\\/\",\"url\":\"https:\\\/\\\/giabn.com\\\/en\\\/biopiscinas\\\/\",\"name\":\"[:en]BIOPOOLS[:pt]LAS BIOPISCINAS[:ca]LAS BIOPISCINAS[:es]LAS BIOPISCINAS[:] - GIABN\",\"isPartOf\":{\"@id\":\"https:\\\/\\\/giabn.com\\\/ca\\\/#website\"},\"primaryImageOfPage\":{\"@id\":\"https:\\\/\\\/giabn.com\\\/en\\\/biopiscinas\\\/#primaryimage\"},\"image\":{\"@id\":\"https:\\\/\\\/giabn.com\\\/en\\\/biopiscinas\\\/#primaryimage\"},\"thumbnailUrl\":\"https:\\\/\\\/giabn.com\\\/wp-content\\\/uploads\\\/2024\\\/03\\\/BIOPOOL-1_small1-300x286.jpg\",\"datePublished\":\"2024-01-16T17:33:08+00:00\",\"dateModified\":\"2024-03-25T11:44:09+00:00\",\"breadcrumb\":{\"@id\":\"https:\\\/\\\/giabn.com\\\/en\\\/biopiscinas\\\/#breadcrumb\"},\"inLanguage\":\"pt-PT\",\"potentialAction\":[{\"@type\":\"ReadAction\",\"target\":[\"https:\\\/\\\/giabn.com\\\/en\\\/biopiscinas\\\/\"]}]},{\"@type\":\"ImageObject\",\"inLanguage\":\"pt-PT\",\"@id\":\"https:\\\/\\\/giabn.com\\\/en\\\/biopiscinas\\\/#primaryimage\",\"url\":\"https:\\\/\\\/giabn.com\\\/wp-content\\\/uploads\\\/2024\\\/03\\\/BIOPOOL-1_small1-300x286.jpg\",\"contentUrl\":\"https:\\\/\\\/giabn.com\\\/wp-content\\\/uploads\\\/2024\\\/03\\\/BIOPOOL-1_small1-300x286.jpg\"},{\"@type\":\"BreadcrumbList\",\"@id\":\"https:\\\/\\\/giabn.com\\\/en\\\/biopiscinas\\\/#breadcrumb\",\"itemListElement\":[{\"@type\":\"ListItem\",\"position\":1,\"name\":\"Home\",\"item\":\"https:\\\/\\\/giabn.com\\\/\"},{\"@type\":\"ListItem\",\"position\":2,\"name\":\"BIOPOOLS\"}]},{\"@type\":\"WebSite\",\"@id\":\"https:\\\/\\\/giabn.com\\\/ca\\\/#website\",\"url\":\"https:\\\/\\\/giabn.com\\\/ca\\\/\",\"name\":\"GIABN\",\"description\":\"Grupo Ib&eacute;rico de Aguas de Ba\u00f1o Naturalizadas GIABN\",\"publisher\":{\"@id\":\"https:\\\/\\\/giabn.com\\\/ca\\\/#organization\"},\"potentialAction\":[{\"@type\":\"SearchAction\",\"target\":{\"@type\":\"EntryPoint\",\"urlTemplate\":\"https:\\\/\\\/giabn.com\\\/ca\\\/?s={search_term_string}\"},\"query-input\":{\"@type\":\"PropertyValueSpecification\",\"valueRequired\":true,\"valueName\":\"search_term_string\"}}],\"inLanguage\":\"pt-PT\"},{\"@type\":\"Organization\",\"@id\":\"https:\\\/\\\/giabn.com\\\/ca\\\/#organization\",\"name\":\"IOB EV\",\"url\":\"https:\\\/\\\/giabn.com\\\/ca\\\/\",\"logo\":{\"@type\":\"ImageObject\",\"inLanguage\":\"pt-PT\",\"@id\":\"https:\\\/\\\/giabn.com\\\/ca\\\/#\\\/schema\\\/logo\\\/image\\\/\",\"url\":\"https:\\\/\\\/giabn.com\\\/wp-content\\\/uploads\\\/2023\\\/01\\\/logo-giabn.png\",\"contentUrl\":\"https:\\\/\\\/giabn.com\\\/wp-content\\\/uploads\\\/2023\\\/01\\\/logo-giabn.png\",\"width\":134,\"height\":101,\"caption\":\"IOB EV\"},\"image\":{\"@id\":\"https:\\\/\\\/giabn.com\\\/ca\\\/#\\\/schema\\\/logo\\\/image\\\/\"}}]}<\/script>\n<!-- \/ Yoast SEO plugin. -->","yoast_head_json":{"title":"[:en]BIOPOOLS[:pt]LAS BIOPISCINAS[:ca]LAS BIOPISCINAS[:es]LAS BIOPISCINAS[:] - GIABN","robots":{"index":"index","follow":"follow","max-snippet":"max-snippet:-1","max-image-preview":"max-image-preview:large","max-video-preview":"max-video-preview:-1"},"canonical":"https:\/\/giabn.com\/en\/biopiscinas\/","twitter_card":"summary_large_image","twitter_title":"[:en]BIOPOOLS[:pt]LAS BIOPISCINAS[:ca]LAS BIOPISCINAS[:es]LAS BIOPISCINAS[:] - GIABN","twitter_description":"BIO-PISCINAS Las bio-piscinas ou piscinas biol\u00f3gicas definem-se pela depura\u00e7\u00e3o biol\u00f3gica da \u00e1gua , utilizando apenas meios mec\u00e2nicos e biol\u00f3gicos para tal. Nelas [&hellip;]","twitter_image":"https:\/\/giabn.com\/wp-content\/uploads\/2024\/03\/BIOPOOL-1_small1-300x286.jpg","twitter_misc":{"Tempo estimado de leitura":"8 minutos"},"schema":{"@context":"https:\/\/schema.org","@graph":[{"@type":"WebPage","@id":"https:\/\/giabn.com\/en\/biopiscinas\/","url":"https:\/\/giabn.com\/en\/biopiscinas\/","name":"[:en]BIOPOOLS[:pt]LAS BIOPISCINAS[:ca]LAS BIOPISCINAS[:es]LAS BIOPISCINAS[:] - GIABN","isPartOf":{"@id":"https:\/\/giabn.com\/ca\/#website"},"primaryImageOfPage":{"@id":"https:\/\/giabn.com\/en\/biopiscinas\/#primaryimage"},"image":{"@id":"https:\/\/giabn.com\/en\/biopiscinas\/#primaryimage"},"thumbnailUrl":"https:\/\/giabn.com\/wp-content\/uploads\/2024\/03\/BIOPOOL-1_small1-300x286.jpg","datePublished":"2024-01-16T17:33:08+00:00","dateModified":"2024-03-25T11:44:09+00:00","breadcrumb":{"@id":"https:\/\/giabn.com\/en\/biopiscinas\/#breadcrumb"},"inLanguage":"pt-PT","potentialAction":[{"@type":"ReadAction","target":["https:\/\/giabn.com\/en\/biopiscinas\/"]}]},{"@type":"ImageObject","inLanguage":"pt-PT","@id":"https:\/\/giabn.com\/en\/biopiscinas\/#primaryimage","url":"https:\/\/giabn.com\/wp-content\/uploads\/2024\/03\/BIOPOOL-1_small1-300x286.jpg","contentUrl":"https:\/\/giabn.com\/wp-content\/uploads\/2024\/03\/BIOPOOL-1_small1-300x286.jpg"},{"@type":"BreadcrumbList","@id":"https:\/\/giabn.com\/en\/biopiscinas\/#breadcrumb","itemListElement":[{"@type":"ListItem","position":1,"name":"Home","item":"https:\/\/giabn.com\/"},{"@type":"ListItem","position":2,"name":"BIOPOOLS"}]},{"@type":"WebSite","@id":"https:\/\/giabn.com\/ca\/#website","url":"https:\/\/giabn.com\/ca\/","name":"GIABN","description":"Grupo Ib&eacute;rico de Aguas de Ba\u00f1o Naturalizadas GIABN","publisher":{"@id":"https:\/\/giabn.com\/ca\/#organization"},"potentialAction":[{"@type":"SearchAction","target":{"@type":"EntryPoint","urlTemplate":"https:\/\/giabn.com\/ca\/?s={search_term_string}"},"query-input":{"@type":"PropertyValueSpecification","valueRequired":true,"valueName":"search_term_string"}}],"inLanguage":"pt-PT"},{"@type":"Organization","@id":"https:\/\/giabn.com\/ca\/#organization","name":"IOB EV","url":"https:\/\/giabn.com\/ca\/","logo":{"@type":"ImageObject","inLanguage":"pt-PT","@id":"https:\/\/giabn.com\/ca\/#\/schema\/logo\/image\/","url":"https:\/\/giabn.com\/wp-content\/uploads\/2023\/01\/logo-giabn.png","contentUrl":"https:\/\/giabn.com\/wp-content\/uploads\/2023\/01\/logo-giabn.png","width":134,"height":101,"caption":"IOB EV"},"image":{"@id":"https:\/\/giabn.com\/ca\/#\/schema\/logo\/image\/"}}]}},"_links":{"self":[{"href":"https:\/\/giabn.com\/pt\/wp-json\/wp\/v2\/pages\/6219","targetHints":{"allow":["GET"]}}],"collection":[{"href":"https:\/\/giabn.com\/pt\/wp-json\/wp\/v2\/pages"}],"about":[{"href":"https:\/\/giabn.com\/pt\/wp-json\/wp\/v2\/types\/page"}],"author":[{"embeddable":true,"href":"https:\/\/giabn.com\/pt\/wp-json\/wp\/v2\/users\/1"}],"replies":[{"embeddable":true,"href":"https:\/\/giabn.com\/pt\/wp-json\/wp\/v2\/comments?post=6219"}],"version-history":[{"count":0,"href":"https:\/\/giabn.com\/pt\/wp-json\/wp\/v2\/pages\/6219\/revisions"}],"wp:attachment":[{"href":"https:\/\/giabn.com\/pt\/wp-json\/wp\/v2\/media?parent=6219"}],"curies":[{"name":"wp","href":"https:\/\/api.w.org\/{rel}","templated":true}]}}