{"id":5762,"date":"2023-05-15T18:02:37","date_gmt":"2023-05-15T16:02:37","guid":{"rendered":"https:\/\/giabn.com\/?page_id=5762"},"modified":"2023-05-15T19:04:12","modified_gmt":"2023-05-15T17:04:12","slug":"ficha-de-inscripcion-de-socio","status":"publish","type":"page","link":"https:\/\/giabn.com\/pt\/ficha-de-inscripcion-de-socio\/","title":{"rendered":"Ficha de Inscri\u00e7\u00e3o para s\u00f3cio"},"content":{"rendered":"<p><div class=\"wpforms-container wpforms-container-full\" id=\"wpforms-5783\"><form id=\"wpforms-form-5783\" class=\"wpforms-validate wpforms-form wpforms-ajax-form\" data-formid=\"5783\" method=\"post\" enctype=\"multipart\/form-data\" action=\"\/pt\/wp-json\/wp\/v2\/pages\/5762\" data-token=\"48c035dca8c5807b43b89a9d9e521b8c\" data-token-time=\"1777677261\"><noscript class=\"wpforms-error-noscript\">Please enable JavaScript in your browser to complete this form.<\/noscript><div class=\"wpforms-field-container\"><div id=\"wpforms-5783-field_0-container\" class=\"wpforms-field wpforms-field-name\" data-field-id=\"0\"><label class=\"wpforms-field-label\" for=\"wpforms-5783-field_0\">Nome <span class=\"wpforms-required-label\">*<\/span><\/label><input type=\"text\" id=\"wpforms-5783-field_0\" class=\"wpforms-field-medium wpforms-field-required\" name=\"wpforms[fields][0]\" required><\/div><div id=\"wpforms-5783-field_3-container\" class=\"wpforms-field wpforms-field-name\" data-field-id=\"3\"><label class=\"wpforms-field-label\" for=\"wpforms-5783-field_3\">Nome da empresa <span class=\"wpforms-required-label\">*<\/span><\/label><input type=\"text\" id=\"wpforms-5783-field_3\" class=\"wpforms-field-medium wpforms-field-required\" name=\"wpforms[fields][3]\" required><\/div><div id=\"wpforms-5783-field_4-container\" class=\"wpforms-field wpforms-field-name\" data-field-id=\"4\"><label class=\"wpforms-field-label\" for=\"wpforms-5783-field_4\">Endere\u00e7o (para a comunica\u00e7\u00e3o com o Grupo Ib\u00e9rico) <span class=\"wpforms-required-label\">*<\/span><\/label><input type=\"text\" id=\"wpforms-5783-field_4\" class=\"wpforms-field-medium wpforms-field-required\" name=\"wpforms[fields][4]\" required><\/div><div id=\"wpforms-5783-field_5-container\" class=\"wpforms-field wpforms-field-name\" data-field-id=\"5\"><label class=\"wpforms-field-label\" for=\"wpforms-5783-field_5\">Telefone <span class=\"wpforms-required-label\">*<\/span><\/label><input type=\"text\" id=\"wpforms-5783-field_5\" class=\"wpforms-field-medium wpforms-field-required\" name=\"wpforms[fields][5]\" required><\/div><div id=\"wpforms-5783-field_1-container\" class=\"wpforms-field wpforms-field-email\" data-field-id=\"1\"><label class=\"wpforms-field-label\" for=\"wpforms-5783-field_1\">E-Mail <span class=\"wpforms-required-label\">*<\/span><\/label><input type=\"email\" id=\"wpforms-5783-field_1\" class=\"wpforms-field-medium wpforms-field-required\" name=\"wpforms[fields][1]\" spellcheck=\"false\" required><\/div><div id=\"wpforms-5783-field_7-container\" class=\"wpforms-field wpforms-field-name\" data-field-id=\"7\"><label class=\"wpforms-field-label\" for=\"wpforms-5783-field_7\">Comprometo-me a respeitar os estatutos do Grupo Ib\u00e9rico e a pagar a quota consoante as regras estabelecidas pela Assembleia-geral. <span class=\"wpforms-required-label\">*<\/span><\/label><input type=\"text\" id=\"wpforms-5783-field_7\" class=\"wpforms-field-medium wpforms-field-required\" name=\"wpforms[fields][7]\" required><\/div><div id=\"wpforms-5783-field_8-container\" class=\"wpforms-field wpforms-field-text\" data-field-id=\"8\"><label class=\"wpforms-field-label\" for=\"wpforms-5783-field_8\">Informa\u00e7\u00e3o adicional facultativa (completando as seguintes frases)&lt;br&gt;A minha profiss\u00e3o \u00e9 <span class=\"wpforms-required-label\">*<\/span><\/label><input type=\"text\" id=\"wpforms-5783-field_8\" class=\"wpforms-field-medium wpforms-field-required\" name=\"wpforms[fields][8]\" required><\/div><div id=\"wpforms-5783-field_9-container\" class=\"wpforms-field wpforms-field-text\" data-field-id=\"9\"><label class=\"wpforms-field-label\" for=\"wpforms-5783-field_9\">Tomei conhecimento do Grupo Ib\u00e9rico atrav\u00e9s de <span class=\"wpforms-required-label\">*<\/span><\/label><input type=\"text\" id=\"wpforms-5783-field_9\" class=\"wpforms-field-medium wpforms-field-required\" name=\"wpforms[fields][9]\" required><\/div><div id=\"wpforms-5783-field_10-container\" class=\"wpforms-field wpforms-field-text\" data-field-id=\"10\"><label class=\"wpforms-field-label\" for=\"wpforms-5783-field_10\">A minha rela\u00e7\u00e3o \u00e0s piscinas de \u00e1guas naturalizadas \u00e9 <span class=\"wpforms-required-label\">*<\/span><\/label><input type=\"text\" id=\"wpforms-5783-field_10\" class=\"wpforms-field-medium wpforms-field-required\" name=\"wpforms[fields][10]\" required><\/div><div id=\"wpforms-5783-field_11-container\" class=\"wpforms-field wpforms-field-text\" data-field-id=\"11\"><label class=\"wpforms-field-label\" for=\"wpforms-5783-field_11\">(N\u00e3o) tenho constru\u00eddo piscinas de \u00e1guas naturalizadas  <span class=\"wpforms-required-label\">*<\/span><\/label><input type=\"text\" id=\"wpforms-5783-field_11\" class=\"wpforms-field-medium wpforms-field-required\" name=\"wpforms[fields][11]\" required><\/div><div id=\"wpforms-5783-field_12-container\" class=\"wpforms-field wpforms-field-text\" data-field-id=\"12\"><label class=\"wpforms-field-label\" for=\"wpforms-5783-field_12\">Como s\u00f3cio do Grupo Ib\u00e9rico espero ter  <span class=\"wpforms-required-label\">*<\/span><\/label><input type=\"text\" id=\"wpforms-5783-field_12\" class=\"wpforms-field-medium wpforms-field-required\" name=\"wpforms[fields][12]\" required><\/div><div id=\"wpforms-5783-field_13-container\" class=\"wpforms-field wpforms-field-text\" data-field-id=\"13\"><label class=\"wpforms-field-label\" for=\"wpforms-5783-field_13\">Uma forma\u00e7\u00e3o sobre piscinas naturalizadas seria para mim <span class=\"wpforms-required-label\">*<\/span><\/label><input type=\"text\" id=\"wpforms-5783-field_13\" class=\"wpforms-field-medium wpforms-field-required\" name=\"wpforms[fields][13]\" required><\/div><div id=\"wpforms-5783-field_2-container\" class=\"wpforms-field wpforms-field-textarea\" data-field-id=\"2\"><label class=\"wpforms-field-label\" for=\"wpforms-5783-field_2\">Outras sugest\u00f5es <span class=\"wpforms-required-label\">*<\/span><\/label><textarea id=\"wpforms-5783-field_2\" class=\"wpforms-field-medium wpforms-field-required\" name=\"wpforms[fields][2]\" required><\/textarea><\/div><\/div><!-- .wpforms-field-container --><div class=\"wpforms-submit-container\" ><input type=\"hidden\" name=\"wpforms[id]\" value=\"5783\"><input type=\"hidden\" name=\"page_title\" value=\"\"><input type=\"hidden\" name=\"page_url\" value=\"https:\/\/giabn.com\/pt\/wp-json\/wp\/v2\/pages\/5762\"><input type=\"hidden\" name=\"url_referer\" value=\"\"><button type=\"submit\" name=\"wpforms[submit]\" id=\"wpforms-submit-5783\" class=\"wpforms-submit\" data-alt-text=\"enviar\u2026\" data-submit-text=\"enviar\" aria-live=\"assertive\" value=\"wpforms-submit\">enviar<\/button><img decoding=\"async\" data-src=\"https:\/\/giabn.com\/wp-content\/plugins\/wpforms-lite\/assets\/images\/submit-spin.svg\" class=\"wpforms-submit-spinner lazyload\" style=\"--smush-placeholder-width: 26px; --smush-placeholder-aspect-ratio: 26\/26;display: none;\" width=\"26\" height=\"26\" alt=\"Loading\" src=\"data:image\/svg+xml;base64,PHN2ZyB3aWR0aD0iMSIgaGVpZ2h0PSIxIiB4bWxucz0iaHR0cDovL3d3dy53My5vcmcvMjAwMC9zdmciPjwvc3ZnPg==\"><\/div><\/form><\/div>  <!-- .wpforms-container --><\/p>","protected":false},"excerpt":{"rendered":"","protected":false},"author":1,"featured_media":0,"parent":0,"menu_order":0,"comment_status":"closed","ping_status":"closed","template":"","meta":{"footnotes":""},"class_list":["post-5762","page","type-page","status-publish","hentry"],"yoast_head":"<!-- This site is optimized with the Yoast SEO plugin v27.5 - https:\/\/yoast.com\/product\/yoast-seo-wordpress\/ -->\n<title>Ficha de Inscri\u00e7\u00e3o para s\u00f3cio - GIABN<\/title>\n<meta name=\"robots\" content=\"index, follow, max-snippet:-1, max-image-preview:large, max-video-preview:-1\" \/>\n<link rel=\"canonical\" href=\"https:\/\/giabn.com\/ficha-de-inscripcion-de-socio\/\" \/>\n<meta name=\"twitter:card\" content=\"summary_large_image\" \/>\n<meta name=\"twitter:title\" content=\"[:en]Member application[:pt]Ficha de Inscri\u00e7\u00e3o para s\u00f3cio[:ca]Fitxa d&#039;inscripci\u00f3 de soci.[:es]Ficha de inscripci\u00f3n de socio[:] - GIABN\" \/>\n<script type=\"application\/ld+json\" class=\"yoast-schema-graph\">{\"@context\":\"https:\\\/\\\/schema.org\",\"@graph\":[{\"@type\":\"WebPage\",\"@id\":\"https:\\\/\\\/giabn.com\\\/ficha-de-inscripcion-de-socio\\\/\",\"url\":\"https:\\\/\\\/giabn.com\\\/ficha-de-inscripcion-de-socio\\\/\",\"name\":\"[:en]Member application[:pt]Ficha de Inscri\u00e7\u00e3o para s\u00f3cio[:ca]Fitxa d'inscripci\u00f3 de soci.[:es]Ficha de inscripci\u00f3n de socio[:] - GIABN\",\"isPartOf\":{\"@id\":\"https:\\\/\\\/giabn.com\\\/ca\\\/#website\"},\"datePublished\":\"2023-05-15T16:02:37+00:00\",\"dateModified\":\"2023-05-15T17:04:12+00:00\",\"breadcrumb\":{\"@id\":\"https:\\\/\\\/giabn.com\\\/ficha-de-inscripcion-de-socio\\\/#breadcrumb\"},\"inLanguage\":\"pt-PT\",\"potentialAction\":[{\"@type\":\"ReadAction\",\"target\":[\"https:\\\/\\\/giabn.com\\\/ficha-de-inscripcion-de-socio\\\/\"]}]},{\"@type\":\"BreadcrumbList\",\"@id\":\"https:\\\/\\\/giabn.com\\\/ficha-de-inscripcion-de-socio\\\/#breadcrumb\",\"itemListElement\":[{\"@type\":\"ListItem\",\"position\":1,\"name\":\"Home\",\"item\":\"https:\\\/\\\/giabn.com\\\/\"},{\"@type\":\"ListItem\",\"position\":2,\"name\":\"Ficha de inscripci\u00f3n de socio\"}]},{\"@type\":\"WebSite\",\"@id\":\"https:\\\/\\\/giabn.com\\\/ca\\\/#website\",\"url\":\"https:\\\/\\\/giabn.com\\\/ca\\\/\",\"name\":\"GIABN\",\"description\":\"Grupo Ib&eacute;rico de Aguas de Ba\u00f1o Naturalizadas GIABN\",\"publisher\":{\"@id\":\"https:\\\/\\\/giabn.com\\\/ca\\\/#organization\"},\"potentialAction\":[{\"@type\":\"SearchAction\",\"target\":{\"@type\":\"EntryPoint\",\"urlTemplate\":\"https:\\\/\\\/giabn.com\\\/ca\\\/?s={search_term_string}\"},\"query-input\":{\"@type\":\"PropertyValueSpecification\",\"valueRequired\":true,\"valueName\":\"search_term_string\"}}],\"inLanguage\":\"pt-PT\"},{\"@type\":\"Organization\",\"@id\":\"https:\\\/\\\/giabn.com\\\/ca\\\/#organization\",\"name\":\"IOB EV\",\"url\":\"https:\\\/\\\/giabn.com\\\/ca\\\/\",\"logo\":{\"@type\":\"ImageObject\",\"inLanguage\":\"pt-PT\",\"@id\":\"https:\\\/\\\/giabn.com\\\/ca\\\/#\\\/schema\\\/logo\\\/image\\\/\",\"url\":\"https:\\\/\\\/giabn.com\\\/wp-content\\\/uploads\\\/2023\\\/01\\\/logo-giabn.png\",\"contentUrl\":\"https:\\\/\\\/giabn.com\\\/wp-content\\\/uploads\\\/2023\\\/01\\\/logo-giabn.png\",\"width\":134,\"height\":101,\"caption\":\"IOB EV\"},\"image\":{\"@id\":\"https:\\\/\\\/giabn.com\\\/ca\\\/#\\\/schema\\\/logo\\\/image\\\/\"}}]}<\/script>\n<!-- \/ Yoast SEO plugin. -->","yoast_head_json":{"title":"[:en]Member application[:pt]Ficha de Inscri\u00e7\u00e3o para s\u00f3cio[:ca]Fitxa d'inscripci\u00f3 de soci.[:es]Ficha de inscripci\u00f3n de socio[:] - GIABN","robots":{"index":"index","follow":"follow","max-snippet":"max-snippet:-1","max-image-preview":"max-image-preview:large","max-video-preview":"max-video-preview:-1"},"canonical":"https:\/\/giabn.com\/ficha-de-inscripcion-de-socio\/","twitter_card":"summary_large_image","twitter_title":"[:en]Member application[:pt]Ficha de Inscri\u00e7\u00e3o para s\u00f3cio[:ca]Fitxa d'inscripci\u00f3 de soci.[:es]Ficha de inscripci\u00f3n de socio[:] - GIABN","schema":{"@context":"https:\/\/schema.org","@graph":[{"@type":"WebPage","@id":"https:\/\/giabn.com\/ficha-de-inscripcion-de-socio\/","url":"https:\/\/giabn.com\/ficha-de-inscripcion-de-socio\/","name":"[:en]Member application[:pt]Ficha de Inscri\u00e7\u00e3o para s\u00f3cio[:ca]Fitxa d'inscripci\u00f3 de soci.[:es]Ficha de inscripci\u00f3n de socio[:] - GIABN","isPartOf":{"@id":"https:\/\/giabn.com\/ca\/#website"},"datePublished":"2023-05-15T16:02:37+00:00","dateModified":"2023-05-15T17:04:12+00:00","breadcrumb":{"@id":"https:\/\/giabn.com\/ficha-de-inscripcion-de-socio\/#breadcrumb"},"inLanguage":"pt-PT","potentialAction":[{"@type":"ReadAction","target":["https:\/\/giabn.com\/ficha-de-inscripcion-de-socio\/"]}]},{"@type":"BreadcrumbList","@id":"https:\/\/giabn.com\/ficha-de-inscripcion-de-socio\/#breadcrumb","itemListElement":[{"@type":"ListItem","position":1,"name":"Home","item":"https:\/\/giabn.com\/"},{"@type":"ListItem","position":2,"name":"Ficha de inscripci\u00f3n de socio"}]},{"@type":"WebSite","@id":"https:\/\/giabn.com\/ca\/#website","url":"https:\/\/giabn.com\/ca\/","name":"GIABN","description":"Grupo Ib&eacute;rico de Aguas de Ba\u00f1o Naturalizadas GIABN","publisher":{"@id":"https:\/\/giabn.com\/ca\/#organization"},"potentialAction":[{"@type":"SearchAction","target":{"@type":"EntryPoint","urlTemplate":"https:\/\/giabn.com\/ca\/?s={search_term_string}"},"query-input":{"@type":"PropertyValueSpecification","valueRequired":true,"valueName":"search_term_string"}}],"inLanguage":"pt-PT"},{"@type":"Organization","@id":"https:\/\/giabn.com\/ca\/#organization","name":"IOB EV","url":"https:\/\/giabn.com\/ca\/","logo":{"@type":"ImageObject","inLanguage":"pt-PT","@id":"https:\/\/giabn.com\/ca\/#\/schema\/logo\/image\/","url":"https:\/\/giabn.com\/wp-content\/uploads\/2023\/01\/logo-giabn.png","contentUrl":"https:\/\/giabn.com\/wp-content\/uploads\/2023\/01\/logo-giabn.png","width":134,"height":101,"caption":"IOB EV"},"image":{"@id":"https:\/\/giabn.com\/ca\/#\/schema\/logo\/image\/"}}]}},"_links":{"self":[{"href":"https:\/\/giabn.com\/pt\/wp-json\/wp\/v2\/pages\/5762","targetHints":{"allow":["GET"]}}],"collection":[{"href":"https:\/\/giabn.com\/pt\/wp-json\/wp\/v2\/pages"}],"about":[{"href":"https:\/\/giabn.com\/pt\/wp-json\/wp\/v2\/types\/page"}],"author":[{"embeddable":true,"href":"https:\/\/giabn.com\/pt\/wp-json\/wp\/v2\/users\/1"}],"replies":[{"embeddable":true,"href":"https:\/\/giabn.com\/pt\/wp-json\/wp\/v2\/comments?post=5762"}],"version-history":[{"count":0,"href":"https:\/\/giabn.com\/pt\/wp-json\/wp\/v2\/pages\/5762\/revisions"}],"wp:attachment":[{"href":"https:\/\/giabn.com\/pt\/wp-json\/wp\/v2\/media?parent=5762"}],"curies":[{"name":"wp","href":"https:\/\/api.w.org\/{rel}","templated":true}]}}