{"id":5586,"date":"2023-01-18T16:36:46","date_gmt":"2023-01-18T15:36:46","guid":{"rendered":"https:\/\/giabn.com\/?page_id=5586"},"modified":"2023-01-18T16:37:28","modified_gmt":"2023-01-18T15:37:28","slug":"brochure-about-hygiene-in-public-swimming-ponds","status":"publish","type":"page","link":"https:\/\/giabn.com\/pt\/brochure-about-hygiene-in-public-swimming-ponds\/","title":{"rendered":"Brochura sobre piscinas p\u00fablicas de tratamento biol\u00f3gico"},"content":{"rendered":"<p><img decoding=\"async\" class=\"size-full wp-image-5401 alignleft lazyload\" data-src=\"https:\/\/giabn.com\/wp-content\/uploads\/2023\/01\/1000.jpg\" alt=\"\" width=\"123\" height=\"172\" src=\"data:image\/svg+xml;base64,PHN2ZyB3aWR0aD0iMSIgaGVpZ2h0PSIxIiB4bWxucz0iaHR0cDovL3d3dy53My5vcmcvMjAwMC9zdmciPjwvc3ZnPg==\" style=\"--smush-placeholder-width: 123px; --smush-placeholder-aspect-ratio: 123\/172;\" \/><span class=\"datum\">16 de Outubro de 2014 (Bremen, Alemanha) <\/span><\/p>\n<h2>Brochura sobre piscinas p\u00fablicas de tratamento biol\u00f3gico<\/h2>\n<div class=\"p\">\n<p>Com base nas informa\u00e7\u00f5es do banco de dados DANA e outras investiga\u00e7\u00f5es n\u00e3o publicados, a IOB elaborou esta brochura sobre o desempenho de piscinas p\u00fablicas com tratamento biol\u00f3gico.<br \/>\nEdi\u00e7\u00e3o Outono de 2013, 48 p\u00e1ginas, pre\u00e7o: 30 euros mais custos de envio. Para encomendar, por favor, envie um e-mail para info@iob-ev.com<\/p>\n<\/div>\n<p><\/p>","protected":false},"excerpt":{"rendered":"<p>16 de Outubro de 2014 (Bremen, Alemanha) Brochura sobre piscinas p\u00fablicas de tratamento biol\u00f3gico Com base nas informa\u00e7\u00f5es do banco de dados [&hellip;]<\/p>\n","protected":false},"author":1,"featured_media":0,"parent":0,"menu_order":0,"comment_status":"closed","ping_status":"closed","template":"","meta":{"footnotes":""},"class_list":["post-5586","page","type-page","status-publish","hentry"],"yoast_head":"<!-- This site is optimized with the Yoast SEO plugin v27.5 - https:\/\/yoast.com\/product\/yoast-seo-wordpress\/ -->\n<title>Brochura sobre piscinas p\u00fablicas de tratamento biol\u00f3gico - GIABN<\/title>\n<meta name=\"robots\" content=\"index, follow, max-snippet:-1, max-image-preview:large, max-video-preview:-1\" \/>\n<link rel=\"canonical\" href=\"https:\/\/giabn.com\/brochure-about-hygiene-in-public-swimming-ponds\/\" \/>\n<meta name=\"twitter:card\" content=\"summary_large_image\" \/>\n<meta name=\"twitter:title\" content=\"[:en]Brochure about Hygiene in public swimming ponds[:pt]Brochura sobre piscinas p\u00fablicas de tratamento biol\u00f3gico[:ca]Fullet sobre la higiene en piscines p\u00fabliques naturals[:es]Folleto sobre la higiene en las piscinas naturalizadas p\u00fablicas[:] - GIABN\" \/>\n<meta name=\"twitter:description\" content=\"16 de Outubro de 2014 (Bremen, Alemanha) Brochura sobre piscinas p\u00fablicas de tratamento biol\u00f3gico Com base nas informa\u00e7\u00f5es do banco de dados [&hellip;]\" \/>\n<meta name=\"twitter:image\" content=\"https:\/\/giabn.com\/wp-content\/uploads\/2023\/01\/1000.jpg\" \/>\n<meta name=\"twitter:label1\" content=\"Tempo estimado de leitura\" \/>\n\t<meta name=\"twitter:data1\" content=\"1 minuto\" \/>\n<script type=\"application\/ld+json\" class=\"yoast-schema-graph\">{\"@context\":\"https:\\\/\\\/schema.org\",\"@graph\":[{\"@type\":\"WebPage\",\"@id\":\"https:\\\/\\\/giabn.com\\\/brochure-about-hygiene-in-public-swimming-ponds\\\/\",\"url\":\"https:\\\/\\\/giabn.com\\\/brochure-about-hygiene-in-public-swimming-ponds\\\/\",\"name\":\"[:en]Brochure about Hygiene in public swimming ponds[:pt]Brochura sobre piscinas p\u00fablicas de tratamento biol\u00f3gico[:ca]Fullet sobre la higiene en piscines p\u00fabliques naturals[:es]Folleto sobre la higiene en las piscinas naturalizadas p\u00fablicas[:] - GIABN\",\"isPartOf\":{\"@id\":\"https:\\\/\\\/giabn.com\\\/ca\\\/#website\"},\"primaryImageOfPage\":{\"@id\":\"https:\\\/\\\/giabn.com\\\/brochure-about-hygiene-in-public-swimming-ponds\\\/#primaryimage\"},\"image\":{\"@id\":\"https:\\\/\\\/giabn.com\\\/brochure-about-hygiene-in-public-swimming-ponds\\\/#primaryimage\"},\"thumbnailUrl\":\"https:\\\/\\\/giabn.com\\\/wp-content\\\/uploads\\\/2023\\\/01\\\/1000.jpg\",\"datePublished\":\"2023-01-18T15:36:46+00:00\",\"dateModified\":\"2023-01-18T15:37:28+00:00\",\"breadcrumb\":{\"@id\":\"https:\\\/\\\/giabn.com\\\/brochure-about-hygiene-in-public-swimming-ponds\\\/#breadcrumb\"},\"inLanguage\":\"pt-PT\",\"potentialAction\":[{\"@type\":\"ReadAction\",\"target\":[\"https:\\\/\\\/giabn.com\\\/brochure-about-hygiene-in-public-swimming-ponds\\\/\"]}]},{\"@type\":\"ImageObject\",\"inLanguage\":\"pt-PT\",\"@id\":\"https:\\\/\\\/giabn.com\\\/brochure-about-hygiene-in-public-swimming-ponds\\\/#primaryimage\",\"url\":\"https:\\\/\\\/giabn.com\\\/wp-content\\\/uploads\\\/2023\\\/01\\\/1000.jpg\",\"contentUrl\":\"https:\\\/\\\/giabn.com\\\/wp-content\\\/uploads\\\/2023\\\/01\\\/1000.jpg\"},{\"@type\":\"BreadcrumbList\",\"@id\":\"https:\\\/\\\/giabn.com\\\/brochure-about-hygiene-in-public-swimming-ponds\\\/#breadcrumb\",\"itemListElement\":[{\"@type\":\"ListItem\",\"position\":1,\"name\":\"Home\",\"item\":\"https:\\\/\\\/giabn.com\\\/\"},{\"@type\":\"ListItem\",\"position\":2,\"name\":\"Folleto sobre la higiene en las piscinas naturalizadas p\u00fablicas\"}]},{\"@type\":\"WebSite\",\"@id\":\"https:\\\/\\\/giabn.com\\\/ca\\\/#website\",\"url\":\"https:\\\/\\\/giabn.com\\\/ca\\\/\",\"name\":\"GIABN\",\"description\":\"Grupo Ib&eacute;rico de Aguas de Ba\u00f1o Naturalizadas GIABN\",\"publisher\":{\"@id\":\"https:\\\/\\\/giabn.com\\\/ca\\\/#organization\"},\"potentialAction\":[{\"@type\":\"SearchAction\",\"target\":{\"@type\":\"EntryPoint\",\"urlTemplate\":\"https:\\\/\\\/giabn.com\\\/ca\\\/?s={search_term_string}\"},\"query-input\":{\"@type\":\"PropertyValueSpecification\",\"valueRequired\":true,\"valueName\":\"search_term_string\"}}],\"inLanguage\":\"pt-PT\"},{\"@type\":\"Organization\",\"@id\":\"https:\\\/\\\/giabn.com\\\/ca\\\/#organization\",\"name\":\"IOB EV\",\"url\":\"https:\\\/\\\/giabn.com\\\/ca\\\/\",\"logo\":{\"@type\":\"ImageObject\",\"inLanguage\":\"pt-PT\",\"@id\":\"https:\\\/\\\/giabn.com\\\/ca\\\/#\\\/schema\\\/logo\\\/image\\\/\",\"url\":\"https:\\\/\\\/giabn.com\\\/wp-content\\\/uploads\\\/2023\\\/01\\\/logo-giabn.png\",\"contentUrl\":\"https:\\\/\\\/giabn.com\\\/wp-content\\\/uploads\\\/2023\\\/01\\\/logo-giabn.png\",\"width\":134,\"height\":101,\"caption\":\"IOB EV\"},\"image\":{\"@id\":\"https:\\\/\\\/giabn.com\\\/ca\\\/#\\\/schema\\\/logo\\\/image\\\/\"}}]}<\/script>\n<!-- \/ Yoast SEO plugin. -->","yoast_head_json":{"title":"[:en]Brochure about Hygiene in public swimming ponds[:pt]Brochura sobre piscinas p\u00fablicas de tratamento biol\u00f3gico[:ca]Fullet sobre la higiene en piscines p\u00fabliques naturals[:es]Folleto sobre la higiene en las piscinas naturalizadas p\u00fablicas[:] - GIABN","robots":{"index":"index","follow":"follow","max-snippet":"max-snippet:-1","max-image-preview":"max-image-preview:large","max-video-preview":"max-video-preview:-1"},"canonical":"https:\/\/giabn.com\/brochure-about-hygiene-in-public-swimming-ponds\/","twitter_card":"summary_large_image","twitter_title":"[:en]Brochure about Hygiene in public swimming ponds[:pt]Brochura sobre piscinas p\u00fablicas de tratamento biol\u00f3gico[:ca]Fullet sobre la higiene en piscines p\u00fabliques naturals[:es]Folleto sobre la higiene en las piscinas naturalizadas p\u00fablicas[:] - GIABN","twitter_description":"16 de Outubro de 2014 (Bremen, Alemanha) Brochura sobre piscinas p\u00fablicas de tratamento biol\u00f3gico Com base nas informa\u00e7\u00f5es do banco de dados [&hellip;]","twitter_image":"https:\/\/giabn.com\/wp-content\/uploads\/2023\/01\/1000.jpg","twitter_misc":{"Tempo estimado de leitura":"1 minuto"},"schema":{"@context":"https:\/\/schema.org","@graph":[{"@type":"WebPage","@id":"https:\/\/giabn.com\/brochure-about-hygiene-in-public-swimming-ponds\/","url":"https:\/\/giabn.com\/brochure-about-hygiene-in-public-swimming-ponds\/","name":"[:en]Brochure about Hygiene in public swimming ponds[:pt]Brochura sobre piscinas p\u00fablicas de tratamento biol\u00f3gico[:ca]Fullet sobre la higiene en piscines p\u00fabliques naturals[:es]Folleto sobre la higiene en las piscinas naturalizadas p\u00fablicas[:] - GIABN","isPartOf":{"@id":"https:\/\/giabn.com\/ca\/#website"},"primaryImageOfPage":{"@id":"https:\/\/giabn.com\/brochure-about-hygiene-in-public-swimming-ponds\/#primaryimage"},"image":{"@id":"https:\/\/giabn.com\/brochure-about-hygiene-in-public-swimming-ponds\/#primaryimage"},"thumbnailUrl":"https:\/\/giabn.com\/wp-content\/uploads\/2023\/01\/1000.jpg","datePublished":"2023-01-18T15:36:46+00:00","dateModified":"2023-01-18T15:37:28+00:00","breadcrumb":{"@id":"https:\/\/giabn.com\/brochure-about-hygiene-in-public-swimming-ponds\/#breadcrumb"},"inLanguage":"pt-PT","potentialAction":[{"@type":"ReadAction","target":["https:\/\/giabn.com\/brochure-about-hygiene-in-public-swimming-ponds\/"]}]},{"@type":"ImageObject","inLanguage":"pt-PT","@id":"https:\/\/giabn.com\/brochure-about-hygiene-in-public-swimming-ponds\/#primaryimage","url":"https:\/\/giabn.com\/wp-content\/uploads\/2023\/01\/1000.jpg","contentUrl":"https:\/\/giabn.com\/wp-content\/uploads\/2023\/01\/1000.jpg"},{"@type":"BreadcrumbList","@id":"https:\/\/giabn.com\/brochure-about-hygiene-in-public-swimming-ponds\/#breadcrumb","itemListElement":[{"@type":"ListItem","position":1,"name":"Home","item":"https:\/\/giabn.com\/"},{"@type":"ListItem","position":2,"name":"Folleto sobre la higiene en las piscinas naturalizadas p\u00fablicas"}]},{"@type":"WebSite","@id":"https:\/\/giabn.com\/ca\/#website","url":"https:\/\/giabn.com\/ca\/","name":"GIABN","description":"Grupo Ib&eacute;rico de Aguas de Ba\u00f1o Naturalizadas GIABN","publisher":{"@id":"https:\/\/giabn.com\/ca\/#organization"},"potentialAction":[{"@type":"SearchAction","target":{"@type":"EntryPoint","urlTemplate":"https:\/\/giabn.com\/ca\/?s={search_term_string}"},"query-input":{"@type":"PropertyValueSpecification","valueRequired":true,"valueName":"search_term_string"}}],"inLanguage":"pt-PT"},{"@type":"Organization","@id":"https:\/\/giabn.com\/ca\/#organization","name":"IOB EV","url":"https:\/\/giabn.com\/ca\/","logo":{"@type":"ImageObject","inLanguage":"pt-PT","@id":"https:\/\/giabn.com\/ca\/#\/schema\/logo\/image\/","url":"https:\/\/giabn.com\/wp-content\/uploads\/2023\/01\/logo-giabn.png","contentUrl":"https:\/\/giabn.com\/wp-content\/uploads\/2023\/01\/logo-giabn.png","width":134,"height":101,"caption":"IOB EV"},"image":{"@id":"https:\/\/giabn.com\/ca\/#\/schema\/logo\/image\/"}}]}},"_links":{"self":[{"href":"https:\/\/giabn.com\/pt\/wp-json\/wp\/v2\/pages\/5586","targetHints":{"allow":["GET"]}}],"collection":[{"href":"https:\/\/giabn.com\/pt\/wp-json\/wp\/v2\/pages"}],"about":[{"href":"https:\/\/giabn.com\/pt\/wp-json\/wp\/v2\/types\/page"}],"author":[{"embeddable":true,"href":"https:\/\/giabn.com\/pt\/wp-json\/wp\/v2\/users\/1"}],"replies":[{"embeddable":true,"href":"https:\/\/giabn.com\/pt\/wp-json\/wp\/v2\/comments?post=5586"}],"version-history":[{"count":0,"href":"https:\/\/giabn.com\/pt\/wp-json\/wp\/v2\/pages\/5586\/revisions"}],"wp:attachment":[{"href":"https:\/\/giabn.com\/pt\/wp-json\/wp\/v2\/media?parent=5586"}],"curies":[{"name":"wp","href":"https:\/\/api.w.org\/{rel}","templated":true}]}}