{"id":5572,"date":"2023-01-18T16:06:18","date_gmt":"2023-01-18T15:06:18","guid":{"rendered":"https:\/\/giabn.com\/?page_id=5572"},"modified":"2023-01-18T16:15:47","modified_gmt":"2023-01-18T15:15:47","slug":"insmed-recommends-swimming-ponds","status":"publish","type":"page","link":"https:\/\/giabn.com\/pt\/insmed-recommends-swimming-ponds\/","title":{"rendered":"INSMED recomenda piscinas biol\u00f3gicas"},"content":{"rendered":"<p><span class=\"datum\"><img decoding=\"async\" class=\"size-full wp-image-5404 alignleft lazyload\" data-src=\"https:\/\/giabn.com\/wp-content\/uploads\/2023\/01\/1020.jpg\" alt=\"\" width=\"123\" height=\"112\" src=\"data:image\/svg+xml;base64,PHN2ZyB3aWR0aD0iMSIgaGVpZ2h0PSIxIiB4bWxucz0iaHR0cDovL3d3dy53My5vcmcvMjAwMC9zdmciPjwvc3ZnPg==\" style=\"--smush-placeholder-width: 123px; --smush-placeholder-aspect-ratio: 123\/112;\" \/><span class=\"datum\">15 de Novembro de 2014 (Faro, Portugal) <\/span><\/span><\/p>\n<h3>INSMED recomenda piscinas biol\u00f3gicas<\/h3>\n<div class=\"absatz\">\n<div class=\"p\">\n<p>INSMED \u00e9 um programa da UE que pretende intensivar a inova\u00e7\u00e3o da eco-constru\u00e7\u00e3o no mediterr\u00e2neo.<\/p>\n<\/div>\n<\/div>\n<p><\/p>","protected":false},"excerpt":{"rendered":"<p>15 de Novembro de 2014 (Faro, Portugal) INSMED recomenda piscinas biol\u00f3gicas INSMED \u00e9 um programa da UE que pretende intensivar a inova\u00e7\u00e3o [&hellip;]<\/p>\n","protected":false},"author":1,"featured_media":0,"parent":0,"menu_order":0,"comment_status":"closed","ping_status":"closed","template":"","meta":{"footnotes":""},"class_list":["post-5572","page","type-page","status-publish","hentry"],"yoast_head":"<!-- This site is optimized with the Yoast SEO plugin v27.5 - https:\/\/yoast.com\/product\/yoast-seo-wordpress\/ -->\n<title>INSMED recomenda piscinas biol\u00f3gicas - GIABN<\/title>\n<meta name=\"robots\" content=\"index, follow, max-snippet:-1, max-image-preview:large, max-video-preview:-1\" \/>\n<link rel=\"canonical\" href=\"https:\/\/giabn.com\/insmed-recommends-swimming-ponds\/\" \/>\n<meta name=\"twitter:card\" content=\"summary_large_image\" \/>\n<meta name=\"twitter:title\" content=\"[:en]INSMED recommends swimming ponds[:pt]INSMED recomenda piscinas biol\u00f3gicas[:ca]Insmed recomana bany naturalitzades[:es]Insmed recomienda piscinas naturalizadas[:] - GIABN\" \/>\n<meta name=\"twitter:description\" content=\"15 de Novembro de 2014 (Faro, Portugal) INSMED recomenda piscinas biol\u00f3gicas INSMED \u00e9 um programa da UE que pretende intensivar a inova\u00e7\u00e3o [&hellip;]\" \/>\n<meta name=\"twitter:image\" content=\"https:\/\/giabn.com\/wp-content\/uploads\/2023\/01\/1020.jpg\" \/>\n<meta name=\"twitter:label1\" content=\"Tempo estimado de leitura\" \/>\n\t<meta name=\"twitter:data1\" content=\"1 minuto\" \/>\n<script type=\"application\/ld+json\" class=\"yoast-schema-graph\">{\"@context\":\"https:\\\/\\\/schema.org\",\"@graph\":[{\"@type\":\"WebPage\",\"@id\":\"https:\\\/\\\/giabn.com\\\/insmed-recommends-swimming-ponds\\\/\",\"url\":\"https:\\\/\\\/giabn.com\\\/insmed-recommends-swimming-ponds\\\/\",\"name\":\"[:en]INSMED recommends swimming ponds[:pt]INSMED recomenda piscinas biol\u00f3gicas[:ca]Insmed recomana bany naturalitzades[:es]Insmed recomienda piscinas naturalizadas[:] - GIABN\",\"isPartOf\":{\"@id\":\"https:\\\/\\\/giabn.com\\\/ca\\\/#website\"},\"primaryImageOfPage\":{\"@id\":\"https:\\\/\\\/giabn.com\\\/insmed-recommends-swimming-ponds\\\/#primaryimage\"},\"image\":{\"@id\":\"https:\\\/\\\/giabn.com\\\/insmed-recommends-swimming-ponds\\\/#primaryimage\"},\"thumbnailUrl\":\"https:\\\/\\\/giabn.com\\\/wp-content\\\/uploads\\\/2023\\\/01\\\/1020.jpg\",\"datePublished\":\"2023-01-18T15:06:18+00:00\",\"dateModified\":\"2023-01-18T15:15:47+00:00\",\"breadcrumb\":{\"@id\":\"https:\\\/\\\/giabn.com\\\/insmed-recommends-swimming-ponds\\\/#breadcrumb\"},\"inLanguage\":\"pt-PT\",\"potentialAction\":[{\"@type\":\"ReadAction\",\"target\":[\"https:\\\/\\\/giabn.com\\\/insmed-recommends-swimming-ponds\\\/\"]}]},{\"@type\":\"ImageObject\",\"inLanguage\":\"pt-PT\",\"@id\":\"https:\\\/\\\/giabn.com\\\/insmed-recommends-swimming-ponds\\\/#primaryimage\",\"url\":\"https:\\\/\\\/giabn.com\\\/wp-content\\\/uploads\\\/2023\\\/01\\\/1020.jpg\",\"contentUrl\":\"https:\\\/\\\/giabn.com\\\/wp-content\\\/uploads\\\/2023\\\/01\\\/1020.jpg\"},{\"@type\":\"BreadcrumbList\",\"@id\":\"https:\\\/\\\/giabn.com\\\/insmed-recommends-swimming-ponds\\\/#breadcrumb\",\"itemListElement\":[{\"@type\":\"ListItem\",\"position\":1,\"name\":\"Home\",\"item\":\"https:\\\/\\\/giabn.com\\\/\"},{\"@type\":\"ListItem\",\"position\":2,\"name\":\"Insmed recomienda piscinas naturalizadas\"}]},{\"@type\":\"WebSite\",\"@id\":\"https:\\\/\\\/giabn.com\\\/ca\\\/#website\",\"url\":\"https:\\\/\\\/giabn.com\\\/ca\\\/\",\"name\":\"GIABN\",\"description\":\"Grupo Ib&eacute;rico de Aguas de Ba\u00f1o Naturalizadas GIABN\",\"publisher\":{\"@id\":\"https:\\\/\\\/giabn.com\\\/ca\\\/#organization\"},\"potentialAction\":[{\"@type\":\"SearchAction\",\"target\":{\"@type\":\"EntryPoint\",\"urlTemplate\":\"https:\\\/\\\/giabn.com\\\/ca\\\/?s={search_term_string}\"},\"query-input\":{\"@type\":\"PropertyValueSpecification\",\"valueRequired\":true,\"valueName\":\"search_term_string\"}}],\"inLanguage\":\"pt-PT\"},{\"@type\":\"Organization\",\"@id\":\"https:\\\/\\\/giabn.com\\\/ca\\\/#organization\",\"name\":\"IOB EV\",\"url\":\"https:\\\/\\\/giabn.com\\\/ca\\\/\",\"logo\":{\"@type\":\"ImageObject\",\"inLanguage\":\"pt-PT\",\"@id\":\"https:\\\/\\\/giabn.com\\\/ca\\\/#\\\/schema\\\/logo\\\/image\\\/\",\"url\":\"https:\\\/\\\/giabn.com\\\/wp-content\\\/uploads\\\/2023\\\/01\\\/logo-giabn.png\",\"contentUrl\":\"https:\\\/\\\/giabn.com\\\/wp-content\\\/uploads\\\/2023\\\/01\\\/logo-giabn.png\",\"width\":134,\"height\":101,\"caption\":\"IOB EV\"},\"image\":{\"@id\":\"https:\\\/\\\/giabn.com\\\/ca\\\/#\\\/schema\\\/logo\\\/image\\\/\"}}]}<\/script>\n<!-- \/ Yoast SEO plugin. -->","yoast_head_json":{"title":"[:en]INSMED recommends swimming ponds[:pt]INSMED recomenda piscinas biol\u00f3gicas[:ca]Insmed recomana bany naturalitzades[:es]Insmed recomienda piscinas naturalizadas[:] - GIABN","robots":{"index":"index","follow":"follow","max-snippet":"max-snippet:-1","max-image-preview":"max-image-preview:large","max-video-preview":"max-video-preview:-1"},"canonical":"https:\/\/giabn.com\/insmed-recommends-swimming-ponds\/","twitter_card":"summary_large_image","twitter_title":"[:en]INSMED recommends swimming ponds[:pt]INSMED recomenda piscinas biol\u00f3gicas[:ca]Insmed recomana bany naturalitzades[:es]Insmed recomienda piscinas naturalizadas[:] - GIABN","twitter_description":"15 de Novembro de 2014 (Faro, Portugal) INSMED recomenda piscinas biol\u00f3gicas INSMED \u00e9 um programa da UE que pretende intensivar a inova\u00e7\u00e3o [&hellip;]","twitter_image":"https:\/\/giabn.com\/wp-content\/uploads\/2023\/01\/1020.jpg","twitter_misc":{"Tempo estimado de leitura":"1 minuto"},"schema":{"@context":"https:\/\/schema.org","@graph":[{"@type":"WebPage","@id":"https:\/\/giabn.com\/insmed-recommends-swimming-ponds\/","url":"https:\/\/giabn.com\/insmed-recommends-swimming-ponds\/","name":"[:en]INSMED recommends swimming ponds[:pt]INSMED recomenda piscinas biol\u00f3gicas[:ca]Insmed recomana bany naturalitzades[:es]Insmed recomienda piscinas naturalizadas[:] - GIABN","isPartOf":{"@id":"https:\/\/giabn.com\/ca\/#website"},"primaryImageOfPage":{"@id":"https:\/\/giabn.com\/insmed-recommends-swimming-ponds\/#primaryimage"},"image":{"@id":"https:\/\/giabn.com\/insmed-recommends-swimming-ponds\/#primaryimage"},"thumbnailUrl":"https:\/\/giabn.com\/wp-content\/uploads\/2023\/01\/1020.jpg","datePublished":"2023-01-18T15:06:18+00:00","dateModified":"2023-01-18T15:15:47+00:00","breadcrumb":{"@id":"https:\/\/giabn.com\/insmed-recommends-swimming-ponds\/#breadcrumb"},"inLanguage":"pt-PT","potentialAction":[{"@type":"ReadAction","target":["https:\/\/giabn.com\/insmed-recommends-swimming-ponds\/"]}]},{"@type":"ImageObject","inLanguage":"pt-PT","@id":"https:\/\/giabn.com\/insmed-recommends-swimming-ponds\/#primaryimage","url":"https:\/\/giabn.com\/wp-content\/uploads\/2023\/01\/1020.jpg","contentUrl":"https:\/\/giabn.com\/wp-content\/uploads\/2023\/01\/1020.jpg"},{"@type":"BreadcrumbList","@id":"https:\/\/giabn.com\/insmed-recommends-swimming-ponds\/#breadcrumb","itemListElement":[{"@type":"ListItem","position":1,"name":"Home","item":"https:\/\/giabn.com\/"},{"@type":"ListItem","position":2,"name":"Insmed recomienda piscinas naturalizadas"}]},{"@type":"WebSite","@id":"https:\/\/giabn.com\/ca\/#website","url":"https:\/\/giabn.com\/ca\/","name":"GIABN","description":"Grupo Ib&eacute;rico de Aguas de Ba\u00f1o Naturalizadas GIABN","publisher":{"@id":"https:\/\/giabn.com\/ca\/#organization"},"potentialAction":[{"@type":"SearchAction","target":{"@type":"EntryPoint","urlTemplate":"https:\/\/giabn.com\/ca\/?s={search_term_string}"},"query-input":{"@type":"PropertyValueSpecification","valueRequired":true,"valueName":"search_term_string"}}],"inLanguage":"pt-PT"},{"@type":"Organization","@id":"https:\/\/giabn.com\/ca\/#organization","name":"IOB EV","url":"https:\/\/giabn.com\/ca\/","logo":{"@type":"ImageObject","inLanguage":"pt-PT","@id":"https:\/\/giabn.com\/ca\/#\/schema\/logo\/image\/","url":"https:\/\/giabn.com\/wp-content\/uploads\/2023\/01\/logo-giabn.png","contentUrl":"https:\/\/giabn.com\/wp-content\/uploads\/2023\/01\/logo-giabn.png","width":134,"height":101,"caption":"IOB EV"},"image":{"@id":"https:\/\/giabn.com\/ca\/#\/schema\/logo\/image\/"}}]}},"_links":{"self":[{"href":"https:\/\/giabn.com\/pt\/wp-json\/wp\/v2\/pages\/5572","targetHints":{"allow":["GET"]}}],"collection":[{"href":"https:\/\/giabn.com\/pt\/wp-json\/wp\/v2\/pages"}],"about":[{"href":"https:\/\/giabn.com\/pt\/wp-json\/wp\/v2\/types\/page"}],"author":[{"embeddable":true,"href":"https:\/\/giabn.com\/pt\/wp-json\/wp\/v2\/users\/1"}],"replies":[{"embeddable":true,"href":"https:\/\/giabn.com\/pt\/wp-json\/wp\/v2\/comments?post=5572"}],"version-history":[{"count":0,"href":"https:\/\/giabn.com\/pt\/wp-json\/wp\/v2\/pages\/5572\/revisions"}],"wp:attachment":[{"href":"https:\/\/giabn.com\/pt\/wp-json\/wp\/v2\/media?parent=5572"}],"curies":[{"name":"wp","href":"https:\/\/api.w.org\/{rel}","templated":true}]}}