{"id":6375,"date":"2024-01-17T19:22:35","date_gmt":"2024-01-17T18:22:35","guid":{"rendered":"https:\/\/giabn.com\/?page_id=6375"},"modified":"2024-01-23T12:07:18","modified_gmt":"2024-01-23T11:07:18","slug":"piscinas-biologicas-no-mundo","status":"publish","type":"page","link":"https:\/\/giabn.com\/en\/piscinas-biologicas-no-mundo\/","title":{"rendered":"Worldwide spread of NSP\u2019s"},"content":{"rendered":"<div id=\"pl-6375\"  class=\"panel-layout\" ><div id=\"pg-6375-0\"  class=\"panel-grid panel-has-style\" ><div style=\"padding: 0px 0; \" data-overlay=\"true\" data-overlay-color=\"#000000\" class=\"panel-row-style panel-row-style-for-6375-0\" ><div id=\"pgc-6375-0-0\"  class=\"panel-grid-cell\" ><div id=\"panel-6375-0-0-0\" class=\"so-panel widget widget_sow-editor panel-first-child panel-last-child\" data-index=\"0\" ><div style=\"text-align: left;\" data-title-color=\"#443f3f\" data-headings-color=\"#443f3f\" class=\"panel-widget-style panel-widget-style-for-6375-0-0-0\" ><div\n\t\t\t\n\t\t\tclass=\"so-widget-sow-editor so-widget-sow-editor-base\"\n\t\t\t\n\t\t>\n<div class=\"siteorigin-widget-tinymce textwidget\">\n\t<p><strong><br \/>\n<strong>Worldwide spread of NSP\u2019s<\/strong><br \/>\nFrom the end of the 1980\u2019s to the present day, hundreds of public swimming pools with Natural Water Treatment (NSP) have been built in Europe. In Germany alone there are more than 400 of them, many of them with a daily capacity of hundreds of people.<br \/>\nAlthough the idea was developed in Austria and Germany, countries such as Australia, Canada and South Africa also have the first public bathing facilities, clearly showing a trend towards internationalization.<br \/>\nThe IOB, www.iob-ev.eu, International Bathing Water Organisation, is the umbrella association of which associations from several countries are members.<\/p>\n<p>IMAGE - MAP<\/p>\n<\/p>\n<p><img decoding=\"async\" class=\"aligncenter size-full wp-image-6376 lazyload\" data-src=\"https:\/\/giabn.com\/wp-content\/uploads\/2024\/01\/map-GIABN.png\" alt=\"\" width=\"512\" height=\"323\" data-srcset=\"https:\/\/giabn.com\/wp-content\/uploads\/2024\/01\/map-GIABN.png 512w, https:\/\/giabn.com\/wp-content\/uploads\/2024\/01\/map-GIABN-300x189.png 300w, https:\/\/giabn.com\/wp-content\/uploads\/2024\/01\/map-GIABN-230x145.png 230w, https:\/\/giabn.com\/wp-content\/uploads\/2024\/01\/map-GIABN-350x221.png 350w, https:\/\/giabn.com\/wp-content\/uploads\/2024\/01\/map-GIABN-480x303.png 480w\" data-sizes=\"(max-width: 512px) 100vw, 512px\" src=\"data:image\/svg+xml;base64,PHN2ZyB3aWR0aD0iMSIgaGVpZ2h0PSIxIiB4bWxucz0iaHR0cDovL3d3dy53My5vcmcvMjAwMC9zdmciPjwvc3ZnPg==\" style=\"--smush-placeholder-width: 512px; --smush-placeholder-aspect-ratio: 512\/323;\" \/><br \/>\n<img decoding=\"async\" class=\"aligncenter size-full wp-image-6377 lazyload\" data-src=\"https:\/\/giabn.com\/wp-content\/uploads\/2024\/01\/map-GIABN-2.png\" alt=\"\" width=\"401\" height=\"512\" data-srcset=\"https:\/\/giabn.com\/wp-content\/uploads\/2024\/01\/map-GIABN-2.png 401w, https:\/\/giabn.com\/wp-content\/uploads\/2024\/01\/map-GIABN-2-235x300.png 235w, https:\/\/giabn.com\/wp-content\/uploads\/2024\/01\/map-GIABN-2-230x294.png 230w, https:\/\/giabn.com\/wp-content\/uploads\/2024\/01\/map-GIABN-2-350x447.png 350w\" data-sizes=\"(max-width: 401px) 100vw, 401px\" src=\"data:image\/svg+xml;base64,PHN2ZyB3aWR0aD0iMSIgaGVpZ2h0PSIxIiB4bWxucz0iaHR0cDovL3d3dy53My5vcmcvMjAwMC9zdmciPjwvc3ZnPg==\" style=\"--smush-placeholder-width: 401px; --smush-placeholder-aspect-ratio: 401\/512;\" \/><\/p>\n<\/div>\n<\/div><\/div><\/div><\/div><\/div><\/div><\/div>","protected":false},"excerpt":{"rendered":"<p>Worldwide spread of NSP\u2019s From the end of the 1980\u2019s to the present day, hundreds of public swimming pools with Natural Water [&hellip;]<\/p>\n","protected":false},"author":1,"featured_media":0,"parent":0,"menu_order":0,"comment_status":"closed","ping_status":"closed","template":"","meta":{"footnotes":""},"class_list":["post-6375","page","type-page","status-publish","hentry"],"yoast_head":"<!-- This site is optimized with the Yoast SEO plugin v27.4 - https:\/\/yoast.com\/product\/yoast-seo-wordpress\/ -->\n<title>Worldwide spread of NSP\u2019s - GIABN<\/title>\n<meta name=\"robots\" content=\"index, follow, max-snippet:-1, max-image-preview:large, max-video-preview:-1\" \/>\n<link rel=\"canonical\" href=\"https:\/\/giabn.com\/piscinas-biologicas-no-mundo\/\" \/>\n<meta name=\"twitter:card\" content=\"summary_large_image\" \/>\n<meta name=\"twitter:title\" content=\"[:en]Worldwide spread of NSP\u2019s[:pt]Situaci\u00f3n en el mundo[:ca]SITUACI\u00d3 AL M\u00d3N[:es]Situaci\u00f3n en el mundo[:] - GIABN\" \/>\n<meta name=\"twitter:description\" content=\"Worldwide spread of NSP\u2019s From the end of the 1980\u2019s to the present day, hundreds of public swimming pools with Natural Water [&hellip;]\" \/>\n<meta name=\"twitter:image\" content=\"https:\/\/giabn.com\/wp-content\/uploads\/2024\/01\/map-GIABN.png\" \/>\n<meta name=\"twitter:label1\" content=\"Est. reading time\" \/>\n\t<meta name=\"twitter:data1\" content=\"2 minutes\" \/>\n<script type=\"application\/ld+json\" class=\"yoast-schema-graph\">{\"@context\":\"https:\\\/\\\/schema.org\",\"@graph\":[{\"@type\":\"WebPage\",\"@id\":\"https:\\\/\\\/giabn.com\\\/piscinas-biologicas-no-mundo\\\/\",\"url\":\"https:\\\/\\\/giabn.com\\\/piscinas-biologicas-no-mundo\\\/\",\"name\":\"[:en]Worldwide spread of NSP\u2019s[:pt]Situaci\u00f3n en el mundo[:ca]SITUACI\u00d3 AL M\u00d3N[:es]Situaci\u00f3n en el mundo[:] - GIABN\",\"isPartOf\":{\"@id\":\"https:\\\/\\\/giabn.com\\\/ca\\\/#website\"},\"primaryImageOfPage\":{\"@id\":\"https:\\\/\\\/giabn.com\\\/piscinas-biologicas-no-mundo\\\/#primaryimage\"},\"image\":{\"@id\":\"https:\\\/\\\/giabn.com\\\/piscinas-biologicas-no-mundo\\\/#primaryimage\"},\"thumbnailUrl\":\"https:\\\/\\\/giabn.com\\\/wp-content\\\/uploads\\\/2024\\\/01\\\/map-GIABN.png\",\"datePublished\":\"2024-01-17T18:22:35+00:00\",\"dateModified\":\"2024-01-23T11:07:18+00:00\",\"breadcrumb\":{\"@id\":\"https:\\\/\\\/giabn.com\\\/piscinas-biologicas-no-mundo\\\/#breadcrumb\"},\"inLanguage\":\"en-US\",\"potentialAction\":[{\"@type\":\"ReadAction\",\"target\":[\"https:\\\/\\\/giabn.com\\\/piscinas-biologicas-no-mundo\\\/\"]}]},{\"@type\":\"ImageObject\",\"inLanguage\":\"en-US\",\"@id\":\"https:\\\/\\\/giabn.com\\\/piscinas-biologicas-no-mundo\\\/#primaryimage\",\"url\":\"https:\\\/\\\/giabn.com\\\/wp-content\\\/uploads\\\/2024\\\/01\\\/map-GIABN.png\",\"contentUrl\":\"https:\\\/\\\/giabn.com\\\/wp-content\\\/uploads\\\/2024\\\/01\\\/map-GIABN.png\"},{\"@type\":\"BreadcrumbList\",\"@id\":\"https:\\\/\\\/giabn.com\\\/piscinas-biologicas-no-mundo\\\/#breadcrumb\",\"itemListElement\":[{\"@type\":\"ListItem\",\"position\":1,\"name\":\"Home\",\"item\":\"https:\\\/\\\/giabn.com\\\/\"},{\"@type\":\"ListItem\",\"position\":2,\"name\":\"Situaci\u00f3n en el mundo\"}]},{\"@type\":\"WebSite\",\"@id\":\"https:\\\/\\\/giabn.com\\\/ca\\\/#website\",\"url\":\"https:\\\/\\\/giabn.com\\\/ca\\\/\",\"name\":\"GIABN\",\"description\":\"Grupo Ib&eacute;rico de Aguas de Ba\u00f1o Naturalizadas GIABN\",\"publisher\":{\"@id\":\"https:\\\/\\\/giabn.com\\\/ca\\\/#organization\"},\"potentialAction\":[{\"@type\":\"SearchAction\",\"target\":{\"@type\":\"EntryPoint\",\"urlTemplate\":\"https:\\\/\\\/giabn.com\\\/ca\\\/?s={search_term_string}\"},\"query-input\":{\"@type\":\"PropertyValueSpecification\",\"valueRequired\":true,\"valueName\":\"search_term_string\"}}],\"inLanguage\":\"en-US\"},{\"@type\":\"Organization\",\"@id\":\"https:\\\/\\\/giabn.com\\\/ca\\\/#organization\",\"name\":\"IOB EV\",\"url\":\"https:\\\/\\\/giabn.com\\\/ca\\\/\",\"logo\":{\"@type\":\"ImageObject\",\"inLanguage\":\"en-US\",\"@id\":\"https:\\\/\\\/giabn.com\\\/ca\\\/#\\\/schema\\\/logo\\\/image\\\/\",\"url\":\"https:\\\/\\\/giabn.com\\\/wp-content\\\/uploads\\\/2023\\\/01\\\/logo-giabn.png\",\"contentUrl\":\"https:\\\/\\\/giabn.com\\\/wp-content\\\/uploads\\\/2023\\\/01\\\/logo-giabn.png\",\"width\":134,\"height\":101,\"caption\":\"IOB EV\"},\"image\":{\"@id\":\"https:\\\/\\\/giabn.com\\\/ca\\\/#\\\/schema\\\/logo\\\/image\\\/\"}}]}<\/script>\n<!-- \/ Yoast SEO plugin. -->","yoast_head_json":{"title":"[:en]Worldwide spread of NSP\u2019s[:pt]Situaci\u00f3n en el mundo[:ca]SITUACI\u00d3 AL M\u00d3N[:es]Situaci\u00f3n en el mundo[:] - GIABN","robots":{"index":"index","follow":"follow","max-snippet":"max-snippet:-1","max-image-preview":"max-image-preview:large","max-video-preview":"max-video-preview:-1"},"canonical":"https:\/\/giabn.com\/piscinas-biologicas-no-mundo\/","twitter_card":"summary_large_image","twitter_title":"[:en]Worldwide spread of NSP\u2019s[:pt]Situaci\u00f3n en el mundo[:ca]SITUACI\u00d3 AL M\u00d3N[:es]Situaci\u00f3n en el mundo[:] - GIABN","twitter_description":"Worldwide spread of NSP\u2019s From the end of the 1980\u2019s to the present day, hundreds of public swimming pools with Natural Water [&hellip;]","twitter_image":"https:\/\/giabn.com\/wp-content\/uploads\/2024\/01\/map-GIABN.png","twitter_misc":{"Est. reading time":"2 minutes"},"schema":{"@context":"https:\/\/schema.org","@graph":[{"@type":"WebPage","@id":"https:\/\/giabn.com\/piscinas-biologicas-no-mundo\/","url":"https:\/\/giabn.com\/piscinas-biologicas-no-mundo\/","name":"[:en]Worldwide spread of NSP\u2019s[:pt]Situaci\u00f3n en el mundo[:ca]SITUACI\u00d3 AL M\u00d3N[:es]Situaci\u00f3n en el mundo[:] - GIABN","isPartOf":{"@id":"https:\/\/giabn.com\/ca\/#website"},"primaryImageOfPage":{"@id":"https:\/\/giabn.com\/piscinas-biologicas-no-mundo\/#primaryimage"},"image":{"@id":"https:\/\/giabn.com\/piscinas-biologicas-no-mundo\/#primaryimage"},"thumbnailUrl":"https:\/\/giabn.com\/wp-content\/uploads\/2024\/01\/map-GIABN.png","datePublished":"2024-01-17T18:22:35+00:00","dateModified":"2024-01-23T11:07:18+00:00","breadcrumb":{"@id":"https:\/\/giabn.com\/piscinas-biologicas-no-mundo\/#breadcrumb"},"inLanguage":"en-US","potentialAction":[{"@type":"ReadAction","target":["https:\/\/giabn.com\/piscinas-biologicas-no-mundo\/"]}]},{"@type":"ImageObject","inLanguage":"en-US","@id":"https:\/\/giabn.com\/piscinas-biologicas-no-mundo\/#primaryimage","url":"https:\/\/giabn.com\/wp-content\/uploads\/2024\/01\/map-GIABN.png","contentUrl":"https:\/\/giabn.com\/wp-content\/uploads\/2024\/01\/map-GIABN.png"},{"@type":"BreadcrumbList","@id":"https:\/\/giabn.com\/piscinas-biologicas-no-mundo\/#breadcrumb","itemListElement":[{"@type":"ListItem","position":1,"name":"Home","item":"https:\/\/giabn.com\/"},{"@type":"ListItem","position":2,"name":"Situaci\u00f3n en el mundo"}]},{"@type":"WebSite","@id":"https:\/\/giabn.com\/ca\/#website","url":"https:\/\/giabn.com\/ca\/","name":"GIABN","description":"Grupo Ib&eacute;rico de Aguas de Ba\u00f1o Naturalizadas GIABN","publisher":{"@id":"https:\/\/giabn.com\/ca\/#organization"},"potentialAction":[{"@type":"SearchAction","target":{"@type":"EntryPoint","urlTemplate":"https:\/\/giabn.com\/ca\/?s={search_term_string}"},"query-input":{"@type":"PropertyValueSpecification","valueRequired":true,"valueName":"search_term_string"}}],"inLanguage":"en-US"},{"@type":"Organization","@id":"https:\/\/giabn.com\/ca\/#organization","name":"IOB EV","url":"https:\/\/giabn.com\/ca\/","logo":{"@type":"ImageObject","inLanguage":"en-US","@id":"https:\/\/giabn.com\/ca\/#\/schema\/logo\/image\/","url":"https:\/\/giabn.com\/wp-content\/uploads\/2023\/01\/logo-giabn.png","contentUrl":"https:\/\/giabn.com\/wp-content\/uploads\/2023\/01\/logo-giabn.png","width":134,"height":101,"caption":"IOB EV"},"image":{"@id":"https:\/\/giabn.com\/ca\/#\/schema\/logo\/image\/"}}]}},"_links":{"self":[{"href":"https:\/\/giabn.com\/en\/wp-json\/wp\/v2\/pages\/6375","targetHints":{"allow":["GET"]}}],"collection":[{"href":"https:\/\/giabn.com\/en\/wp-json\/wp\/v2\/pages"}],"about":[{"href":"https:\/\/giabn.com\/en\/wp-json\/wp\/v2\/types\/page"}],"author":[{"embeddable":true,"href":"https:\/\/giabn.com\/en\/wp-json\/wp\/v2\/users\/1"}],"replies":[{"embeddable":true,"href":"https:\/\/giabn.com\/en\/wp-json\/wp\/v2\/comments?post=6375"}],"version-history":[{"count":0,"href":"https:\/\/giabn.com\/en\/wp-json\/wp\/v2\/pages\/6375\/revisions"}],"wp:attachment":[{"href":"https:\/\/giabn.com\/en\/wp-json\/wp\/v2\/media?parent=6375"}],"curies":[{"name":"wp","href":"https:\/\/api.w.org\/{rel}","templated":true}]}}