{"id":6356,"date":"2024-01-17T18:47:31","date_gmt":"2024-01-17T17:47:31","guid":{"rendered":"https:\/\/giabn.com\/?page_id=6356"},"modified":"2024-01-23T11:51:13","modified_gmt":"2024-01-23T10:51:13","slug":"depuracao-biologica","status":"publish","type":"page","link":"https:\/\/giabn.com\/en\/depuracao-biologica\/","title":{"rendered":"Biological purification"},"content":{"rendered":"<div id=\"pl-6356\"  class=\"panel-layout\" ><div id=\"pg-6356-0\"  class=\"panel-grid panel-has-style\" ><div style=\"padding: 100px 0; \" data-overlay=\"true\" class=\"panel-row-style panel-row-style-for-6356-0\" ><div id=\"pgc-6356-0-0\"  class=\"panel-grid-cell\" ><div id=\"panel-6356-0-0-0\" class=\"so-panel widget widget_sow-editor panel-first-child panel-last-child\" data-index=\"0\" ><div style=\"text-align: left;\" data-title-color=\"#443f3f\" data-headings-color=\"#443f3f\" class=\"panel-widget-style panel-widget-style-for-6356-0-0-0\" ><div\n\t\t\t\n\t\t\tclass=\"so-widget-sow-editor so-widget-sow-editor-base\"\n\t\t\t\n\t\t>\n<div class=\"siteorigin-widget-tinymce textwidget\">\n\t<\/p>\n<p>Biological purification<br \/>\nThe water treatment is purely biological-mechanical, based on the model of nature.<br \/>\nThe food pyramid in the bath with biological water treatment (????)<br \/>\nWater quality must be achieved through nutrient management to reach the planned trophic level using the natural food chain.<br \/>\nThe broad base of the food pyramid consists of protozoa such as bacteria, algae and fungi. Where natural water and light meet, small algae grow rapidly. They extract nutrients from the water and use them to form biomass and produce oxygen, the basis for many other cleansing processes.<\/p>\n<p>Zooplankton are the next link in the food chain. They are mainly small crustaceans that continuously filter and eat the algae and bacteria in the water. Therefore, they are an important element in the \"hygiene performance\", the elimination of pathogenic germs. Almost all potential pathogens do not arise in the water, but are intestinal bacteria brought in by users or vertebrates. In the oxygen-rich water of a swimming pond, intestinal bacteria cannot multiply and are quickly killed by zooplankton.<\/p>\n<p>Mosquito larvae also eat plankton and detritus (decaying organic matter). They breathe air at the surface and can therefore also thrive in oxygen-free and over-fertilised waters. However, they are easy prey for all predators and are immediately eaten in nutrient-poor waters with an established biology. Therefore, they do not appear in heavily used swimming ponds and natural pools. But they can multiply rapidly in small puddles and flower pots on the side of the pool.<\/p>\n<p>In turn, zooplankton are eaten by insects and their larvae, as well as by newt larvae and small fish. Small fish that multiply rapidly without other predators (e.g. invasive gambusia) can decimate zooplankton to such an extent that it fails as a natural regulator of phytoplankton. This leads to heavy algal blooms and green water. Therefore, fish are not used in the swimming pond or natural pool.<\/p>\n<p>Underwater plants naturally compete with algae and play an important role in phosphorus fixation. Under favorable conditions, plants dominate and prevent strong algae growth; under unfavorable conditions, algae dominate. However, underwater plants require a certain level of nutrients in the mesotrophic to oligotrophic range, which is why they are used in category 1-3 swimming ponds.<br \/>\n**I THINK A DEFINITION OF THE DIFFERENT CATEGORIES OF POOLS WOULD BE MISSING.<br \/>\nIf optimum water transparency (natural pool, category 4-5) is the planning objective, rapid biological filters are used. Biofilm, a colorful community of microorganisms that take on the role of zooplankton and aquatic plants, grows on surfaces exposed to strong currents. The biofilm filters algae and bacteria from the water and fixes nutrients. The filters must be equipped with a rinsing device in order to harvest the biofilm and thus remove the stored nutrients from the closed system of the natural pool.<\/p>\n<p>Wind-blown leaves and pollen as well as dead organisms sink to the bottom and form an organic sediment there. This is broken down and mineralised by other small creatures, so that the bound nutrients are released again and return to the water cycle. By sucking up the sediment, which is used as a natural fertilizer for plants, large quantities of nutrients are removed from the cycle.<\/p><\/p>\n<\/div>\n<\/div><\/div><\/div><\/div><\/div><\/div><\/div>","protected":false},"excerpt":{"rendered":"<p>Biological purification The water treatment is purely biological-mechanical, based on the model of nature. The food pyramid in the bath with biological [&hellip;]<\/p>\n","protected":false},"author":1,"featured_media":0,"parent":0,"menu_order":0,"comment_status":"closed","ping_status":"closed","template":"","meta":{"footnotes":""},"class_list":["post-6356","page","type-page","status-publish","hentry"],"yoast_head":"<!-- This site is optimized with the Yoast SEO plugin v27.4 - https:\/\/yoast.com\/product\/yoast-seo-wordpress\/ -->\n<title>Biological purification - GIABN<\/title>\n<meta name=\"robots\" content=\"index, follow, max-snippet:-1, max-image-preview:large, max-video-preview:-1\" \/>\n<link rel=\"canonical\" href=\"https:\/\/giabn.com\/depuracao-biologica\/\" \/>\n<meta name=\"twitter:card\" content=\"summary_large_image\" \/>\n<meta name=\"twitter:title\" content=\"[:en]Biological purification[:pt]Depura\u00e7\u00e3o biol\u00f2gica[:ca]Depuraci\u00f3 biol\u00f2gica[:es]Purificaci\u00f3n biol\u00f3gica[:] - GIABN\" \/>\n<meta name=\"twitter:description\" content=\"Biological purification The water treatment is purely biological-mechanical, based on the model of nature. The food pyramid in the bath with biological [&hellip;]\" \/>\n<meta name=\"twitter:label1\" content=\"Est. reading time\" \/>\n\t<meta name=\"twitter:data1\" content=\"12 minutes\" \/>\n<script type=\"application\/ld+json\" class=\"yoast-schema-graph\">{\"@context\":\"https:\\\/\\\/schema.org\",\"@graph\":[{\"@type\":\"WebPage\",\"@id\":\"https:\\\/\\\/giabn.com\\\/depuracao-biologica\\\/\",\"url\":\"https:\\\/\\\/giabn.com\\\/depuracao-biologica\\\/\",\"name\":\"[:en]Biological purification[:pt]Depura\u00e7\u00e3o biol\u00f2gica[:ca]Depuraci\u00f3 biol\u00f2gica[:es]Purificaci\u00f3n biol\u00f3gica[:] - GIABN\",\"isPartOf\":{\"@id\":\"https:\\\/\\\/giabn.com\\\/ca\\\/#website\"},\"datePublished\":\"2024-01-17T17:47:31+00:00\",\"dateModified\":\"2024-01-23T10:51:13+00:00\",\"breadcrumb\":{\"@id\":\"https:\\\/\\\/giabn.com\\\/depuracao-biologica\\\/#breadcrumb\"},\"inLanguage\":\"en-US\",\"potentialAction\":[{\"@type\":\"ReadAction\",\"target\":[\"https:\\\/\\\/giabn.com\\\/depuracao-biologica\\\/\"]}]},{\"@type\":\"BreadcrumbList\",\"@id\":\"https:\\\/\\\/giabn.com\\\/depuracao-biologica\\\/#breadcrumb\",\"itemListElement\":[{\"@type\":\"ListItem\",\"position\":1,\"name\":\"Home\",\"item\":\"https:\\\/\\\/giabn.com\\\/\"},{\"@type\":\"ListItem\",\"position\":2,\"name\":\"Purificaci\u00f3n biol\u00f3gica\"}]},{\"@type\":\"WebSite\",\"@id\":\"https:\\\/\\\/giabn.com\\\/ca\\\/#website\",\"url\":\"https:\\\/\\\/giabn.com\\\/ca\\\/\",\"name\":\"GIABN\",\"description\":\"Grupo Ib&eacute;rico de Aguas de Ba\u00f1o Naturalizadas GIABN\",\"publisher\":{\"@id\":\"https:\\\/\\\/giabn.com\\\/ca\\\/#organization\"},\"potentialAction\":[{\"@type\":\"SearchAction\",\"target\":{\"@type\":\"EntryPoint\",\"urlTemplate\":\"https:\\\/\\\/giabn.com\\\/ca\\\/?s={search_term_string}\"},\"query-input\":{\"@type\":\"PropertyValueSpecification\",\"valueRequired\":true,\"valueName\":\"search_term_string\"}}],\"inLanguage\":\"en-US\"},{\"@type\":\"Organization\",\"@id\":\"https:\\\/\\\/giabn.com\\\/ca\\\/#organization\",\"name\":\"IOB EV\",\"url\":\"https:\\\/\\\/giabn.com\\\/ca\\\/\",\"logo\":{\"@type\":\"ImageObject\",\"inLanguage\":\"en-US\",\"@id\":\"https:\\\/\\\/giabn.com\\\/ca\\\/#\\\/schema\\\/logo\\\/image\\\/\",\"url\":\"https:\\\/\\\/giabn.com\\\/wp-content\\\/uploads\\\/2023\\\/01\\\/logo-giabn.png\",\"contentUrl\":\"https:\\\/\\\/giabn.com\\\/wp-content\\\/uploads\\\/2023\\\/01\\\/logo-giabn.png\",\"width\":134,\"height\":101,\"caption\":\"IOB EV\"},\"image\":{\"@id\":\"https:\\\/\\\/giabn.com\\\/ca\\\/#\\\/schema\\\/logo\\\/image\\\/\"}}]}<\/script>\n<!-- \/ Yoast SEO plugin. -->","yoast_head_json":{"title":"[:en]Biological purification[:pt]Depura\u00e7\u00e3o biol\u00f2gica[:ca]Depuraci\u00f3 biol\u00f2gica[:es]Purificaci\u00f3n biol\u00f3gica[:] - GIABN","robots":{"index":"index","follow":"follow","max-snippet":"max-snippet:-1","max-image-preview":"max-image-preview:large","max-video-preview":"max-video-preview:-1"},"canonical":"https:\/\/giabn.com\/depuracao-biologica\/","twitter_card":"summary_large_image","twitter_title":"[:en]Biological purification[:pt]Depura\u00e7\u00e3o biol\u00f2gica[:ca]Depuraci\u00f3 biol\u00f2gica[:es]Purificaci\u00f3n biol\u00f3gica[:] - GIABN","twitter_description":"Biological purification The water treatment is purely biological-mechanical, based on the model of nature. The food pyramid in the bath with biological [&hellip;]","twitter_misc":{"Est. reading time":"12 minutes"},"schema":{"@context":"https:\/\/schema.org","@graph":[{"@type":"WebPage","@id":"https:\/\/giabn.com\/depuracao-biologica\/","url":"https:\/\/giabn.com\/depuracao-biologica\/","name":"[:en]Biological purification[:pt]Depura\u00e7\u00e3o biol\u00f2gica[:ca]Depuraci\u00f3 biol\u00f2gica[:es]Purificaci\u00f3n biol\u00f3gica[:] - GIABN","isPartOf":{"@id":"https:\/\/giabn.com\/ca\/#website"},"datePublished":"2024-01-17T17:47:31+00:00","dateModified":"2024-01-23T10:51:13+00:00","breadcrumb":{"@id":"https:\/\/giabn.com\/depuracao-biologica\/#breadcrumb"},"inLanguage":"en-US","potentialAction":[{"@type":"ReadAction","target":["https:\/\/giabn.com\/depuracao-biologica\/"]}]},{"@type":"BreadcrumbList","@id":"https:\/\/giabn.com\/depuracao-biologica\/#breadcrumb","itemListElement":[{"@type":"ListItem","position":1,"name":"Home","item":"https:\/\/giabn.com\/"},{"@type":"ListItem","position":2,"name":"Purificaci\u00f3n biol\u00f3gica"}]},{"@type":"WebSite","@id":"https:\/\/giabn.com\/ca\/#website","url":"https:\/\/giabn.com\/ca\/","name":"GIABN","description":"Grupo Ib&eacute;rico de Aguas de Ba\u00f1o Naturalizadas GIABN","publisher":{"@id":"https:\/\/giabn.com\/ca\/#organization"},"potentialAction":[{"@type":"SearchAction","target":{"@type":"EntryPoint","urlTemplate":"https:\/\/giabn.com\/ca\/?s={search_term_string}"},"query-input":{"@type":"PropertyValueSpecification","valueRequired":true,"valueName":"search_term_string"}}],"inLanguage":"en-US"},{"@type":"Organization","@id":"https:\/\/giabn.com\/ca\/#organization","name":"IOB EV","url":"https:\/\/giabn.com\/ca\/","logo":{"@type":"ImageObject","inLanguage":"en-US","@id":"https:\/\/giabn.com\/ca\/#\/schema\/logo\/image\/","url":"https:\/\/giabn.com\/wp-content\/uploads\/2023\/01\/logo-giabn.png","contentUrl":"https:\/\/giabn.com\/wp-content\/uploads\/2023\/01\/logo-giabn.png","width":134,"height":101,"caption":"IOB EV"},"image":{"@id":"https:\/\/giabn.com\/ca\/#\/schema\/logo\/image\/"}}]}},"_links":{"self":[{"href":"https:\/\/giabn.com\/en\/wp-json\/wp\/v2\/pages\/6356","targetHints":{"allow":["GET"]}}],"collection":[{"href":"https:\/\/giabn.com\/en\/wp-json\/wp\/v2\/pages"}],"about":[{"href":"https:\/\/giabn.com\/en\/wp-json\/wp\/v2\/types\/page"}],"author":[{"embeddable":true,"href":"https:\/\/giabn.com\/en\/wp-json\/wp\/v2\/users\/1"}],"replies":[{"embeddable":true,"href":"https:\/\/giabn.com\/en\/wp-json\/wp\/v2\/comments?post=6356"}],"version-history":[{"count":0,"href":"https:\/\/giabn.com\/en\/wp-json\/wp\/v2\/pages\/6356\/revisions"}],"wp:attachment":[{"href":"https:\/\/giabn.com\/en\/wp-json\/wp\/v2\/media?parent=6356"}],"curies":[{"name":"wp","href":"https:\/\/api.w.org\/{rel}","templated":true}]}}