{"id":5613,"date":"2023-01-18T17:55:44","date_gmt":"2023-01-18T16:55:44","guid":{"rendered":"https:\/\/giabn.com\/?page_id=5613"},"modified":"2023-01-18T17:56:02","modified_gmt":"2023-01-18T16:56:02","slug":"fll-directive-now-also-in-english","status":"publish","type":"page","link":"https:\/\/giabn.com\/en\/fll-directive-now-also-in-english\/","title":{"rendered":"FLL directive now also in English"},"content":{"rendered":"<p><img decoding=\"async\" class=\"size-full wp-image-5400 alignleft lazyload\" data-src=\"https:\/\/giabn.com\/wp-content\/uploads\/2023\/01\/980.jpg\" alt=\"\" width=\"123\" height=\"151\" src=\"data:image\/svg+xml;base64,PHN2ZyB3aWR0aD0iMSIgaGVpZ2h0PSIxIiB4bWxucz0iaHR0cDovL3d3dy53My5vcmcvMjAwMC9zdmciPjwvc3ZnPg==\" style=\"--smush-placeholder-width: 123px; --smush-placeholder-aspect-ratio: 123\/151;\" \/><span class=\"datum\">October 22, 2013 (Bonn, Germany) <\/span><\/p>\n<h2>FLL directive now also in English<\/h2>\n<div class=\"absatz\">\n<div class=\"p\">\n<p>In cooperation with the German Society for natural bathing waters and Landscaping Landscape Development Research Society (FLL)IOB has made not only translation of the text version but also translated the computer program for calculating the plants into English. Individual members of the IOB&#8217;s member associations get both at a discount of 30% at FLLs homepage:<\/p>\n<\/div>\n<\/div>\n<p><\/p>","protected":false},"excerpt":{"rendered":"<p>October 22, 2013 (Bonn, Germany) FLL directive now also in English In cooperation with the German Society for natural bathing waters and [&hellip;]<\/p>\n","protected":false},"author":1,"featured_media":0,"parent":0,"menu_order":0,"comment_status":"closed","ping_status":"closed","template":"","meta":{"footnotes":""},"class_list":["post-5613","page","type-page","status-publish","hentry"],"yoast_head":"<!-- This site is optimized with the Yoast SEO plugin v27.5 - https:\/\/yoast.com\/product\/yoast-seo-wordpress\/ -->\n<title>FLL directive now also in English - GIABN<\/title>\n<meta name=\"robots\" content=\"index, follow, max-snippet:-1, max-image-preview:large, max-video-preview:-1\" \/>\n<link rel=\"canonical\" href=\"https:\/\/giabn.com\/fll-directive-now-also-in-english\/\" \/>\n<meta name=\"twitter:card\" content=\"summary_large_image\" \/>\n<meta name=\"twitter:title\" content=\"[:en]FLL directive now also in English[:pt]FLL directrizes agora tamb\u00e9m em ingl\u00eas[:ca]Directiva FLL ara tamb\u00e9 en angl\u00e8s[:es]Directiva FLL ahora tambi\u00e9n en Ingl\u00e9s[:] - GIABN\" \/>\n<meta name=\"twitter:description\" content=\"October 22, 2013 (Bonn, Germany) FLL directive now also in English In cooperation with the German Society for natural bathing waters and [&hellip;]\" \/>\n<meta name=\"twitter:image\" content=\"https:\/\/giabn.com\/wp-content\/uploads\/2023\/01\/980.jpg\" \/>\n<meta name=\"twitter:label1\" content=\"Est. reading time\" \/>\n\t<meta name=\"twitter:data1\" content=\"2 minutes\" \/>\n<script type=\"application\/ld+json\" class=\"yoast-schema-graph\">{\"@context\":\"https:\\\/\\\/schema.org\",\"@graph\":[{\"@type\":\"WebPage\",\"@id\":\"https:\\\/\\\/giabn.com\\\/fll-directive-now-also-in-english\\\/\",\"url\":\"https:\\\/\\\/giabn.com\\\/fll-directive-now-also-in-english\\\/\",\"name\":\"[:en]FLL directive now also in English[:pt]FLL directrizes agora tamb\u00e9m em ingl\u00eas[:ca]Directiva FLL ara tamb\u00e9 en angl\u00e8s[:es]Directiva FLL ahora tambi\u00e9n en Ingl\u00e9s[:] - GIABN\",\"isPartOf\":{\"@id\":\"https:\\\/\\\/giabn.com\\\/ca\\\/#website\"},\"primaryImageOfPage\":{\"@id\":\"https:\\\/\\\/giabn.com\\\/fll-directive-now-also-in-english\\\/#primaryimage\"},\"image\":{\"@id\":\"https:\\\/\\\/giabn.com\\\/fll-directive-now-also-in-english\\\/#primaryimage\"},\"thumbnailUrl\":\"https:\\\/\\\/giabn.com\\\/wp-content\\\/uploads\\\/2023\\\/01\\\/980.jpg\",\"datePublished\":\"2023-01-18T16:55:44+00:00\",\"dateModified\":\"2023-01-18T16:56:02+00:00\",\"breadcrumb\":{\"@id\":\"https:\\\/\\\/giabn.com\\\/fll-directive-now-also-in-english\\\/#breadcrumb\"},\"inLanguage\":\"en-US\",\"potentialAction\":[{\"@type\":\"ReadAction\",\"target\":[\"https:\\\/\\\/giabn.com\\\/fll-directive-now-also-in-english\\\/\"]}]},{\"@type\":\"ImageObject\",\"inLanguage\":\"en-US\",\"@id\":\"https:\\\/\\\/giabn.com\\\/fll-directive-now-also-in-english\\\/#primaryimage\",\"url\":\"https:\\\/\\\/giabn.com\\\/wp-content\\\/uploads\\\/2023\\\/01\\\/980.jpg\",\"contentUrl\":\"https:\\\/\\\/giabn.com\\\/wp-content\\\/uploads\\\/2023\\\/01\\\/980.jpg\"},{\"@type\":\"BreadcrumbList\",\"@id\":\"https:\\\/\\\/giabn.com\\\/fll-directive-now-also-in-english\\\/#breadcrumb\",\"itemListElement\":[{\"@type\":\"ListItem\",\"position\":1,\"name\":\"Home\",\"item\":\"https:\\\/\\\/giabn.com\\\/\"},{\"@type\":\"ListItem\",\"position\":2,\"name\":\"Directiva FLL ahora tambi\u00e9n en Ingl\u00e9s\"}]},{\"@type\":\"WebSite\",\"@id\":\"https:\\\/\\\/giabn.com\\\/ca\\\/#website\",\"url\":\"https:\\\/\\\/giabn.com\\\/ca\\\/\",\"name\":\"GIABN\",\"description\":\"Grupo Ib&eacute;rico de Aguas de Ba\u00f1o Naturalizadas GIABN\",\"publisher\":{\"@id\":\"https:\\\/\\\/giabn.com\\\/ca\\\/#organization\"},\"potentialAction\":[{\"@type\":\"SearchAction\",\"target\":{\"@type\":\"EntryPoint\",\"urlTemplate\":\"https:\\\/\\\/giabn.com\\\/ca\\\/?s={search_term_string}\"},\"query-input\":{\"@type\":\"PropertyValueSpecification\",\"valueRequired\":true,\"valueName\":\"search_term_string\"}}],\"inLanguage\":\"en-US\"},{\"@type\":\"Organization\",\"@id\":\"https:\\\/\\\/giabn.com\\\/ca\\\/#organization\",\"name\":\"IOB EV\",\"url\":\"https:\\\/\\\/giabn.com\\\/ca\\\/\",\"logo\":{\"@type\":\"ImageObject\",\"inLanguage\":\"en-US\",\"@id\":\"https:\\\/\\\/giabn.com\\\/ca\\\/#\\\/schema\\\/logo\\\/image\\\/\",\"url\":\"https:\\\/\\\/giabn.com\\\/wp-content\\\/uploads\\\/2023\\\/01\\\/logo-giabn.png\",\"contentUrl\":\"https:\\\/\\\/giabn.com\\\/wp-content\\\/uploads\\\/2023\\\/01\\\/logo-giabn.png\",\"width\":134,\"height\":101,\"caption\":\"IOB EV\"},\"image\":{\"@id\":\"https:\\\/\\\/giabn.com\\\/ca\\\/#\\\/schema\\\/logo\\\/image\\\/\"}}]}<\/script>\n<!-- \/ Yoast SEO plugin. -->","yoast_head_json":{"title":"[:en]FLL directive now also in English[:pt]FLL directrizes agora tamb\u00e9m em ingl\u00eas[:ca]Directiva FLL ara tamb\u00e9 en angl\u00e8s[:es]Directiva FLL ahora tambi\u00e9n en Ingl\u00e9s[:] - GIABN","robots":{"index":"index","follow":"follow","max-snippet":"max-snippet:-1","max-image-preview":"max-image-preview:large","max-video-preview":"max-video-preview:-1"},"canonical":"https:\/\/giabn.com\/fll-directive-now-also-in-english\/","twitter_card":"summary_large_image","twitter_title":"[:en]FLL directive now also in English[:pt]FLL directrizes agora tamb\u00e9m em ingl\u00eas[:ca]Directiva FLL ara tamb\u00e9 en angl\u00e8s[:es]Directiva FLL ahora tambi\u00e9n en Ingl\u00e9s[:] - GIABN","twitter_description":"October 22, 2013 (Bonn, Germany) FLL directive now also in English In cooperation with the German Society for natural bathing waters and [&hellip;]","twitter_image":"https:\/\/giabn.com\/wp-content\/uploads\/2023\/01\/980.jpg","twitter_misc":{"Est. reading time":"2 minutes"},"schema":{"@context":"https:\/\/schema.org","@graph":[{"@type":"WebPage","@id":"https:\/\/giabn.com\/fll-directive-now-also-in-english\/","url":"https:\/\/giabn.com\/fll-directive-now-also-in-english\/","name":"[:en]FLL directive now also in English[:pt]FLL directrizes agora tamb\u00e9m em ingl\u00eas[:ca]Directiva FLL ara tamb\u00e9 en angl\u00e8s[:es]Directiva FLL ahora tambi\u00e9n en Ingl\u00e9s[:] - GIABN","isPartOf":{"@id":"https:\/\/giabn.com\/ca\/#website"},"primaryImageOfPage":{"@id":"https:\/\/giabn.com\/fll-directive-now-also-in-english\/#primaryimage"},"image":{"@id":"https:\/\/giabn.com\/fll-directive-now-also-in-english\/#primaryimage"},"thumbnailUrl":"https:\/\/giabn.com\/wp-content\/uploads\/2023\/01\/980.jpg","datePublished":"2023-01-18T16:55:44+00:00","dateModified":"2023-01-18T16:56:02+00:00","breadcrumb":{"@id":"https:\/\/giabn.com\/fll-directive-now-also-in-english\/#breadcrumb"},"inLanguage":"en-US","potentialAction":[{"@type":"ReadAction","target":["https:\/\/giabn.com\/fll-directive-now-also-in-english\/"]}]},{"@type":"ImageObject","inLanguage":"en-US","@id":"https:\/\/giabn.com\/fll-directive-now-also-in-english\/#primaryimage","url":"https:\/\/giabn.com\/wp-content\/uploads\/2023\/01\/980.jpg","contentUrl":"https:\/\/giabn.com\/wp-content\/uploads\/2023\/01\/980.jpg"},{"@type":"BreadcrumbList","@id":"https:\/\/giabn.com\/fll-directive-now-also-in-english\/#breadcrumb","itemListElement":[{"@type":"ListItem","position":1,"name":"Home","item":"https:\/\/giabn.com\/"},{"@type":"ListItem","position":2,"name":"Directiva FLL ahora tambi\u00e9n en Ingl\u00e9s"}]},{"@type":"WebSite","@id":"https:\/\/giabn.com\/ca\/#website","url":"https:\/\/giabn.com\/ca\/","name":"GIABN","description":"Grupo Ib&eacute;rico de Aguas de Ba\u00f1o Naturalizadas GIABN","publisher":{"@id":"https:\/\/giabn.com\/ca\/#organization"},"potentialAction":[{"@type":"SearchAction","target":{"@type":"EntryPoint","urlTemplate":"https:\/\/giabn.com\/ca\/?s={search_term_string}"},"query-input":{"@type":"PropertyValueSpecification","valueRequired":true,"valueName":"search_term_string"}}],"inLanguage":"en-US"},{"@type":"Organization","@id":"https:\/\/giabn.com\/ca\/#organization","name":"IOB EV","url":"https:\/\/giabn.com\/ca\/","logo":{"@type":"ImageObject","inLanguage":"en-US","@id":"https:\/\/giabn.com\/ca\/#\/schema\/logo\/image\/","url":"https:\/\/giabn.com\/wp-content\/uploads\/2023\/01\/logo-giabn.png","contentUrl":"https:\/\/giabn.com\/wp-content\/uploads\/2023\/01\/logo-giabn.png","width":134,"height":101,"caption":"IOB EV"},"image":{"@id":"https:\/\/giabn.com\/ca\/#\/schema\/logo\/image\/"}}]}},"_links":{"self":[{"href":"https:\/\/giabn.com\/en\/wp-json\/wp\/v2\/pages\/5613","targetHints":{"allow":["GET"]}}],"collection":[{"href":"https:\/\/giabn.com\/en\/wp-json\/wp\/v2\/pages"}],"about":[{"href":"https:\/\/giabn.com\/en\/wp-json\/wp\/v2\/types\/page"}],"author":[{"embeddable":true,"href":"https:\/\/giabn.com\/en\/wp-json\/wp\/v2\/users\/1"}],"replies":[{"embeddable":true,"href":"https:\/\/giabn.com\/en\/wp-json\/wp\/v2\/comments?post=5613"}],"version-history":[{"count":0,"href":"https:\/\/giabn.com\/en\/wp-json\/wp\/v2\/pages\/5613\/revisions"}],"wp:attachment":[{"href":"https:\/\/giabn.com\/en\/wp-json\/wp\/v2\/media?parent=5613"}],"curies":[{"name":"wp","href":"https:\/\/api.w.org\/{rel}","templated":true}]}}