{"id":5601,"date":"2023-01-18T17:29:28","date_gmt":"2023-01-18T16:29:28","guid":{"rendered":"https:\/\/giabn.com\/?page_id=5601"},"modified":"2023-01-18T17:47:04","modified_gmt":"2023-01-18T16:47:04","slug":"1-conferencia-iberica-de-piscinas-com-tratamento-biologico","status":"publish","type":"page","link":"https:\/\/giabn.com\/en\/1-conferencia-iberica-de-piscinas-com-tratamento-biologico\/","title":{"rendered":"1. Conferencia Ib\u00e9rica de Piscinas com tratamento biol\u00f3gico"},"content":{"rendered":"<div id=\"pl-5601\"  class=\"panel-layout\" ><div id=\"pg-5601-0\"  class=\"panel-grid panel-has-style\" ><div style=\"padding: 100px 0; \" data-overlay=\"true\" class=\"panel-row-style panel-row-style-for-5601-0\" ><div id=\"pgc-5601-0-0\"  class=\"panel-grid-cell\" ><div id=\"panel-5601-0-0-0\" class=\"so-panel widget widget_sow-editor panel-first-child panel-last-child\" data-index=\"0\" ><div style=\"text-align: left;\" data-title-color=\"#443f3f\" data-headings-color=\"#443f3f\" class=\"panel-widget-style panel-widget-style-for-5601-0-0-0\" ><div\n\t\t\t\n\t\t\tclass=\"so-widget-sow-editor so-widget-sow-editor-base\"\n\t\t\t\n\t\t>\n<div class=\"siteorigin-widget-tinymce textwidget\">\n\t<p><img decoding=\"async\" class=\"size-full wp-image-5403 alignleft lazyload\" data-src=\"https:\/\/giabn.com\/wp-content\/uploads\/2023\/01\/1011.jpg\" alt=\"\" width=\"123\" height=\"92\" src=\"data:image\/svg+xml;base64,PHN2ZyB3aWR0aD0iMSIgaGVpZ2h0PSIxIiB4bWxucz0iaHR0cDovL3d3dy53My5vcmcvMjAwMC9zdmciPjwvc3ZnPg==\" style=\"--smush-placeholder-width: 123px; --smush-placeholder-aspect-ratio: 123\/92;\" \/><span class=\"datum\">1 de Julho de 2014 (Aljezur, Portugal) <\/span><\/p>\n<h2>1. Conferencia Ib\u00e9rica de Piscinas com tratamento biol\u00f3gico<\/h2>\n<div class=\"p\">\n<p>Estas piscinas, vulgarmente tituladas como biol\u00f3gicas, t\u00eam sido muito bem aceites em pa\u00edses da Europa Central como \u00e9 o caso da Alemanha, havendo at\u00e9 algumas piscinas biol\u00f3gicas p\u00fablicas que chegam a poder ter 5000 visitantes por dia. Em Portugal e Espanha a maioria das piscinas deste tipo existentes s\u00e3o projetos de uso familiar, contudo j\u00e1 existem alguns projetos de uso tur\u00edstico.<\/p>\n<p>O objectivo da confer\u00eancia \u00e9 informar os projectistas, designers, os organismos p\u00fablicos sobre a gest\u00e3o e assuntos da sa\u00fade de piscinas com tratamento biol\u00f3gico e promover o di\u00e1logo entre projetistas, cientistas e entidades p\u00fablicas. A aus\u00eancia de legisla\u00e7\u00e3o nacional aplic\u00e1vel para piscinas com tratamento biol\u00f3gico, em Portugal bem como na Espanha, \u00e9 respons\u00e1vel para uma falta de base para o enquadramento jur\u00eddico correcto, seja nos processos de licenciamento, seja na avalia\u00e7\u00e3o dos mesmos. Com o aparecimento de primeiros projetos p\u00fablicos na Pen\u00ednsula Ib\u00e9rica, ainda em fase de estudo, o Grupo Ib\u00e9rico de \u00c1guas Balneares Naturalizadas sentiu a necessidade de convidar para esta confer\u00eancia em Aljezur no dia 30 de Setembro de 2014.<\/p>\n<p>O programa inclui assuntos como a efic\u00e1cia de sistemas de tratamento biol\u00f3gico, a limnologia e bacteriologia de piscinas p\u00fablicas com tratamento biol\u00f3gico. Apresentadores oriundos de Alemanha, Espanha, Portugal e It\u00e1lia v\u00e3o abordar assuntos de apoio financeiro para estas instala\u00e7\u00f5es p\u00fablicas.<br \/>\nUm Presidente da C\u00e2mara vai falar sobre a gest\u00e3o da piscina p\u00fablica com tratamento biol\u00f3gico no munic\u00edpio dele. Ser\u00e1 apresentado uma proposta do GIABN de directrizes para Portugal e Espanha como ferramenta de regulamento destes equipamentos na Ib\u00e9ria.<\/p>\n<p>O Grupo Ib\u00e9rico de \u00c1guas Balneares Naturalizadas GIABN \u00e9 uma associa\u00e7\u00e3o bi-nacional de profissionais da \u00e1rea de planeamento e constru\u00e7\u00e3o de piscinas com tratamento biol\u00f3gico. O Grupo est\u00e1 aberto para os profissionais da \u00e1rea bem como para promotores de projectos, propriet\u00e1rios e amigos destas piscinas.<\/p>\n<p>Piscinas com tratamento biol\u00f3gico \u00e9 a denomina\u00e7\u00e3o t\u00e9cnica correta destas instala\u00e7\u00f5es balneares conhecidas por piscinas naturalizadas, piscinas biol\u00f3gicas, eco piscinas e outras denomina\u00e7\u00f5es semelhantes. Na Pen\u00ednsula Ib\u00e9rica e em conformidade de defini\u00e7\u00f5es noutros pa\u00edses europeias se entende como piscina com tratamento biol\u00f3gico laminas de \u00e1gua para fins de lazer, impermeabilizados, dotados de uma parte destinada a banhos e uma outra destinada a depura\u00e7\u00e3o de \u00e1gua atrav\u00e9s de processos biol\u00f3gicos e mec\u00e2nicos. O objectivo principal de uma piscina com tratamento biol\u00f3gico \u00e9 oferecer \u00e1gua de qualidade balnear consoante a legisla\u00e7\u00e3o europeia e regulamentos internacionais. S\u00e3o exclu\u00eddos todos os processos que usam qu\u00edmicos, raios UV, infra-som e semelhantes. A ideia surgiu nos anos 80 na Europa Central (\u00c1ustria e Alemanha) e na Pen\u00ednsula Ib\u00e9rica as primeiras foram constru\u00eddas h\u00e1 20 anos.<\/p>\n<p>Download:\u00a0<a href=\"https:\/\/giabn.com\/wp-content\/uploads\/2023\/01\/programa-preliminar-folheto-P.pdf\" target=\"_blank\" rel=\"noopener\">Programa preliminar da confer\u00eancia<\/a>\u00a0(332\u00a0kB)<\/p>\n<\/div>\n<\/div>\n<\/div><\/div><\/div><\/div><\/div><\/div><\/div>","protected":false},"excerpt":{"rendered":"<p>1 de Julho de 2014 (Aljezur, Portugal) 1. Conferencia Ib\u00e9rica de Piscinas com tratamento biol\u00f3gico Estas piscinas, vulgarmente tituladas como biol\u00f3gicas, t\u00eam [&hellip;]<\/p>\n","protected":false},"author":1,"featured_media":0,"parent":0,"menu_order":0,"comment_status":"closed","ping_status":"closed","template":"","meta":{"footnotes":""},"class_list":["post-5601","page","type-page","status-publish","hentry"],"yoast_head":"<!-- This site is optimized with the Yoast SEO plugin v27.5 - https:\/\/yoast.com\/product\/yoast-seo-wordpress\/ -->\n<title><\/title>\n<meta name=\"robots\" content=\"index, follow, max-snippet:-1, max-image-preview:large, max-video-preview:-1\" \/>\n<link rel=\"canonical\" href=\"https:\/\/giabn.com\/1-conferencia-iberica-de-piscinas-com-tratamento-biologico\/\" \/>\n<meta name=\"twitter:card\" content=\"summary_large_image\" \/>\n<meta name=\"twitter:title\" content=\"[:pt]1. Conferencia Ib\u00e9rica de Piscinas com tratamento biol\u00f3gico[:ca] 1. Confer\u00e8ncia Ib\u00e8rica de Piscines amb tractament biol\u00f2gic [:es]1. Conferencia Ib\u00e9rica de Piscinas con tratamiento biol\u00f3gico[:] - GIABN\" \/>\n<meta name=\"twitter:description\" content=\"1 de Julho de 2014 (Aljezur, Portugal) 1. Conferencia Ib\u00e9rica de Piscinas com tratamento biol\u00f3gico Estas piscinas, vulgarmente tituladas como biol\u00f3gicas, t\u00eam [&hellip;]\" \/>\n<meta name=\"twitter:image\" content=\"https:\/\/giabn.com\/wp-content\/uploads\/2023\/01\/1011.jpg\" \/>\n<meta name=\"twitter:label1\" content=\"Est. reading time\" \/>\n\t<meta name=\"twitter:data1\" content=\"7 minutes\" \/>\n<script type=\"application\/ld+json\" class=\"yoast-schema-graph\">{\"@context\":\"https:\\\/\\\/schema.org\",\"@graph\":[{\"@type\":\"WebPage\",\"@id\":\"https:\\\/\\\/giabn.com\\\/1-conferencia-iberica-de-piscinas-com-tratamento-biologico\\\/\",\"url\":\"https:\\\/\\\/giabn.com\\\/1-conferencia-iberica-de-piscinas-com-tratamento-biologico\\\/\",\"name\":\"[:pt]1. Conferencia Ib\u00e9rica de Piscinas com tratamento biol\u00f3gico[:ca] 1. Confer\u00e8ncia Ib\u00e8rica de Piscines amb tractament biol\u00f2gic [:es]1. Conferencia Ib\u00e9rica de Piscinas con tratamiento biol\u00f3gico[:] - GIABN\",\"isPartOf\":{\"@id\":\"https:\\\/\\\/giabn.com\\\/ca\\\/#website\"},\"primaryImageOfPage\":{\"@id\":\"https:\\\/\\\/giabn.com\\\/1-conferencia-iberica-de-piscinas-com-tratamento-biologico\\\/#primaryimage\"},\"image\":{\"@id\":\"https:\\\/\\\/giabn.com\\\/1-conferencia-iberica-de-piscinas-com-tratamento-biologico\\\/#primaryimage\"},\"thumbnailUrl\":\"https:\\\/\\\/giabn.com\\\/wp-content\\\/uploads\\\/2023\\\/01\\\/1011.jpg\",\"datePublished\":\"2023-01-18T16:29:28+00:00\",\"dateModified\":\"2023-01-18T16:47:04+00:00\",\"breadcrumb\":{\"@id\":\"https:\\\/\\\/giabn.com\\\/1-conferencia-iberica-de-piscinas-com-tratamento-biologico\\\/#breadcrumb\"},\"inLanguage\":\"en-US\",\"potentialAction\":[{\"@type\":\"ReadAction\",\"target\":[\"https:\\\/\\\/giabn.com\\\/1-conferencia-iberica-de-piscinas-com-tratamento-biologico\\\/\"]}]},{\"@type\":\"ImageObject\",\"inLanguage\":\"en-US\",\"@id\":\"https:\\\/\\\/giabn.com\\\/1-conferencia-iberica-de-piscinas-com-tratamento-biologico\\\/#primaryimage\",\"url\":\"https:\\\/\\\/giabn.com\\\/wp-content\\\/uploads\\\/2023\\\/01\\\/1011.jpg\",\"contentUrl\":\"https:\\\/\\\/giabn.com\\\/wp-content\\\/uploads\\\/2023\\\/01\\\/1011.jpg\"},{\"@type\":\"BreadcrumbList\",\"@id\":\"https:\\\/\\\/giabn.com\\\/1-conferencia-iberica-de-piscinas-com-tratamento-biologico\\\/#breadcrumb\",\"itemListElement\":[{\"@type\":\"ListItem\",\"position\":1,\"name\":\"Home\",\"item\":\"https:\\\/\\\/giabn.com\\\/\"},{\"@type\":\"ListItem\",\"position\":2,\"name\":\"1. Conferencia Ib\u00e9rica de Piscinas con tratamiento biol\u00f3gico\"}]},{\"@type\":\"WebSite\",\"@id\":\"https:\\\/\\\/giabn.com\\\/ca\\\/#website\",\"url\":\"https:\\\/\\\/giabn.com\\\/ca\\\/\",\"name\":\"GIABN\",\"description\":\"Grupo Ib&eacute;rico de Aguas de Ba\u00f1o Naturalizadas GIABN\",\"publisher\":{\"@id\":\"https:\\\/\\\/giabn.com\\\/ca\\\/#organization\"},\"potentialAction\":[{\"@type\":\"SearchAction\",\"target\":{\"@type\":\"EntryPoint\",\"urlTemplate\":\"https:\\\/\\\/giabn.com\\\/ca\\\/?s={search_term_string}\"},\"query-input\":{\"@type\":\"PropertyValueSpecification\",\"valueRequired\":true,\"valueName\":\"search_term_string\"}}],\"inLanguage\":\"en-US\"},{\"@type\":\"Organization\",\"@id\":\"https:\\\/\\\/giabn.com\\\/ca\\\/#organization\",\"name\":\"IOB EV\",\"url\":\"https:\\\/\\\/giabn.com\\\/ca\\\/\",\"logo\":{\"@type\":\"ImageObject\",\"inLanguage\":\"en-US\",\"@id\":\"https:\\\/\\\/giabn.com\\\/ca\\\/#\\\/schema\\\/logo\\\/image\\\/\",\"url\":\"https:\\\/\\\/giabn.com\\\/wp-content\\\/uploads\\\/2023\\\/01\\\/logo-giabn.png\",\"contentUrl\":\"https:\\\/\\\/giabn.com\\\/wp-content\\\/uploads\\\/2023\\\/01\\\/logo-giabn.png\",\"width\":134,\"height\":101,\"caption\":\"IOB EV\"},\"image\":{\"@id\":\"https:\\\/\\\/giabn.com\\\/ca\\\/#\\\/schema\\\/logo\\\/image\\\/\"}}]}<\/script>\n<!-- \/ Yoast SEO plugin. -->","yoast_head_json":{"title":"[:pt]1. Conferencia Ib\u00e9rica de Piscinas com tratamento biol\u00f3gico[:ca] 1. Confer\u00e8ncia Ib\u00e8rica de Piscines amb tractament biol\u00f2gic [:es]1. Conferencia Ib\u00e9rica de Piscinas con tratamiento biol\u00f3gico[:] - GIABN","robots":{"index":"index","follow":"follow","max-snippet":"max-snippet:-1","max-image-preview":"max-image-preview:large","max-video-preview":"max-video-preview:-1"},"canonical":"https:\/\/giabn.com\/1-conferencia-iberica-de-piscinas-com-tratamento-biologico\/","twitter_card":"summary_large_image","twitter_title":"[:pt]1. Conferencia Ib\u00e9rica de Piscinas com tratamento biol\u00f3gico[:ca] 1. Confer\u00e8ncia Ib\u00e8rica de Piscines amb tractament biol\u00f2gic [:es]1. Conferencia Ib\u00e9rica de Piscinas con tratamiento biol\u00f3gico[:] - GIABN","twitter_description":"1 de Julho de 2014 (Aljezur, Portugal) 1. Conferencia Ib\u00e9rica de Piscinas com tratamento biol\u00f3gico Estas piscinas, vulgarmente tituladas como biol\u00f3gicas, t\u00eam [&hellip;]","twitter_image":"https:\/\/giabn.com\/wp-content\/uploads\/2023\/01\/1011.jpg","twitter_misc":{"Est. reading time":"7 minutes"},"schema":{"@context":"https:\/\/schema.org","@graph":[{"@type":"WebPage","@id":"https:\/\/giabn.com\/1-conferencia-iberica-de-piscinas-com-tratamento-biologico\/","url":"https:\/\/giabn.com\/1-conferencia-iberica-de-piscinas-com-tratamento-biologico\/","name":"[:pt]1. Conferencia Ib\u00e9rica de Piscinas com tratamento biol\u00f3gico[:ca] 1. Confer\u00e8ncia Ib\u00e8rica de Piscines amb tractament biol\u00f2gic [:es]1. Conferencia Ib\u00e9rica de Piscinas con tratamiento biol\u00f3gico[:] - GIABN","isPartOf":{"@id":"https:\/\/giabn.com\/ca\/#website"},"primaryImageOfPage":{"@id":"https:\/\/giabn.com\/1-conferencia-iberica-de-piscinas-com-tratamento-biologico\/#primaryimage"},"image":{"@id":"https:\/\/giabn.com\/1-conferencia-iberica-de-piscinas-com-tratamento-biologico\/#primaryimage"},"thumbnailUrl":"https:\/\/giabn.com\/wp-content\/uploads\/2023\/01\/1011.jpg","datePublished":"2023-01-18T16:29:28+00:00","dateModified":"2023-01-18T16:47:04+00:00","breadcrumb":{"@id":"https:\/\/giabn.com\/1-conferencia-iberica-de-piscinas-com-tratamento-biologico\/#breadcrumb"},"inLanguage":"en-US","potentialAction":[{"@type":"ReadAction","target":["https:\/\/giabn.com\/1-conferencia-iberica-de-piscinas-com-tratamento-biologico\/"]}]},{"@type":"ImageObject","inLanguage":"en-US","@id":"https:\/\/giabn.com\/1-conferencia-iberica-de-piscinas-com-tratamento-biologico\/#primaryimage","url":"https:\/\/giabn.com\/wp-content\/uploads\/2023\/01\/1011.jpg","contentUrl":"https:\/\/giabn.com\/wp-content\/uploads\/2023\/01\/1011.jpg"},{"@type":"BreadcrumbList","@id":"https:\/\/giabn.com\/1-conferencia-iberica-de-piscinas-com-tratamento-biologico\/#breadcrumb","itemListElement":[{"@type":"ListItem","position":1,"name":"Home","item":"https:\/\/giabn.com\/"},{"@type":"ListItem","position":2,"name":"1. Conferencia Ib\u00e9rica de Piscinas con tratamiento biol\u00f3gico"}]},{"@type":"WebSite","@id":"https:\/\/giabn.com\/ca\/#website","url":"https:\/\/giabn.com\/ca\/","name":"GIABN","description":"Grupo Ib&eacute;rico de Aguas de Ba\u00f1o Naturalizadas GIABN","publisher":{"@id":"https:\/\/giabn.com\/ca\/#organization"},"potentialAction":[{"@type":"SearchAction","target":{"@type":"EntryPoint","urlTemplate":"https:\/\/giabn.com\/ca\/?s={search_term_string}"},"query-input":{"@type":"PropertyValueSpecification","valueRequired":true,"valueName":"search_term_string"}}],"inLanguage":"en-US"},{"@type":"Organization","@id":"https:\/\/giabn.com\/ca\/#organization","name":"IOB EV","url":"https:\/\/giabn.com\/ca\/","logo":{"@type":"ImageObject","inLanguage":"en-US","@id":"https:\/\/giabn.com\/ca\/#\/schema\/logo\/image\/","url":"https:\/\/giabn.com\/wp-content\/uploads\/2023\/01\/logo-giabn.png","contentUrl":"https:\/\/giabn.com\/wp-content\/uploads\/2023\/01\/logo-giabn.png","width":134,"height":101,"caption":"IOB EV"},"image":{"@id":"https:\/\/giabn.com\/ca\/#\/schema\/logo\/image\/"}}]}},"_links":{"self":[{"href":"https:\/\/giabn.com\/en\/wp-json\/wp\/v2\/pages\/5601","targetHints":{"allow":["GET"]}}],"collection":[{"href":"https:\/\/giabn.com\/en\/wp-json\/wp\/v2\/pages"}],"about":[{"href":"https:\/\/giabn.com\/en\/wp-json\/wp\/v2\/types\/page"}],"author":[{"embeddable":true,"href":"https:\/\/giabn.com\/en\/wp-json\/wp\/v2\/users\/1"}],"replies":[{"embeddable":true,"href":"https:\/\/giabn.com\/en\/wp-json\/wp\/v2\/comments?post=5601"}],"version-history":[{"count":0,"href":"https:\/\/giabn.com\/en\/wp-json\/wp\/v2\/pages\/5601\/revisions"}],"wp:attachment":[{"href":"https:\/\/giabn.com\/en\/wp-json\/wp\/v2\/media?parent=5601"}],"curies":[{"name":"wp","href":"https:\/\/api.w.org\/{rel}","templated":true}]}}