{"id":6369,"date":"2024-01-17T19:01:52","date_gmt":"2024-01-17T18:01:52","guid":{"rendered":"https:\/\/giabn.com\/?page_id=6369"},"modified":"2024-01-23T12:02:30","modified_gmt":"2024-01-23T11:02:30","slug":"common-essentials","status":"publish","type":"page","link":"https:\/\/giabn.com\/ca\/common-essentials\/","title":{"rendered":"Common Essentials"},"content":{"rendered":"<div id=\"pl-6369\"  class=\"panel-layout\" ><div id=\"pg-6369-0\"  class=\"panel-grid panel-has-style\" ><div style=\"padding: 100px 0; \" data-overlay=\"true\" class=\"panel-row-style panel-row-style-for-6369-0\" ><div id=\"pgc-6369-0-0\"  class=\"panel-grid-cell\" ><div id=\"panel-6369-0-0-0\" class=\"so-panel widget widget_sow-editor panel-first-child panel-last-child\" data-index=\"0\" ><div style=\"text-align: left;\" data-title-color=\"#443f3f\" data-headings-color=\"#443f3f\" class=\"panel-widget-style panel-widget-style-for-6369-0-0-0\" ><div\n\t\t\t\n\t\t\tclass=\"so-widget-sow-editor so-widget-sow-editor-base\"\n\t\t\t\n\t\t>\n<div class=\"siteorigin-widget-tinymce textwidget\">\n\t<\/p>\n<p>COMMON ESSENTIALS<br \/>\nEls Common Essentials van ser desenvolupats per la IOB i totes les associacions de llacs de bany i piscines biol\u00f2giques afiliades per definir els principis b\u00e0sics m\u00e9s importants en la planificaci\u00f3 i construcci\u00f3 de biopiscines. Per tant, ara hi ha un est\u00e0ndard m\u00ednim v\u00e0lid a tot el m\u00f3n per a piscines amb tractament d'aigua biol\u00f2gic. Aix\u00f2 garanteix una certa qualitat i tamb\u00e9 ajuda a protegir-nos de la compet\u00e8ncia deslleial i el rentat verd.<br \/>\nAcord dels membres de l'IOB sobre Common Essentials en la planificaci\u00f3,<br \/>\nconstrucci\u00f3 i manteniment d'estanys naturals per nedar (NSP): Natural Swimming Ponds.<\/p>\n<p>1. Solucions basades en la natura<br \/>\nLes piscines i llacs biol\u00f2gics s\u00f3n solucions basades en la natura(= nature-based solutions, NBS), sistemes dissenyats que utilitzen principis i processos coneguts de la natura.<\/p>\n<p>2. Economia circular<br \/>\nLa intenci\u00f3 \u00e9s que tots els materials utilitzats a la construcci\u00f3 de NSP compleixin els requisits d'una economia circular. L'objectiu d'aix\u00f2 \u00e9s eliminar el malbaratament i el consum continu de recursos. Els sistemes circulars empren la reutilitzaci\u00f3, l'intercanvi, la reparaci\u00f3, la restauraci\u00f3, la refabricacio i el reciclatge per crear un sistema de circuit tancat, minimitzant l'\u00fas d'insums de recursos i la creaci\u00f3 de deixalles, contaminaci\u00f3 i emissions de carboni.<\/p>\n<p>3. Tractament biol\u00f2gic<br \/>\nPer clarificar i purificar l'aigua, les NSP utilitzen exclusivament processos mec\u00e0nics i biol\u00f2gics per reduir els nutrients.<br \/>\nQualsevol altra mesura o intervenci\u00f3 ha de garantir principalment aquests processos. No es permet el dany sostingut a aquests processos desitjats, com l'\u00fas de biocides o la desinfecci\u00f3 qu\u00edmica.<\/p>\n<p>4. Proc\u00e9s de planificaci\u00f3<br \/>\nCada NSP \u00e9s el resultat d'una implementaci\u00f3 professional de la sol\u00b7licitud del client i un proc\u00e9s de planificaci\u00f3 basat en enfocaments cient\u00edfics i tecnologia punta. El pla resultant descriu el proc\u00e9s de tractament de l'aigua i en prediu una excellent qualitat de l'aigua de bany. Quan la NSP \u00e9s en funcionament, el proc\u00e9s de tractament d'aigua planificat ha de complir amb les prediccions i expectatives sobre la qualitat aigua.<\/p>\n<p>5. Informaci\u00f3 als clients<br \/>\nEls clients han d'estar informats sobre tots els aspectes de un NSP, incl\u00f2s el manteniment, especialment pel que fa a all\u00f2 que s'espera en termes de qualitat de l'aigua viva i pres\u00e8ncia de vida silvestre.<\/p>\n<p>6. Reglament<br \/>\nS'han de seguir les normes d'edificaci\u00f3 i construcci\u00f3 vigents.<br \/>\nAix\u00f2 tamb\u00e9 s'aplica a totes les normes de seguretat existents per a piscines.<\/p>\n<p>7. Configuraci\u00f3 interna<br \/>\nUn NSP es divideix en una \u00e0rea o \u00e0rees de bany i una \u00e0rea o \u00e0rees de tractament. Les \u00e0rees de tractament no s\u00f3n per a l'entrada de banyistes.<\/p>\n<p>8. Aigua d\u2019escorrentia<br \/>\nL'escorrentia d'aigua superficial de la propietat que envolta la NSP no ha de fluir cap a la NSP.<\/p>\n<p>9. Segellat<br \/>\nUna NSP ha d'estar segellada, \u00e9s a dir, a\u00efllada del terra a sota i al voltant de la NSP.<\/p>\n<p>10. Materials inofensius<br \/>\nEls materials utilitzats a les NSP no han de contaminar l'aigua ni el medi ambient. Aix\u00f2 tamb\u00e9 inclou limitar la introducci\u00f3 de f\u00f2sfor.<\/p>\n<p>11. Plantes aut\u00f2ctones<br \/>\nSi es fan servir plantes en una NSP, es prefereixen les plantes aut\u00f2ctones. Les plantes considerades esp\u00e8cies invasores on es troba el PEN estan prohibides. Les plantes utilitzades en una NSP han de cultivar-se per a aquest fi i no recol\u00b7lectar-se de la naturalesa.<\/p>\n<p>12. Composici\u00f3 de l'aigua<br \/>\nCal analitzar la composici\u00f3 fisicoqu\u00edmica de tota l'aigua utilitzada per omplir la NSP abans del primer omplert i el resultat s'ha d'incloure al proc\u00e9s de planificaci\u00f3.<br \/>\nLa composici\u00f3 fisicoqu\u00edmica de l'aigua utilitzada per emplenar la NSP ha d'analitzar-se i ajustar-se a intervals regulars.<\/p>\n<p>13. Prova d'aigua<br \/>\nEs realitzaran proves peri\u00f2diques de l'aigua respecte als par\u00e0metres higi\u00e8nics i fisicoqu\u00edmics de la qualitat de l'aigua segons ho requereixin els funcionaris de salut per a les NSP p\u00fabliques i, si cal, per a les NSP privades.<\/p>\n<p>14. Organismes indicadors<br \/>\nPer avaluar la qualitat de l'aigua, s'utilitzaran els valors l\u00edmit espec\u00edfics del pa\u00eds. En cas contrari, s'utilitzaran els organismes indicadors recomanats per l'Organitzaci\u00f3 Mundial de la Salut (OMS) per a les aig\u00fces de bany.<\/p><\/p>\n<\/div>\n<\/div><\/div><\/div><\/div><\/div><\/div><\/div>","protected":false},"excerpt":{"rendered":"<p>COMMON ESSENTIALS Els Common Essentials van ser desenvolupats per la IOB i totes les associacions de llacs de bany i piscines biol\u00f2giques [&hellip;]<\/p>\n","protected":false},"author":1,"featured_media":0,"parent":0,"menu_order":0,"comment_status":"closed","ping_status":"closed","template":"","meta":{"footnotes":""},"class_list":["post-6369","page","type-page","status-publish","hentry"],"yoast_head":"<!-- This site is optimized with the Yoast SEO plugin v27.4 - https:\/\/yoast.com\/product\/yoast-seo-wordpress\/ -->\n<title>Common Essentials - GIABN<\/title>\n<meta name=\"robots\" content=\"index, follow, max-snippet:-1, max-image-preview:large, max-video-preview:-1\" \/>\n<link rel=\"canonical\" href=\"https:\/\/giabn.com\/common-essentials\/\" \/>\n<meta name=\"twitter:card\" content=\"summary_large_image\" \/>\n<meta name=\"twitter:title\" content=\"Common Essentials - GIABN\" \/>\n<meta name=\"twitter:description\" content=\"COMMON ESSENTIALS Els Common Essentials van ser desenvolupats per la IOB i totes les associacions de llacs de bany i piscines biol\u00f2giques [&hellip;]\" \/>\n<meta name=\"twitter:label1\" content=\"Temps estimat de lectura\" \/>\n\t<meta name=\"twitter:data1\" content=\"13 minuts\" \/>\n<script type=\"application\/ld+json\" class=\"yoast-schema-graph\">{\"@context\":\"https:\\\/\\\/schema.org\",\"@graph\":[{\"@type\":\"WebPage\",\"@id\":\"https:\\\/\\\/giabn.com\\\/common-essentials\\\/\",\"url\":\"https:\\\/\\\/giabn.com\\\/common-essentials\\\/\",\"name\":\"Common Essentials - GIABN\",\"isPartOf\":{\"@id\":\"https:\\\/\\\/giabn.com\\\/ca\\\/#website\"},\"datePublished\":\"2024-01-17T18:01:52+00:00\",\"dateModified\":\"2024-01-23T11:02:30+00:00\",\"breadcrumb\":{\"@id\":\"https:\\\/\\\/giabn.com\\\/common-essentials\\\/#breadcrumb\"},\"inLanguage\":\"ca\",\"potentialAction\":[{\"@type\":\"ReadAction\",\"target\":[\"https:\\\/\\\/giabn.com\\\/common-essentials\\\/\"]}]},{\"@type\":\"BreadcrumbList\",\"@id\":\"https:\\\/\\\/giabn.com\\\/common-essentials\\\/#breadcrumb\",\"itemListElement\":[{\"@type\":\"ListItem\",\"position\":1,\"name\":\"Home\",\"item\":\"https:\\\/\\\/giabn.com\\\/\"},{\"@type\":\"ListItem\",\"position\":2,\"name\":\"Common Essentials\"}]},{\"@type\":\"WebSite\",\"@id\":\"https:\\\/\\\/giabn.com\\\/ca\\\/#website\",\"url\":\"https:\\\/\\\/giabn.com\\\/ca\\\/\",\"name\":\"GIABN\",\"description\":\"Grupo Ib&eacute;rico de Aguas de Ba\u00f1o Naturalizadas GIABN\",\"publisher\":{\"@id\":\"https:\\\/\\\/giabn.com\\\/ca\\\/#organization\"},\"potentialAction\":[{\"@type\":\"SearchAction\",\"target\":{\"@type\":\"EntryPoint\",\"urlTemplate\":\"https:\\\/\\\/giabn.com\\\/ca\\\/?s={search_term_string}\"},\"query-input\":{\"@type\":\"PropertyValueSpecification\",\"valueRequired\":true,\"valueName\":\"search_term_string\"}}],\"inLanguage\":\"ca\"},{\"@type\":\"Organization\",\"@id\":\"https:\\\/\\\/giabn.com\\\/ca\\\/#organization\",\"name\":\"IOB EV\",\"url\":\"https:\\\/\\\/giabn.com\\\/ca\\\/\",\"logo\":{\"@type\":\"ImageObject\",\"inLanguage\":\"ca\",\"@id\":\"https:\\\/\\\/giabn.com\\\/ca\\\/#\\\/schema\\\/logo\\\/image\\\/\",\"url\":\"https:\\\/\\\/giabn.com\\\/wp-content\\\/uploads\\\/2023\\\/01\\\/logo-giabn.png\",\"contentUrl\":\"https:\\\/\\\/giabn.com\\\/wp-content\\\/uploads\\\/2023\\\/01\\\/logo-giabn.png\",\"width\":134,\"height\":101,\"caption\":\"IOB EV\"},\"image\":{\"@id\":\"https:\\\/\\\/giabn.com\\\/ca\\\/#\\\/schema\\\/logo\\\/image\\\/\"}}]}<\/script>\n<!-- \/ Yoast SEO plugin. -->","yoast_head_json":{"title":"Common Essentials - GIABN","robots":{"index":"index","follow":"follow","max-snippet":"max-snippet:-1","max-image-preview":"max-image-preview:large","max-video-preview":"max-video-preview:-1"},"canonical":"https:\/\/giabn.com\/common-essentials\/","twitter_card":"summary_large_image","twitter_title":"Common Essentials - GIABN","twitter_description":"COMMON ESSENTIALS Els Common Essentials van ser desenvolupats per la IOB i totes les associacions de llacs de bany i piscines biol\u00f2giques [&hellip;]","twitter_misc":{"Temps estimat de lectura":"13 minuts"},"schema":{"@context":"https:\/\/schema.org","@graph":[{"@type":"WebPage","@id":"https:\/\/giabn.com\/common-essentials\/","url":"https:\/\/giabn.com\/common-essentials\/","name":"Common Essentials - GIABN","isPartOf":{"@id":"https:\/\/giabn.com\/ca\/#website"},"datePublished":"2024-01-17T18:01:52+00:00","dateModified":"2024-01-23T11:02:30+00:00","breadcrumb":{"@id":"https:\/\/giabn.com\/common-essentials\/#breadcrumb"},"inLanguage":"ca","potentialAction":[{"@type":"ReadAction","target":["https:\/\/giabn.com\/common-essentials\/"]}]},{"@type":"BreadcrumbList","@id":"https:\/\/giabn.com\/common-essentials\/#breadcrumb","itemListElement":[{"@type":"ListItem","position":1,"name":"Home","item":"https:\/\/giabn.com\/"},{"@type":"ListItem","position":2,"name":"Common Essentials"}]},{"@type":"WebSite","@id":"https:\/\/giabn.com\/ca\/#website","url":"https:\/\/giabn.com\/ca\/","name":"GIABN","description":"Grupo Ib&eacute;rico de Aguas de Ba\u00f1o Naturalizadas GIABN","publisher":{"@id":"https:\/\/giabn.com\/ca\/#organization"},"potentialAction":[{"@type":"SearchAction","target":{"@type":"EntryPoint","urlTemplate":"https:\/\/giabn.com\/ca\/?s={search_term_string}"},"query-input":{"@type":"PropertyValueSpecification","valueRequired":true,"valueName":"search_term_string"}}],"inLanguage":"ca"},{"@type":"Organization","@id":"https:\/\/giabn.com\/ca\/#organization","name":"IOB EV","url":"https:\/\/giabn.com\/ca\/","logo":{"@type":"ImageObject","inLanguage":"ca","@id":"https:\/\/giabn.com\/ca\/#\/schema\/logo\/image\/","url":"https:\/\/giabn.com\/wp-content\/uploads\/2023\/01\/logo-giabn.png","contentUrl":"https:\/\/giabn.com\/wp-content\/uploads\/2023\/01\/logo-giabn.png","width":134,"height":101,"caption":"IOB EV"},"image":{"@id":"https:\/\/giabn.com\/ca\/#\/schema\/logo\/image\/"}}]}},"_links":{"self":[{"href":"https:\/\/giabn.com\/ca\/wp-json\/wp\/v2\/pages\/6369","targetHints":{"allow":["GET"]}}],"collection":[{"href":"https:\/\/giabn.com\/ca\/wp-json\/wp\/v2\/pages"}],"about":[{"href":"https:\/\/giabn.com\/ca\/wp-json\/wp\/v2\/types\/page"}],"author":[{"embeddable":true,"href":"https:\/\/giabn.com\/ca\/wp-json\/wp\/v2\/users\/1"}],"replies":[{"embeddable":true,"href":"https:\/\/giabn.com\/ca\/wp-json\/wp\/v2\/comments?post=6369"}],"version-history":[{"count":0,"href":"https:\/\/giabn.com\/ca\/wp-json\/wp\/v2\/pages\/6369\/revisions"}],"wp:attachment":[{"href":"https:\/\/giabn.com\/ca\/wp-json\/wp\/v2\/media?parent=6369"}],"curies":[{"name":"wp","href":"https:\/\/api.w.org\/{rel}","templated":true}]}}