{"id":6365,"date":"2024-01-17T18:55:04","date_gmt":"2024-01-17T17:55:04","guid":{"rendered":"https:\/\/giabn.com\/?page_id=6365"},"modified":"2024-01-23T11:56:59","modified_gmt":"2024-01-23T10:56:59","slug":"desinfeccao-quimica","status":"publish","type":"page","link":"https:\/\/giabn.com\/ca\/desinfeccao-quimica\/","title":{"rendered":"DESINFECCI\u00d3 QU\u00cdMICA"},"content":{"rendered":"<div id=\"pl-6365\"  class=\"panel-layout\" ><div id=\"pg-6365-0\"  class=\"panel-grid panel-has-style\" ><div style=\"padding: 100px 0; \" data-overlay=\"true\" class=\"panel-row-style panel-row-style-for-6365-0\" ><div id=\"pgc-6365-0-0\"  class=\"panel-grid-cell\" ><div id=\"panel-6365-0-0-0\" class=\"so-panel widget widget_sow-editor panel-first-child panel-last-child\" data-index=\"0\" ><div style=\"text-align: left;\" data-title-color=\"#443f3f\" data-headings-color=\"#443f3f\" class=\"panel-widget-style panel-widget-style-for-6365-0-0-0\" ><div\n\t\t\t\n\t\t\tclass=\"so-widget-sow-editor so-widget-sow-editor-base\"\n\t\t\t\n\t\t>\n<div class=\"siteorigin-widget-tinymce textwidget\">\n\t<p>La depuraci\u00f3 de l'aigua en un estany de nataci\u00f3 i piscina natural es basa en una depuraci\u00f3 purament mec\u00e0nica i biol\u00f2gica i copia els mecanismes de la natura. Amb l'ajuda de la cadena d'alimentaci\u00f3 i l'extracci\u00f3 cont\u00ednua de nutrients s'aconsegueix aigua sana i pura.<br \/>\nAix\u00f2 contrasta absolutament amb la desinfecci\u00f3 qu\u00edmica al bany de clor cl\u00e0ssic o del que alguns anomenen  \u201cpiscina h\u00edbrida\u201d.<\/p>\n<p>Desinfecci\u00f3 qu\u00edmica per clor.<br \/>\nEl m\u00e8tode est\u00e0ndard per mantenir neta l'aigua de la piscina \u00e9s la desinfecci\u00f3 qu\u00edmica, principalment amb clor. Aix\u00f2 es pot afegir a l'aigua en forma de gas, l\u00edquid, pols o tauletes. Tot i aix\u00f2, tamb\u00e9 es pot obtenir per electr\u00f2lisi en el cicle de l'aigua de la piscina, sovint anomenada \"piscina d'aigua salada\".<\/p>\n<p>El clor i altres desinfectants s\u00f3n t\u00f2xics i tenen com a objectiu matar tota la vida present a l'aigua. Els bacteris i les algues tenen una superf\u00edcie molt gran i un metabolisme r\u00e0pid i, per tant, moren molt r\u00e0pidament. Per\u00f2 la nostra pell, ulls i mucoses tamb\u00e9 s\u00f3n atacats.<\/p>\n<p>Perqu\u00e8 el clor desenvolupi el seu efecte mortal, el valor de pH s'ha d'ajustar al rang de 7.2-7.6. Aix\u00f2 es fa autom\u00e0ticament a la piscina d'aigua salada mitjan\u00e7ant l'addici\u00f3 d'\u00e0cid clorh\u00eddric.<\/p>\n<p>Per exemple, el clor reacciona amb el nitrogen de les cremes solars, les part\u00edcules de la pell i l'orina per formar compostos cancer\u00edgens anomenats CLORAMINES.<br \/>\nEspecialment a altes temperatures i un \u00fas intensiu, l'efecte desinfectant sol ser massa feble per prevenir de manera fiable les algues. Per tant,  calen Alguicides, generalment a base de coure, per la qual cosa cal afegir encara m\u00e9s ver\u00ed. Despr\u00e9s d'una pluja sahariana, l'aigua es torna t\u00e8rbola i la pols \u00e9s tan fina que no pot ser atrapada pel filtre. Aqu\u00ed caldr\u00e0 utilitzar un floculant qu\u00edmic.<br \/>\nPer tant, no pots veure els nutrients, per\u00f2 moltes impureses i compostos qu\u00edmics es queden a l'aigua i com m\u00e9s va m\u00e9s s'hi acumulen.<\/p>\n<p>Per cert, el clor \u00e9s un gas inodor. La t\u00edpica \u201color de clor\u201d a les piscines \u00e9s causada pels productes org\u00e0nics que reaccionen amb el clor formant per exemple les Cloramines,<\/p>\n<p>At\u00e8s que tots aquests productes de reacci\u00f3 i toxines s'acumulen a l'aigua de la piscina, l'aigua s'ha de substituir parcialment de forma habitual.. Per tant, a les piscines p\u00fabliques han de canviar cada dia el 5% del volum total d'aigua!<\/p>\n<p>Aigua desinfectada qu\u00edmicament no significa aigua neta, nom\u00e9s vol dir AIGUA MORTA. Tan aviat com manca el desinfectant o el valor del pH se surt del rang necessari, les algues i els bacteris comencen a multiplicar-se exponencialment, l'aigua es torna verda i mostra el seu veritable grau de contaminaci\u00f3. La imatge mostra la mateixa piscina 7 dies abans (blau, transparent) i despr\u00e9s del frac\u00e0s de la desinfecci\u00f3 (verd i t\u00e8rbola).<\/p>\n<p>Desinfecci\u00f3 qu\u00edmica a la anomenada \u201cpiscina h\u00edbrida\u201d (sovint venuda interesadament com a piscina biol\u00f2gica o ecol\u00f2gica)<br \/>\nAquetes \u201c piscines h\u00edbrides\u201d utilitzen una forma diferent de desinfecci\u00f3 que permet que alguns organismes aqu\u00e0tics resistents sobrevisquin. Aix\u00f2 permet l'\u00fas de plantes riberenques resistents per crear una aparen\u00e7a natural. Per\u00f2 la biolog\u00eda no \u00e9s la base de la purificaci\u00f3 de l'aigua, ja que les t\u00e8cniques f\u00edsiques i qu\u00edmiques utilitzades maten la majoria dels \u00e9ssers vius microsc\u00f2pics encarregats de la biodepuraci\u00f3. Les plantes s\u00f3n nom\u00e9s decoraci\u00f3.<\/p>\n<p>Les t\u00e8cniques f\u00edsiques i qu\u00edmiques de desinfecci\u00f3 utilitzades habitualment en aquestes  \u201cpiscines h\u00edbrides\u201d s\u00f3n:<\/p>\n<p>Llum ultraviolada: part de la llum solar natural que afecta fortament els teixits vius. Ens provoca cremades solars i la mort de virus, bacteris i algues. Les l\u00e0mpades UV s'utilitzen en estanys per evitar l'aigua verda t\u00e8rbola causada per petites algues. En aquaris o aq\u00fcicultura amb una gran quantitat de peixos, els raigs UV es poden utilitzar per reduir la pressi\u00f3 dels pat\u00f2gens. A la natura, aix\u00f2 nom\u00e9s passa als primers cent\u00edmetres de la superf\u00edcie, mentre que els pat\u00f2gens i les algues a les capes inferiors de l'aigua s\u00f3n devorats pel zoopl\u00e0ncton. La llum ultraviolada tamb\u00e9 mata el zoopl\u00e0ncton... s'interromp tota la cadena aliment\u00e0ria i la purificaci\u00f3 biol\u00f2gica. La llum ultraviolada no redueix ni fixa els nutrients. Els nutrients fixats a la biomassa d'algues, bacteris i zoopl\u00e0ncton s'alliberen novament i al seu lloc promouen el creixement d'algues filamentoses. La llum ultraviolada no deixa qu\u00edmics a l'aigua i no mata la vida fora del llum. Per tant, s\u2019accepta l'\u00fas en una situaci\u00f3 excepcional d\u2019interrupci\u00f3 del sistema biol\u00f2gic, i amb un \u00fas temporal. (FLL, est\u00e0ndards alemanys per a la planificaci\u00f3, construcci\u00f3 i manteniment de NSP i base per a diversos altres est\u00e0ndards nacionals). El consum d'energia de les l\u00e0mpades UV \u00e9s relativament alt, de mitjana m\u00e9s alt que el consum total d\u2019energ\u00eda en una piscina biol\u00f2gica.<\/p>\n<p>Coure: essencial per a la vida en molt petites quantitats, per\u00f2 r\u00e0pidament t\u00f2xic en concentracions m\u00e9s altes. La majoria dels eliminadors d'algues per a piscines i estanys s\u00f3n a base de coure. Es pot afegir com una sal (per exemple, CuSO4) o per electr\u00f2lisi. El coure destrueix l'estructura de les algues, tant planct\u00f2niques com s\u00e8ssils, per aix\u00f2 tamb\u00e9 \u00e9s efectiu contra les algues filamentoses. Tamb\u00e9 mata molts bacteris i altres microorganismes a l'aigua i biofilm (filtre), cargols aqu\u00e0tics, larves i peixos sensibles. El coure roman a l'aigua i s'acumula als sediments. En pa\u00efsos amb una legislaci\u00f3 m\u00e9s restrictiva, el coure est\u00e0 terminantment prohibit a les piscines p\u00fabliques (tant naturals com qu\u00edmiques!). El coure no est\u00e0 autoritzat en un estany\/piscina natural. Tot i aix\u00f2, les plantes riberenques altes s\u00f3n molt m\u00e9s resistents al coure, la qual cosa els permet ser utilitzades com a element decoratiu en estanys h\u00edbrids, donant-los l'aspecte visual d'un sistema biol\u00f2gic.<\/p>\n<p>Plata: La plata, com el coure, \u00e9s un metall pesat amb efectes letals en petits organismes. Tamb\u00e9 s'utilitza en forma d'electr\u00f2lisi. No tenen lloc  a la depuraci\u00f3 biol\u00f2gica.<\/p>\n<p>Hidr\u00f2lisi salina: Aquesta \u00e9s la t\u00e8cnica que s'utilitza a les \"piscines d'aigua salada\". Un camp el\u00e8ctric crea \"radicals\" d'ions de clorur a partir de la sal dissolta a l'aigua. A voltatges m\u00e9s alts, la divisi\u00f3 de la mol\u00e8cula d'aigua fins i tot pot produir radicals d'oxigen i hidrogen. Els radicals s\u00f3n extremadament agressius amb totes les superf\u00edcies i maten r\u00e0pidament les petites formes de vida. El clorur reacciona amb el nitrogen (de la pell, els cabells, l'orina, tota la biomassa) i genera subproductes cancer\u00edgens com la tricloramina que s'acumula a l'aigua de la piscina.<\/p>\n<p>Degut a que hi ha molta m\u00e9s biomassa reactiva i nitrogen present en una piscina h\u00edbrida que en una piscina desinfectada amb clor, aix\u00f2 pot resultar en una producci\u00f3 encara m\u00e9s gran d'aquests perillosos subproductes! Absolutament prohibit per al tractament biol\u00f2gic de l'aigua.<\/p>\n<p>Control de pH amb \u00e0cid clorh\u00eddric, com a la piscina d'aigua salada, per assegurar l'efecte de desinfecci\u00f3.<\/p>\n<p>Per tant, una \u201cpiscina h\u00edbrida\u201d no \u00e9s ni una NBS (soluci\u00f3 basada en la natura) ni un estany de nataci\u00f3 o una piscina natural.  No obstant, tots els verins que es poden fer servir en una piscina h\u00edbrida s\u00f3n legals per a \u00fas privat. Pel que fa al tractament de l'aigua, la piscina h\u00edbrida \u00e9s molt similar a una piscina cl\u00e0ssica, tot i que l'aspecte es pot assemblar al d'un estany de nataci\u00f3 biol\u00f2gic. <\/p>\n<p>\u00c9s completament erroni: vendre una piscina h\u00edbrida com a estany de nataci\u00f3\/piscina natural! Aix\u00f2 \u00e9s rentat verd i compet\u00e8ncia deslleial.<\/p>\n<\/div>\n<\/div><\/div><\/div><\/div><\/div><\/div><\/div>","protected":false},"excerpt":{"rendered":"<p>La depuraci\u00f3 de l&#8217;aigua en un estany de nataci\u00f3 i piscina natural es basa en una depuraci\u00f3 purament mec\u00e0nica i biol\u00f2gica i [&hellip;]<\/p>\n","protected":false},"author":1,"featured_media":0,"parent":0,"menu_order":0,"comment_status":"closed","ping_status":"closed","template":"","meta":{"footnotes":""},"class_list":["post-6365","page","type-page","status-publish","hentry"],"yoast_head":"<!-- This site is optimized with the Yoast SEO plugin v27.4 - https:\/\/yoast.com\/product\/yoast-seo-wordpress\/ -->\n<title>DESINFECCI\u00d3 QU\u00cdMICA - GIABN<\/title>\n<meta name=\"robots\" content=\"index, follow, max-snippet:-1, max-image-preview:large, max-video-preview:-1\" \/>\n<link rel=\"canonical\" href=\"https:\/\/giabn.com\/desinfeccao-quimica\/\" \/>\n<meta name=\"twitter:card\" content=\"summary_large_image\" \/>\n<meta name=\"twitter:title\" content=\"[:en]Chemical disinfection[:pt]Desinfec\u00e7\u00e3o qu\u00edmica[:ca]DESINFECCI\u00d3 QU\u00cdMICA[:es]Desinfecci\u00f3n qu\u00edmica[:] - GIABN\" \/>\n<meta name=\"twitter:description\" content=\"La depuraci\u00f3 de l&#039;aigua en un estany de nataci\u00f3 i piscina natural es basa en una depuraci\u00f3 purament mec\u00e0nica i biol\u00f2gica i [&hellip;]\" \/>\n<meta name=\"twitter:label1\" content=\"Temps estimat de lectura\" \/>\n\t<meta name=\"twitter:data1\" content=\"26 minuts\" \/>\n<script type=\"application\/ld+json\" class=\"yoast-schema-graph\">{\"@context\":\"https:\\\/\\\/schema.org\",\"@graph\":[{\"@type\":\"WebPage\",\"@id\":\"https:\\\/\\\/giabn.com\\\/desinfeccao-quimica\\\/\",\"url\":\"https:\\\/\\\/giabn.com\\\/desinfeccao-quimica\\\/\",\"name\":\"[:en]Chemical disinfection[:pt]Desinfec\u00e7\u00e3o qu\u00edmica[:ca]DESINFECCI\u00d3 QU\u00cdMICA[:es]Desinfecci\u00f3n qu\u00edmica[:] - GIABN\",\"isPartOf\":{\"@id\":\"https:\\\/\\\/giabn.com\\\/ca\\\/#website\"},\"datePublished\":\"2024-01-17T17:55:04+00:00\",\"dateModified\":\"2024-01-23T10:56:59+00:00\",\"breadcrumb\":{\"@id\":\"https:\\\/\\\/giabn.com\\\/desinfeccao-quimica\\\/#breadcrumb\"},\"inLanguage\":\"ca\",\"potentialAction\":[{\"@type\":\"ReadAction\",\"target\":[\"https:\\\/\\\/giabn.com\\\/desinfeccao-quimica\\\/\"]}]},{\"@type\":\"BreadcrumbList\",\"@id\":\"https:\\\/\\\/giabn.com\\\/desinfeccao-quimica\\\/#breadcrumb\",\"itemListElement\":[{\"@type\":\"ListItem\",\"position\":1,\"name\":\"Home\",\"item\":\"https:\\\/\\\/giabn.com\\\/\"},{\"@type\":\"ListItem\",\"position\":2,\"name\":\"Desinfecci\u00f3n qu\u00edmica\"}]},{\"@type\":\"WebSite\",\"@id\":\"https:\\\/\\\/giabn.com\\\/ca\\\/#website\",\"url\":\"https:\\\/\\\/giabn.com\\\/ca\\\/\",\"name\":\"GIABN\",\"description\":\"Grupo Ib&eacute;rico de Aguas de Ba\u00f1o Naturalizadas GIABN\",\"publisher\":{\"@id\":\"https:\\\/\\\/giabn.com\\\/ca\\\/#organization\"},\"potentialAction\":[{\"@type\":\"SearchAction\",\"target\":{\"@type\":\"EntryPoint\",\"urlTemplate\":\"https:\\\/\\\/giabn.com\\\/ca\\\/?s={search_term_string}\"},\"query-input\":{\"@type\":\"PropertyValueSpecification\",\"valueRequired\":true,\"valueName\":\"search_term_string\"}}],\"inLanguage\":\"ca\"},{\"@type\":\"Organization\",\"@id\":\"https:\\\/\\\/giabn.com\\\/ca\\\/#organization\",\"name\":\"IOB EV\",\"url\":\"https:\\\/\\\/giabn.com\\\/ca\\\/\",\"logo\":{\"@type\":\"ImageObject\",\"inLanguage\":\"ca\",\"@id\":\"https:\\\/\\\/giabn.com\\\/ca\\\/#\\\/schema\\\/logo\\\/image\\\/\",\"url\":\"https:\\\/\\\/giabn.com\\\/wp-content\\\/uploads\\\/2023\\\/01\\\/logo-giabn.png\",\"contentUrl\":\"https:\\\/\\\/giabn.com\\\/wp-content\\\/uploads\\\/2023\\\/01\\\/logo-giabn.png\",\"width\":134,\"height\":101,\"caption\":\"IOB EV\"},\"image\":{\"@id\":\"https:\\\/\\\/giabn.com\\\/ca\\\/#\\\/schema\\\/logo\\\/image\\\/\"}}]}<\/script>\n<!-- \/ Yoast SEO plugin. -->","yoast_head_json":{"title":"[:en]Chemical disinfection[:pt]Desinfec\u00e7\u00e3o qu\u00edmica[:ca]DESINFECCI\u00d3 QU\u00cdMICA[:es]Desinfecci\u00f3n qu\u00edmica[:] - GIABN","robots":{"index":"index","follow":"follow","max-snippet":"max-snippet:-1","max-image-preview":"max-image-preview:large","max-video-preview":"max-video-preview:-1"},"canonical":"https:\/\/giabn.com\/desinfeccao-quimica\/","twitter_card":"summary_large_image","twitter_title":"[:en]Chemical disinfection[:pt]Desinfec\u00e7\u00e3o qu\u00edmica[:ca]DESINFECCI\u00d3 QU\u00cdMICA[:es]Desinfecci\u00f3n qu\u00edmica[:] - GIABN","twitter_description":"La depuraci\u00f3 de l'aigua en un estany de nataci\u00f3 i piscina natural es basa en una depuraci\u00f3 purament mec\u00e0nica i biol\u00f2gica i [&hellip;]","twitter_misc":{"Temps estimat de lectura":"26 minuts"},"schema":{"@context":"https:\/\/schema.org","@graph":[{"@type":"WebPage","@id":"https:\/\/giabn.com\/desinfeccao-quimica\/","url":"https:\/\/giabn.com\/desinfeccao-quimica\/","name":"[:en]Chemical disinfection[:pt]Desinfec\u00e7\u00e3o qu\u00edmica[:ca]DESINFECCI\u00d3 QU\u00cdMICA[:es]Desinfecci\u00f3n qu\u00edmica[:] - GIABN","isPartOf":{"@id":"https:\/\/giabn.com\/ca\/#website"},"datePublished":"2024-01-17T17:55:04+00:00","dateModified":"2024-01-23T10:56:59+00:00","breadcrumb":{"@id":"https:\/\/giabn.com\/desinfeccao-quimica\/#breadcrumb"},"inLanguage":"ca","potentialAction":[{"@type":"ReadAction","target":["https:\/\/giabn.com\/desinfeccao-quimica\/"]}]},{"@type":"BreadcrumbList","@id":"https:\/\/giabn.com\/desinfeccao-quimica\/#breadcrumb","itemListElement":[{"@type":"ListItem","position":1,"name":"Home","item":"https:\/\/giabn.com\/"},{"@type":"ListItem","position":2,"name":"Desinfecci\u00f3n qu\u00edmica"}]},{"@type":"WebSite","@id":"https:\/\/giabn.com\/ca\/#website","url":"https:\/\/giabn.com\/ca\/","name":"GIABN","description":"Grupo Ib&eacute;rico de Aguas de Ba\u00f1o Naturalizadas GIABN","publisher":{"@id":"https:\/\/giabn.com\/ca\/#organization"},"potentialAction":[{"@type":"SearchAction","target":{"@type":"EntryPoint","urlTemplate":"https:\/\/giabn.com\/ca\/?s={search_term_string}"},"query-input":{"@type":"PropertyValueSpecification","valueRequired":true,"valueName":"search_term_string"}}],"inLanguage":"ca"},{"@type":"Organization","@id":"https:\/\/giabn.com\/ca\/#organization","name":"IOB EV","url":"https:\/\/giabn.com\/ca\/","logo":{"@type":"ImageObject","inLanguage":"ca","@id":"https:\/\/giabn.com\/ca\/#\/schema\/logo\/image\/","url":"https:\/\/giabn.com\/wp-content\/uploads\/2023\/01\/logo-giabn.png","contentUrl":"https:\/\/giabn.com\/wp-content\/uploads\/2023\/01\/logo-giabn.png","width":134,"height":101,"caption":"IOB EV"},"image":{"@id":"https:\/\/giabn.com\/ca\/#\/schema\/logo\/image\/"}}]}},"_links":{"self":[{"href":"https:\/\/giabn.com\/ca\/wp-json\/wp\/v2\/pages\/6365","targetHints":{"allow":["GET"]}}],"collection":[{"href":"https:\/\/giabn.com\/ca\/wp-json\/wp\/v2\/pages"}],"about":[{"href":"https:\/\/giabn.com\/ca\/wp-json\/wp\/v2\/types\/page"}],"author":[{"embeddable":true,"href":"https:\/\/giabn.com\/ca\/wp-json\/wp\/v2\/users\/1"}],"replies":[{"embeddable":true,"href":"https:\/\/giabn.com\/ca\/wp-json\/wp\/v2\/comments?post=6365"}],"version-history":[{"count":0,"href":"https:\/\/giabn.com\/ca\/wp-json\/wp\/v2\/pages\/6365\/revisions"}],"wp:attachment":[{"href":"https:\/\/giabn.com\/ca\/wp-json\/wp\/v2\/media?parent=6365"}],"curies":[{"name":"wp","href":"https:\/\/api.w.org\/{rel}","templated":true}]}}