{"id":6361,"date":"2024-01-17T18:51:30","date_gmt":"2024-01-17T17:51:30","guid":{"rendered":"https:\/\/giabn.com\/?page_id=6361"},"modified":"2024-01-23T11:54:17","modified_gmt":"2024-01-23T10:54:17","slug":"nbs","status":"publish","type":"page","link":"https:\/\/giabn.com\/ca\/nbs\/","title":{"rendered":"NBS"},"content":{"rendered":"<div id=\"pl-6361\"  class=\"panel-layout\" ><div id=\"pg-6361-0\"  class=\"panel-grid panel-has-style\" ><div style=\"padding: 100px 0; \" data-overlay=\"true\" class=\"panel-row-style panel-row-style-for-6361-0\" ><div id=\"pgc-6361-0-0\"  class=\"panel-grid-cell\" ><div id=\"panel-6361-0-0-0\" class=\"so-panel widget widget_sow-editor panel-first-child panel-last-child\" data-index=\"0\" ><div style=\"text-align: left;\" data-title-color=\"#443f3f\" data-headings-color=\"#443f3f\" class=\"panel-widget-style panel-widget-style-for-6361-0-0-0\" ><div\n\t\t\t\n\t\t\tclass=\"so-widget-sow-editor so-widget-sow-editor-base\"\n\t\t\t\n\t\t>\n<div class=\"siteorigin-widget-tinymce textwidget\">\n\t<p>NBS: NATURE-BASED SOLUTIONS<br \/>\nEls llacs de bany i les piscines naturalitzades formen part de les solucions basades en la natura, conegudes internacionalment com a Nature-Based Solutions, NbS.<\/p>\n<p>S\u00f3n definits per la Uni\u00f3 Internacional per a la Conservaci\u00f3 de la Natura, UICN, com a \"accions per a la protecci\u00f3, gesti\u00f3 sostenible i restauraci\u00f3 d'ecosistemes naturals o modificats que aborden els desafiaments socials de manera efectiva i adaptativa, alhora que garanteixen el benestar hum\u00e0 i la biodiversitat\".<\/p>\n<p>Una piscina biol\u00f2gica \u00e9s una soluci\u00f3 basada en la natura que aborda la seguretat i la salut de l'aigua de bany des d'un enfocament ecosist\u00e8mic. Aplica processos naturals com a base per mantenir l'aigua de la piscina en condicions \u00f2ptimes per al bany i redueix l'impacte dels tractaments est\u00e0ndard, cosa que ajuda a preservar la biodiversitat d'aigua dol\u00e7a mitjan\u00e7ant la restauraci\u00f3 dels ecosistemes aqu\u00e0tics. Tot i les seves dimensions, la difusi\u00f3 d'aquest model a la comunitat empresarial d'hotels i resorts tindria un gran impacte a curt termini en l'\u00fas de l'aigua, la contaminaci\u00f3 i la reducci\u00f3 de les emissions de carboni lligades als ecosistemes\u201d.<\/p>\n<p>La UICN ha publicat un fullet\u00f3 en qu\u00e8, entre altres coses, els estanys de nataci\u00f3 es presenten com a NBS exemplars.<br \/>\nhttps:\/\/www.iucn.org\/sites\/dev\/files\/content\/documents\/towards_nature-based_solutions_in_the_mediterranean.pdf<br \/>\nLa Uni\u00f3 Europea tamb\u00e9 est\u00e0 involucrada en aquesta \u00e0rea i es vol convertir en pionera de NBS (EU Green Deal).<\/p>\n<p>&nbsp;<\/p>\n<\/div>\n<\/div><\/div><\/div><\/div><\/div><\/div><\/div>","protected":false},"excerpt":{"rendered":"<p>NBS: NATURE-BASED SOLUTIONS Els llacs de bany i les piscines naturalitzades formen part de les solucions basades en la natura, conegudes internacionalment [&hellip;]<\/p>\n","protected":false},"author":1,"featured_media":0,"parent":0,"menu_order":0,"comment_status":"closed","ping_status":"closed","template":"","meta":{"footnotes":""},"class_list":["post-6361","page","type-page","status-publish","hentry"],"yoast_head":"<!-- This site is optimized with the Yoast SEO plugin v27.4 - https:\/\/yoast.com\/product\/yoast-seo-wordpress\/ -->\n<title>NBS - GIABN<\/title>\n<meta name=\"robots\" content=\"index, follow, max-snippet:-1, max-image-preview:large, max-video-preview:-1\" \/>\n<link rel=\"canonical\" href=\"https:\/\/giabn.com\/nbs\/\" \/>\n<meta name=\"twitter:card\" content=\"summary_large_image\" \/>\n<meta name=\"twitter:title\" content=\"NBS - GIABN\" \/>\n<meta name=\"twitter:description\" content=\"NBS: NATURE-BASED SOLUTIONS Els llacs de bany i les piscines naturalitzades formen part de les solucions basades en la natura, conegudes internacionalment [&hellip;]\" \/>\n<meta name=\"twitter:label1\" content=\"Temps estimat de lectura\" \/>\n\t<meta name=\"twitter:data1\" content=\"5 minuts\" \/>\n<script type=\"application\/ld+json\" class=\"yoast-schema-graph\">{\"@context\":\"https:\\\/\\\/schema.org\",\"@graph\":[{\"@type\":\"WebPage\",\"@id\":\"https:\\\/\\\/giabn.com\\\/nbs\\\/\",\"url\":\"https:\\\/\\\/giabn.com\\\/nbs\\\/\",\"name\":\"NBS - GIABN\",\"isPartOf\":{\"@id\":\"https:\\\/\\\/giabn.com\\\/ca\\\/#website\"},\"datePublished\":\"2024-01-17T17:51:30+00:00\",\"dateModified\":\"2024-01-23T10:54:17+00:00\",\"breadcrumb\":{\"@id\":\"https:\\\/\\\/giabn.com\\\/nbs\\\/#breadcrumb\"},\"inLanguage\":\"ca\",\"potentialAction\":[{\"@type\":\"ReadAction\",\"target\":[\"https:\\\/\\\/giabn.com\\\/nbs\\\/\"]}]},{\"@type\":\"BreadcrumbList\",\"@id\":\"https:\\\/\\\/giabn.com\\\/nbs\\\/#breadcrumb\",\"itemListElement\":[{\"@type\":\"ListItem\",\"position\":1,\"name\":\"Home\",\"item\":\"https:\\\/\\\/giabn.com\\\/\"},{\"@type\":\"ListItem\",\"position\":2,\"name\":\"NBS\"}]},{\"@type\":\"WebSite\",\"@id\":\"https:\\\/\\\/giabn.com\\\/ca\\\/#website\",\"url\":\"https:\\\/\\\/giabn.com\\\/ca\\\/\",\"name\":\"GIABN\",\"description\":\"Grupo Ib&eacute;rico de Aguas de Ba\u00f1o Naturalizadas GIABN\",\"publisher\":{\"@id\":\"https:\\\/\\\/giabn.com\\\/ca\\\/#organization\"},\"potentialAction\":[{\"@type\":\"SearchAction\",\"target\":{\"@type\":\"EntryPoint\",\"urlTemplate\":\"https:\\\/\\\/giabn.com\\\/ca\\\/?s={search_term_string}\"},\"query-input\":{\"@type\":\"PropertyValueSpecification\",\"valueRequired\":true,\"valueName\":\"search_term_string\"}}],\"inLanguage\":\"ca\"},{\"@type\":\"Organization\",\"@id\":\"https:\\\/\\\/giabn.com\\\/ca\\\/#organization\",\"name\":\"IOB EV\",\"url\":\"https:\\\/\\\/giabn.com\\\/ca\\\/\",\"logo\":{\"@type\":\"ImageObject\",\"inLanguage\":\"ca\",\"@id\":\"https:\\\/\\\/giabn.com\\\/ca\\\/#\\\/schema\\\/logo\\\/image\\\/\",\"url\":\"https:\\\/\\\/giabn.com\\\/wp-content\\\/uploads\\\/2023\\\/01\\\/logo-giabn.png\",\"contentUrl\":\"https:\\\/\\\/giabn.com\\\/wp-content\\\/uploads\\\/2023\\\/01\\\/logo-giabn.png\",\"width\":134,\"height\":101,\"caption\":\"IOB EV\"},\"image\":{\"@id\":\"https:\\\/\\\/giabn.com\\\/ca\\\/#\\\/schema\\\/logo\\\/image\\\/\"}}]}<\/script>\n<!-- \/ Yoast SEO plugin. -->","yoast_head_json":{"title":"NBS - GIABN","robots":{"index":"index","follow":"follow","max-snippet":"max-snippet:-1","max-image-preview":"max-image-preview:large","max-video-preview":"max-video-preview:-1"},"canonical":"https:\/\/giabn.com\/nbs\/","twitter_card":"summary_large_image","twitter_title":"NBS - GIABN","twitter_description":"NBS: NATURE-BASED SOLUTIONS Els llacs de bany i les piscines naturalitzades formen part de les solucions basades en la natura, conegudes internacionalment [&hellip;]","twitter_misc":{"Temps estimat de lectura":"5 minuts"},"schema":{"@context":"https:\/\/schema.org","@graph":[{"@type":"WebPage","@id":"https:\/\/giabn.com\/nbs\/","url":"https:\/\/giabn.com\/nbs\/","name":"NBS - GIABN","isPartOf":{"@id":"https:\/\/giabn.com\/ca\/#website"},"datePublished":"2024-01-17T17:51:30+00:00","dateModified":"2024-01-23T10:54:17+00:00","breadcrumb":{"@id":"https:\/\/giabn.com\/nbs\/#breadcrumb"},"inLanguage":"ca","potentialAction":[{"@type":"ReadAction","target":["https:\/\/giabn.com\/nbs\/"]}]},{"@type":"BreadcrumbList","@id":"https:\/\/giabn.com\/nbs\/#breadcrumb","itemListElement":[{"@type":"ListItem","position":1,"name":"Home","item":"https:\/\/giabn.com\/"},{"@type":"ListItem","position":2,"name":"NBS"}]},{"@type":"WebSite","@id":"https:\/\/giabn.com\/ca\/#website","url":"https:\/\/giabn.com\/ca\/","name":"GIABN","description":"Grupo Ib&eacute;rico de Aguas de Ba\u00f1o Naturalizadas GIABN","publisher":{"@id":"https:\/\/giabn.com\/ca\/#organization"},"potentialAction":[{"@type":"SearchAction","target":{"@type":"EntryPoint","urlTemplate":"https:\/\/giabn.com\/ca\/?s={search_term_string}"},"query-input":{"@type":"PropertyValueSpecification","valueRequired":true,"valueName":"search_term_string"}}],"inLanguage":"ca"},{"@type":"Organization","@id":"https:\/\/giabn.com\/ca\/#organization","name":"IOB EV","url":"https:\/\/giabn.com\/ca\/","logo":{"@type":"ImageObject","inLanguage":"ca","@id":"https:\/\/giabn.com\/ca\/#\/schema\/logo\/image\/","url":"https:\/\/giabn.com\/wp-content\/uploads\/2023\/01\/logo-giabn.png","contentUrl":"https:\/\/giabn.com\/wp-content\/uploads\/2023\/01\/logo-giabn.png","width":134,"height":101,"caption":"IOB EV"},"image":{"@id":"https:\/\/giabn.com\/ca\/#\/schema\/logo\/image\/"}}]}},"_links":{"self":[{"href":"https:\/\/giabn.com\/ca\/wp-json\/wp\/v2\/pages\/6361","targetHints":{"allow":["GET"]}}],"collection":[{"href":"https:\/\/giabn.com\/ca\/wp-json\/wp\/v2\/pages"}],"about":[{"href":"https:\/\/giabn.com\/ca\/wp-json\/wp\/v2\/types\/page"}],"author":[{"embeddable":true,"href":"https:\/\/giabn.com\/ca\/wp-json\/wp\/v2\/users\/1"}],"replies":[{"embeddable":true,"href":"https:\/\/giabn.com\/ca\/wp-json\/wp\/v2\/comments?post=6361"}],"version-history":[{"count":0,"href":"https:\/\/giabn.com\/ca\/wp-json\/wp\/v2\/pages\/6361\/revisions"}],"wp:attachment":[{"href":"https:\/\/giabn.com\/ca\/wp-json\/wp\/v2\/media?parent=6361"}],"curies":[{"name":"wp","href":"https:\/\/api.w.org\/{rel}","templated":true}]}}