{"id":6356,"date":"2024-01-17T18:47:31","date_gmt":"2024-01-17T17:47:31","guid":{"rendered":"https:\/\/giabn.com\/?page_id=6356"},"modified":"2024-01-23T11:51:13","modified_gmt":"2024-01-23T10:51:13","slug":"depuracao-biologica","status":"publish","type":"page","link":"https:\/\/giabn.com\/ca\/depuracao-biologica\/","title":{"rendered":"Depuraci\u00f3 biol\u00f2gica"},"content":{"rendered":"<div id=\"pl-6356\"  class=\"panel-layout\" ><div id=\"pg-6356-0\"  class=\"panel-grid panel-has-style\" ><div style=\"padding: 100px 0; \" data-overlay=\"true\" class=\"panel-row-style panel-row-style-for-6356-0\" ><div id=\"pgc-6356-0-0\"  class=\"panel-grid-cell\" ><div id=\"panel-6356-0-0-0\" class=\"so-panel widget widget_sow-editor panel-first-child panel-last-child\" data-index=\"0\" ><div style=\"text-align: left;\" data-title-color=\"#443f3f\" data-headings-color=\"#443f3f\" class=\"panel-widget-style panel-widget-style-for-6356-0-0-0\" ><div\n\t\t\t\n\t\t\tclass=\"so-widget-sow-editor so-widget-sow-editor-base\"\n\t\t\t\n\t\t>\n<div class=\"siteorigin-widget-tinymce textwidget\">\n\t<\/p>\n<p>DEPURACI\u00d3 BIOL\u00d2GICA<br \/>\nEl tractament de l'aigua \u00e9s purament biol\u00f2gic i mec\u00e0nic, basat en el model de la natura.<br \/>\nLa pir\u00e0mide aliment\u00e0ria al bany amb tractament biol\u00f2gic de l'aigua. (????)<br \/>\nLa qualitat de l'aigua s'ha d'aconseguir mitjan\u00e7ant la gesti\u00f3 de nutrients per assolir el nivell tr\u00f2fic planificat utilitzant la cadena aliment\u00e0ria natural.<br \/>\nL'\u00e0mplia base de la pir\u00e0mide aliment\u00e0ria est\u00e0 formada per protozous com a bacteris, algues i fongs. On l'aigua natural i la llum s'uneixen, petites algues creixen r\u00e0pidament. Extreuen els nutrients de l'aigua i els utilitzen per formar biomassa i produir oxigen, la base de molts altres processos de neteja.<\/p>\n<p>El zoopl\u00e0ncton \u00e9s la seg\u00fcent baula de la cadena aliment\u00e0ria. S\u00f3n principalment petits crustacis els que cont\u00ednuament filtren i mengen les algues i els bacteris de l'aigua. Per tant, s\u00f3n un element important en l'exercici de la higiene, l'eliminaci\u00f3 de g\u00e8rmens pat\u00f2gens. Gaireb\u00e9 tots els pat\u00f2gens potencials no sorgeixen a l'aigua, sin\u00f3 que s\u00f3n bacteris intestinals que porten els usuaris o els vertebrats. A l'aigua rica en oxigen d'un estany per nedar, els bacteris intestinals no es poden multiplicar i s\u00f3n r\u00e0pidament eliminats pel zoopl\u00e0ncton.<\/p>\n<p>Les larves de mosquit tamb\u00e9 mengen pl\u00e0ncton i detritus (mat\u00e8ria org\u00e0nica en descomposici\u00f3). Respiren aire a la superf\u00edcie i, per tant, tamb\u00e9 poden prosperar en aig\u00fces lliures d'oxigen i sobre fertilitzades. No obstant aix\u00f2, s\u00f3n presa f\u00e0cil per a tots els depredadors i se'ls mengen immediatament en aig\u00fces pobres en nutrients amb una biologia ben establerta. Per tant, no apareixen en estanys de nataci\u00f3 i piscines naturals, per\u00f2 poden multiplicar r\u00e0pidament en petits tolls i en els platets de testos de les plantes.<\/p>\n<p>Alhora, el zoopl\u00e0ncton \u00e9s devorat per insectes i les seves larves, aix\u00ed com per larves de trit\u00f3 i petits peixos. Els peixos petits que es multipliquen r\u00e0pidament sense altres depredadors (per exemple, la gamb\u00fasia invasiva) poden delmar el zoopl\u00e0ncton fins al punt que falla com a regulador natural del fitopl\u00e0ncton. Aix\u00f2 porta a una forta proliferaci\u00f3 d'algues i aigua verda. Per tant, no s'utilitzen peixos a l'estany de nataci\u00f3 de la piscina natural.<\/p>\n<p>Les plantes subaqu\u00e0tiques competeixen naturalment amb les algues i tenen un paper destacat en la fixaci\u00f3 del f\u00f2sfor. En condicions favorables, les plantes dominen i impedeixen el creixement fort d'algues; en condicions desfavorables, dominen les algues. Tot i aix\u00f2, les plantes subaqu\u00e0tiques requereixen un cert nivell de nutrients en el rang mesotr\u00f2fic a oligotr\u00f2fic, ra\u00f3 per la qual s'utilitzen en estanys de nataci\u00f3 de categoria 1-3.<br \/>\n**CREC QUE FALT\u00c0RIA UNA DEFINICI\u00d3 DE LES DIFERENTS CATEGORIES DE PISCINES<br \/>\nSi la transpar\u00e8ncia \u00f2ptima de l'aigua (piscina natural, categoria 4-5) \u00e9s l'objectiu de planificaci\u00f3, s'utilitzen filtres biol\u00f2gics r\u00e0pids. El biofilm, una colorida comunitat de microorganismes que assumeix el paper de zoopl\u00e0ncton i plantes aqu\u00e0tiques, creix en superf\u00edcies exposades a forts corrents. La biopel\u00b7l\u00edcula filtra les algues i els bacteris de l'aigua i fixa els nutrients. Els filtres han d'estar equipats amb un dispositiu de neteja per poder recol\u00b7lectar el biofilm i retirar aix\u00ed els nutrients emmagatzemats del sistema tancat de la piscina natural.<\/p>\n<p>Les fulles i el pol\u00b7len transportats pel vent, aix\u00ed com els organismes morts, s'enfonsen fins al fons i hi formen un sediment org\u00e0nic. Aix\u00f2 \u00e9s descompost i mineralitzat per altres petites criatures, per la qual cosa els nutrients s'alliberen novament i tornen al cicle de l'aigua. En succionar el sediment, que s'utilitza com a fertilitzant natural a les lleres, es retiren del cicle grans quantitats de nutrients.<\/p><\/p>\n<\/div>\n<\/div><\/div><\/div><\/div><\/div><\/div><\/div>","protected":false},"excerpt":{"rendered":"<p>DEPURACI\u00d3 BIOL\u00d2GICA El tractament de l&#8217;aigua \u00e9s purament biol\u00f2gic i mec\u00e0nic, basat en el model de la natura. La pir\u00e0mide aliment\u00e0ria al [&hellip;]<\/p>\n","protected":false},"author":1,"featured_media":0,"parent":0,"menu_order":0,"comment_status":"closed","ping_status":"closed","template":"","meta":{"footnotes":""},"class_list":["post-6356","page","type-page","status-publish","hentry"],"yoast_head":"<!-- This site is optimized with the Yoast SEO plugin v27.4 - https:\/\/yoast.com\/product\/yoast-seo-wordpress\/ -->\n<title>Depuraci\u00f3 biol\u00f2gica - GIABN<\/title>\n<meta name=\"robots\" content=\"index, follow, max-snippet:-1, max-image-preview:large, max-video-preview:-1\" \/>\n<link rel=\"canonical\" href=\"https:\/\/giabn.com\/depuracao-biologica\/\" \/>\n<meta name=\"twitter:card\" content=\"summary_large_image\" \/>\n<meta name=\"twitter:title\" content=\"[:en]Biological purification[:pt]Depura\u00e7\u00e3o biol\u00f2gica[:ca]Depuraci\u00f3 biol\u00f2gica[:es]Purificaci\u00f3n biol\u00f3gica[:] - GIABN\" \/>\n<meta name=\"twitter:description\" content=\"DEPURACI\u00d3 BIOL\u00d2GICA El tractament de l&#039;aigua \u00e9s purament biol\u00f2gic i mec\u00e0nic, basat en el model de la natura. La pir\u00e0mide aliment\u00e0ria al [&hellip;]\" \/>\n<meta name=\"twitter:label1\" content=\"Temps estimat de lectura\" \/>\n\t<meta name=\"twitter:data1\" content=\"12 minuts\" \/>\n<script type=\"application\/ld+json\" class=\"yoast-schema-graph\">{\"@context\":\"https:\\\/\\\/schema.org\",\"@graph\":[{\"@type\":\"WebPage\",\"@id\":\"https:\\\/\\\/giabn.com\\\/depuracao-biologica\\\/\",\"url\":\"https:\\\/\\\/giabn.com\\\/depuracao-biologica\\\/\",\"name\":\"[:en]Biological purification[:pt]Depura\u00e7\u00e3o biol\u00f2gica[:ca]Depuraci\u00f3 biol\u00f2gica[:es]Purificaci\u00f3n biol\u00f3gica[:] - GIABN\",\"isPartOf\":{\"@id\":\"https:\\\/\\\/giabn.com\\\/ca\\\/#website\"},\"datePublished\":\"2024-01-17T17:47:31+00:00\",\"dateModified\":\"2024-01-23T10:51:13+00:00\",\"breadcrumb\":{\"@id\":\"https:\\\/\\\/giabn.com\\\/depuracao-biologica\\\/#breadcrumb\"},\"inLanguage\":\"ca\",\"potentialAction\":[{\"@type\":\"ReadAction\",\"target\":[\"https:\\\/\\\/giabn.com\\\/depuracao-biologica\\\/\"]}]},{\"@type\":\"BreadcrumbList\",\"@id\":\"https:\\\/\\\/giabn.com\\\/depuracao-biologica\\\/#breadcrumb\",\"itemListElement\":[{\"@type\":\"ListItem\",\"position\":1,\"name\":\"Home\",\"item\":\"https:\\\/\\\/giabn.com\\\/\"},{\"@type\":\"ListItem\",\"position\":2,\"name\":\"Purificaci\u00f3n biol\u00f3gica\"}]},{\"@type\":\"WebSite\",\"@id\":\"https:\\\/\\\/giabn.com\\\/ca\\\/#website\",\"url\":\"https:\\\/\\\/giabn.com\\\/ca\\\/\",\"name\":\"GIABN\",\"description\":\"Grupo Ib&eacute;rico de Aguas de Ba\u00f1o Naturalizadas GIABN\",\"publisher\":{\"@id\":\"https:\\\/\\\/giabn.com\\\/ca\\\/#organization\"},\"potentialAction\":[{\"@type\":\"SearchAction\",\"target\":{\"@type\":\"EntryPoint\",\"urlTemplate\":\"https:\\\/\\\/giabn.com\\\/ca\\\/?s={search_term_string}\"},\"query-input\":{\"@type\":\"PropertyValueSpecification\",\"valueRequired\":true,\"valueName\":\"search_term_string\"}}],\"inLanguage\":\"ca\"},{\"@type\":\"Organization\",\"@id\":\"https:\\\/\\\/giabn.com\\\/ca\\\/#organization\",\"name\":\"IOB EV\",\"url\":\"https:\\\/\\\/giabn.com\\\/ca\\\/\",\"logo\":{\"@type\":\"ImageObject\",\"inLanguage\":\"ca\",\"@id\":\"https:\\\/\\\/giabn.com\\\/ca\\\/#\\\/schema\\\/logo\\\/image\\\/\",\"url\":\"https:\\\/\\\/giabn.com\\\/wp-content\\\/uploads\\\/2023\\\/01\\\/logo-giabn.png\",\"contentUrl\":\"https:\\\/\\\/giabn.com\\\/wp-content\\\/uploads\\\/2023\\\/01\\\/logo-giabn.png\",\"width\":134,\"height\":101,\"caption\":\"IOB EV\"},\"image\":{\"@id\":\"https:\\\/\\\/giabn.com\\\/ca\\\/#\\\/schema\\\/logo\\\/image\\\/\"}}]}<\/script>\n<!-- \/ Yoast SEO plugin. -->","yoast_head_json":{"title":"[:en]Biological purification[:pt]Depura\u00e7\u00e3o biol\u00f2gica[:ca]Depuraci\u00f3 biol\u00f2gica[:es]Purificaci\u00f3n biol\u00f3gica[:] - GIABN","robots":{"index":"index","follow":"follow","max-snippet":"max-snippet:-1","max-image-preview":"max-image-preview:large","max-video-preview":"max-video-preview:-1"},"canonical":"https:\/\/giabn.com\/depuracao-biologica\/","twitter_card":"summary_large_image","twitter_title":"[:en]Biological purification[:pt]Depura\u00e7\u00e3o biol\u00f2gica[:ca]Depuraci\u00f3 biol\u00f2gica[:es]Purificaci\u00f3n biol\u00f3gica[:] - GIABN","twitter_description":"DEPURACI\u00d3 BIOL\u00d2GICA El tractament de l'aigua \u00e9s purament biol\u00f2gic i mec\u00e0nic, basat en el model de la natura. La pir\u00e0mide aliment\u00e0ria al [&hellip;]","twitter_misc":{"Temps estimat de lectura":"12 minuts"},"schema":{"@context":"https:\/\/schema.org","@graph":[{"@type":"WebPage","@id":"https:\/\/giabn.com\/depuracao-biologica\/","url":"https:\/\/giabn.com\/depuracao-biologica\/","name":"[:en]Biological purification[:pt]Depura\u00e7\u00e3o biol\u00f2gica[:ca]Depuraci\u00f3 biol\u00f2gica[:es]Purificaci\u00f3n biol\u00f3gica[:] - GIABN","isPartOf":{"@id":"https:\/\/giabn.com\/ca\/#website"},"datePublished":"2024-01-17T17:47:31+00:00","dateModified":"2024-01-23T10:51:13+00:00","breadcrumb":{"@id":"https:\/\/giabn.com\/depuracao-biologica\/#breadcrumb"},"inLanguage":"ca","potentialAction":[{"@type":"ReadAction","target":["https:\/\/giabn.com\/depuracao-biologica\/"]}]},{"@type":"BreadcrumbList","@id":"https:\/\/giabn.com\/depuracao-biologica\/#breadcrumb","itemListElement":[{"@type":"ListItem","position":1,"name":"Home","item":"https:\/\/giabn.com\/"},{"@type":"ListItem","position":2,"name":"Purificaci\u00f3n biol\u00f3gica"}]},{"@type":"WebSite","@id":"https:\/\/giabn.com\/ca\/#website","url":"https:\/\/giabn.com\/ca\/","name":"GIABN","description":"Grupo Ib&eacute;rico de Aguas de Ba\u00f1o Naturalizadas GIABN","publisher":{"@id":"https:\/\/giabn.com\/ca\/#organization"},"potentialAction":[{"@type":"SearchAction","target":{"@type":"EntryPoint","urlTemplate":"https:\/\/giabn.com\/ca\/?s={search_term_string}"},"query-input":{"@type":"PropertyValueSpecification","valueRequired":true,"valueName":"search_term_string"}}],"inLanguage":"ca"},{"@type":"Organization","@id":"https:\/\/giabn.com\/ca\/#organization","name":"IOB EV","url":"https:\/\/giabn.com\/ca\/","logo":{"@type":"ImageObject","inLanguage":"ca","@id":"https:\/\/giabn.com\/ca\/#\/schema\/logo\/image\/","url":"https:\/\/giabn.com\/wp-content\/uploads\/2023\/01\/logo-giabn.png","contentUrl":"https:\/\/giabn.com\/wp-content\/uploads\/2023\/01\/logo-giabn.png","width":134,"height":101,"caption":"IOB EV"},"image":{"@id":"https:\/\/giabn.com\/ca\/#\/schema\/logo\/image\/"}}]}},"_links":{"self":[{"href":"https:\/\/giabn.com\/ca\/wp-json\/wp\/v2\/pages\/6356","targetHints":{"allow":["GET"]}}],"collection":[{"href":"https:\/\/giabn.com\/ca\/wp-json\/wp\/v2\/pages"}],"about":[{"href":"https:\/\/giabn.com\/ca\/wp-json\/wp\/v2\/types\/page"}],"author":[{"embeddable":true,"href":"https:\/\/giabn.com\/ca\/wp-json\/wp\/v2\/users\/1"}],"replies":[{"embeddable":true,"href":"https:\/\/giabn.com\/ca\/wp-json\/wp\/v2\/comments?post=6356"}],"version-history":[{"count":0,"href":"https:\/\/giabn.com\/ca\/wp-json\/wp\/v2\/pages\/6356\/revisions"}],"wp:attachment":[{"href":"https:\/\/giabn.com\/ca\/wp-json\/wp\/v2\/media?parent=6356"}],"curies":[{"name":"wp","href":"https:\/\/api.w.org\/{rel}","templated":true}]}}