{"id":6219,"date":"2024-01-16T18:33:08","date_gmt":"2024-01-16T17:33:08","guid":{"rendered":"https:\/\/giabn.com\/?page_id=6219"},"modified":"2024-03-25T12:44:09","modified_gmt":"2024-03-25T11:44:09","slug":"biopiscinas","status":"publish","type":"page","link":"https:\/\/giabn.com\/ca\/biopiscinas\/","title":{"rendered":"LAS BIOPISCINAS"},"content":{"rendered":"<div id=\"pl-6219\"  class=\"panel-layout\" ><div id=\"pg-6219-0\"  class=\"panel-grid panel-has-style\" ><div style=\"padding: 0px 0; \" data-overlay=\"true\" data-overlay-color=\"#000000\" class=\"panel-row-style panel-row-style-for-6219-0\" ><div id=\"pgc-6219-0-0\"  class=\"panel-grid-cell\" ><div id=\"panel-6219-0-0-0\" class=\"so-panel widget widget_sow-editor panel-first-child panel-last-child\" data-index=\"0\" ><div style=\"text-align: left;\" data-title-color=\"#443f3f\" data-headings-color=\"#443f3f\" class=\"panel-widget-style panel-widget-style-for-6219-0-0-0\" ><div\n\t\t\t\n\t\t\tclass=\"so-widget-sow-editor so-widget-sow-editor-base\"\n\t\t\t\n\t\t>\n<div class=\"siteorigin-widget-tinymce textwidget\">\n\t<\/p>\n<p><img decoding=\"async\" class=\"wp-image-6646 size-medium alignleft lazyload\" data-src=\"https:\/\/giabn.com\/wp-content\/uploads\/2024\/03\/BIOPOOL-1_small1-300x286.jpg\" alt=\"\" width=\"300\" height=\"286\" data-srcset=\"https:\/\/giabn.com\/wp-content\/uploads\/2024\/03\/BIOPOOL-1_small1-300x286.jpg 300w, https:\/\/giabn.com\/wp-content\/uploads\/2024\/03\/BIOPOOL-1_small1-230x219.jpg 230w, https:\/\/giabn.com\/wp-content\/uploads\/2024\/03\/BIOPOOL-1_small1-350x334.jpg 350w, https:\/\/giabn.com\/wp-content\/uploads\/2024\/03\/BIOPOOL-1_small1-480x458.jpg 480w, https:\/\/giabn.com\/wp-content\/uploads\/2024\/03\/BIOPOOL-1_small1.jpg 500w\" data-sizes=\"(max-width: 300px) 100vw, 300px\" src=\"data:image\/svg+xml;base64,PHN2ZyB3aWR0aD0iMSIgaGVpZ2h0PSIxIiB4bWxucz0iaHR0cDovL3d3dy53My5vcmcvMjAwMC9zdmciPjwvc3ZnPg==\" style=\"--smush-placeholder-width: 300px; --smush-placeholder-aspect-ratio: 300\/286;\" \/>LES BIOPISCINES<\/p>\n<p>Les biopiscines o piscines biol\u00f2giques es defineixen per la <a href=\"https:\/\/giabn.com\/depuracao-biologica\/\">depuraci\u00f3 biol\u00f2gica de l'aigua (*1)<\/a>, utilitzant \u00fanicament per fer-ho \u00fanicament mitjans mec\u00e0nics i biol\u00f2gics.<br \/>\nS'hi copien els processos existents de la natura. Aix\u00ed doncs, les piscines biol\u00f2giques es troben entre les anomenades <a href=\"https:\/\/giabn.com\/nbs\/\">solucions basades en la natura (*2)<\/a> que requereix la UICN (<a href=\"https:\/\/www.iucn.org\/resources\/grey-literature\/towards-nature-based-solutions-mediterranean\" target=\"_blank\" rel=\"noopener\">https:\/\/www.iucn.org\/resources\/grey-literature\/towards-nature-based-solutions-mediterranean<\/a>) i la UE per a un m\u00f3n m\u00e9s sostenible.<\/p>\n<p>A les piscines biol\u00f2giques els potencials organismes pat\u00f2gens s\u00f3n eliminats pels seus depredadors naturals, i la seva autoreproducci\u00f3 al medi \u00e9s impedida gr\u00e0cies a una aigua rica en oxigen i pobre en nutrients. L'aigua queda, doncs, viva i saludable.<br \/>\nLes piscines biol\u00f2giques aconsegueixen aix\u00ed a trav\u00e9s de la biodepuraci\u00f3 una aigua saludable de manera oposada a la desinfecci\u00f3 que ho aconsegueix amb t\u00e8cniques i productes qu\u00edmics que maten tota forma de vida.<\/p>\n<p><img decoding=\"async\" class=\"wp-image-6647 size-medium alignright lazyload\" data-src=\"https:\/\/giabn.com\/wp-content\/uploads\/2024\/03\/SHB-4_small1-300x225.jpg\" alt=\"\" width=\"300\" height=\"225\" data-srcset=\"https:\/\/giabn.com\/wp-content\/uploads\/2024\/03\/SHB-4_small1-300x225.jpg 300w, https:\/\/giabn.com\/wp-content\/uploads\/2024\/03\/SHB-4_small1-230x173.jpg 230w, https:\/\/giabn.com\/wp-content\/uploads\/2024\/03\/SHB-4_small1-350x263.jpg 350w, https:\/\/giabn.com\/wp-content\/uploads\/2024\/03\/SHB-4_small1-480x360.jpg 480w, https:\/\/giabn.com\/wp-content\/uploads\/2024\/03\/SHB-4_small1.jpg 500w\" data-sizes=\"(max-width: 300px) 100vw, 300px\" src=\"data:image\/svg+xml;base64,PHN2ZyB3aWR0aD0iMSIgaGVpZ2h0PSIxIiB4bWxucz0iaHR0cDovL3d3dy53My5vcmcvMjAwMC9zdmciPjwvc3ZnPg==\" style=\"--smush-placeholder-width: 300px; --smush-placeholder-aspect-ratio: 300\/225;\" \/>\u201cPiscines naturals\u201d, \u201cpiscines naturalitzades\u201d, \u201cpiscines ecol\u00f2giques\u201d, \u201cLlac de bany\u201d, \u201cLlac de nataci\u00f3\u201d, \u201ceco-bassa\u201d\u2026 Totes aquestes denominacions s'utilitzen indistintament per a aig\u00fces de bany creades amb depuraci\u00f3 biol\u00f2gica de l'aigua. Tamb\u00e9 alguns d'aquests termes s'han utilitzat tradicionalment per a les \u00e0rees de bany al mar, llac o riu (\u201cpiscina natural\u201d). No obstant aix\u00f2, algunes empreses utilitzen aquests noms per a estanys\/piscines que encara semblants naturals, utilitzen formes de desinfecci\u00f3 agressives que maten la vida i que per tant no responen als principis d'una piscina biol\u00f2gica o natural. -Veure:<a href=\"https:\/\/giabn.com\/desinfeccao-quimica\/\"> \u201cpiscines ecol\u00f2giques\u201d o piscines h\u00edbrides (*3)<\/a><\/p>\n<p>Per definir les bones pr\u00e0ctiques en el disseny i la construcci\u00f3 de les piscines biol\u00f2giques, des de la IOB es va crear una llista de principis essencials b\u00e0sics. <a href=\"https:\/\/giabn.com\/common-essentials\/\">Common essentials (*4.)<\/a><\/p>\n<p><img decoding=\"async\" class=\"wp-image-6645 size-medium alignleft lazyload\" data-src=\"https:\/\/giabn.com\/wp-content\/uploads\/2024\/03\/LATIFOLIA-4_smaii1-300x191.jpg\" alt=\"\" width=\"300\" height=\"191\" data-srcset=\"https:\/\/giabn.com\/wp-content\/uploads\/2024\/03\/LATIFOLIA-4_smaii1-300x191.jpg 300w, https:\/\/giabn.com\/wp-content\/uploads\/2024\/03\/LATIFOLIA-4_smaii1-230x146.jpg 230w, https:\/\/giabn.com\/wp-content\/uploads\/2024\/03\/LATIFOLIA-4_smaii1-350x223.jpg 350w, https:\/\/giabn.com\/wp-content\/uploads\/2024\/03\/LATIFOLIA-4_smaii1-480x305.jpg 480w, https:\/\/giabn.com\/wp-content\/uploads\/2024\/03\/LATIFOLIA-4_smaii1.jpg 500w\" data-sizes=\"(max-width: 300px) 100vw, 300px\" src=\"data:image\/svg+xml;base64,PHN2ZyB3aWR0aD0iMSIgaGVpZ2h0PSIxIiB4bWxucz0iaHR0cDovL3d3dy53My5vcmcvMjAwMC9zdmciPjwvc3ZnPg==\" style=\"--smush-placeholder-width: 300px; --smush-placeholder-aspect-ratio: 300\/191;\" \/>Actualment a Espanya les piscines biol\u00f2giques d'\u00fas p\u00fablic no estan autoritzades degut encara a una manca de legislaci\u00f3 adequada. Per aix\u00f2, el Grup Ib\u00e8ric va desenvolupar les Directrius del GIABN (*5) d'acord amb les normes t\u00e8cniques de l'IOB basades en l'experi\u00e8ncia dels principals pa\u00efsos europeus amb llarga tradici\u00f3 en piscines p\u00fabliques naturals.<\/p>\n<p>Des de finals dels anys 80 fins avui s'han constru\u00eft a Europa centenars de piscines d'\u00fas p\u00fablic. Nom\u00e9s a Alemanya se'n xifren en m\u00e9s de 400. Moltes amb capacitat per a centenars de persones di\u00e0ries. Piscines biol\u00f2giques al m\u00f3n. <a href=\"https:\/\/giabn.com\/piscinas-biologicas-no-mundo\/\" target=\"_blank\" rel=\"noopener\">Situaci\u00f3 internacional (*6)<\/a><\/p><\/p>\n<\/div>\n<\/div><\/div><\/div><\/div><\/div><\/div><\/div>","protected":false},"excerpt":{"rendered":"<p>LES BIOPISCINES Les biopiscines o piscines biol\u00f2giques es defineixen per la depuraci\u00f3 biol\u00f2gica de l&#8217;aigua (*1), utilitzant \u00fanicament per fer-ho \u00fanicament mitjans [&hellip;]<\/p>\n","protected":false},"author":1,"featured_media":0,"parent":0,"menu_order":0,"comment_status":"closed","ping_status":"closed","template":"","meta":{"footnotes":""},"class_list":["post-6219","page","type-page","status-publish","hentry"],"yoast_head":"<!-- This site is optimized with the Yoast SEO plugin v27.4 - https:\/\/yoast.com\/product\/yoast-seo-wordpress\/ -->\n<title>LAS BIOPISCINAS - GIABN<\/title>\n<meta name=\"robots\" content=\"index, follow, max-snippet:-1, max-image-preview:large, max-video-preview:-1\" \/>\n<link rel=\"canonical\" href=\"https:\/\/giabn.com\/en\/biopiscinas\/\" \/>\n<meta name=\"twitter:card\" content=\"summary_large_image\" \/>\n<meta name=\"twitter:title\" content=\"[:en]BIOPOOLS[:pt]LAS BIOPISCINAS[:ca]LAS BIOPISCINAS[:es]LAS BIOPISCINAS[:] - GIABN\" \/>\n<meta name=\"twitter:description\" content=\"LES BIOPISCINES Les biopiscines o piscines biol\u00f2giques es defineixen per la depuraci\u00f3 biol\u00f2gica de l&#039;aigua (*1), utilitzant \u00fanicament per fer-ho \u00fanicament mitjans [&hellip;]\" \/>\n<meta name=\"twitter:image\" content=\"https:\/\/giabn.com\/wp-content\/uploads\/2024\/03\/BIOPOOL-1_small1-300x286.jpg\" \/>\n<meta name=\"twitter:label1\" content=\"Temps estimat de lectura\" \/>\n\t<meta name=\"twitter:data1\" content=\"8 minuts\" \/>\n<script type=\"application\/ld+json\" class=\"yoast-schema-graph\">{\"@context\":\"https:\\\/\\\/schema.org\",\"@graph\":[{\"@type\":\"WebPage\",\"@id\":\"https:\\\/\\\/giabn.com\\\/en\\\/biopiscinas\\\/\",\"url\":\"https:\\\/\\\/giabn.com\\\/en\\\/biopiscinas\\\/\",\"name\":\"[:en]BIOPOOLS[:pt]LAS BIOPISCINAS[:ca]LAS BIOPISCINAS[:es]LAS BIOPISCINAS[:] - GIABN\",\"isPartOf\":{\"@id\":\"https:\\\/\\\/giabn.com\\\/ca\\\/#website\"},\"primaryImageOfPage\":{\"@id\":\"https:\\\/\\\/giabn.com\\\/en\\\/biopiscinas\\\/#primaryimage\"},\"image\":{\"@id\":\"https:\\\/\\\/giabn.com\\\/en\\\/biopiscinas\\\/#primaryimage\"},\"thumbnailUrl\":\"https:\\\/\\\/giabn.com\\\/wp-content\\\/uploads\\\/2024\\\/03\\\/BIOPOOL-1_small1-300x286.jpg\",\"datePublished\":\"2024-01-16T17:33:08+00:00\",\"dateModified\":\"2024-03-25T11:44:09+00:00\",\"breadcrumb\":{\"@id\":\"https:\\\/\\\/giabn.com\\\/en\\\/biopiscinas\\\/#breadcrumb\"},\"inLanguage\":\"ca\",\"potentialAction\":[{\"@type\":\"ReadAction\",\"target\":[\"https:\\\/\\\/giabn.com\\\/en\\\/biopiscinas\\\/\"]}]},{\"@type\":\"ImageObject\",\"inLanguage\":\"ca\",\"@id\":\"https:\\\/\\\/giabn.com\\\/en\\\/biopiscinas\\\/#primaryimage\",\"url\":\"https:\\\/\\\/giabn.com\\\/wp-content\\\/uploads\\\/2024\\\/03\\\/BIOPOOL-1_small1-300x286.jpg\",\"contentUrl\":\"https:\\\/\\\/giabn.com\\\/wp-content\\\/uploads\\\/2024\\\/03\\\/BIOPOOL-1_small1-300x286.jpg\"},{\"@type\":\"BreadcrumbList\",\"@id\":\"https:\\\/\\\/giabn.com\\\/en\\\/biopiscinas\\\/#breadcrumb\",\"itemListElement\":[{\"@type\":\"ListItem\",\"position\":1,\"name\":\"Home\",\"item\":\"https:\\\/\\\/giabn.com\\\/\"},{\"@type\":\"ListItem\",\"position\":2,\"name\":\"BIOPOOLS\"}]},{\"@type\":\"WebSite\",\"@id\":\"https:\\\/\\\/giabn.com\\\/ca\\\/#website\",\"url\":\"https:\\\/\\\/giabn.com\\\/ca\\\/\",\"name\":\"GIABN\",\"description\":\"Grupo Ib&eacute;rico de Aguas de Ba\u00f1o Naturalizadas GIABN\",\"publisher\":{\"@id\":\"https:\\\/\\\/giabn.com\\\/ca\\\/#organization\"},\"potentialAction\":[{\"@type\":\"SearchAction\",\"target\":{\"@type\":\"EntryPoint\",\"urlTemplate\":\"https:\\\/\\\/giabn.com\\\/ca\\\/?s={search_term_string}\"},\"query-input\":{\"@type\":\"PropertyValueSpecification\",\"valueRequired\":true,\"valueName\":\"search_term_string\"}}],\"inLanguage\":\"ca\"},{\"@type\":\"Organization\",\"@id\":\"https:\\\/\\\/giabn.com\\\/ca\\\/#organization\",\"name\":\"IOB EV\",\"url\":\"https:\\\/\\\/giabn.com\\\/ca\\\/\",\"logo\":{\"@type\":\"ImageObject\",\"inLanguage\":\"ca\",\"@id\":\"https:\\\/\\\/giabn.com\\\/ca\\\/#\\\/schema\\\/logo\\\/image\\\/\",\"url\":\"https:\\\/\\\/giabn.com\\\/wp-content\\\/uploads\\\/2023\\\/01\\\/logo-giabn.png\",\"contentUrl\":\"https:\\\/\\\/giabn.com\\\/wp-content\\\/uploads\\\/2023\\\/01\\\/logo-giabn.png\",\"width\":134,\"height\":101,\"caption\":\"IOB EV\"},\"image\":{\"@id\":\"https:\\\/\\\/giabn.com\\\/ca\\\/#\\\/schema\\\/logo\\\/image\\\/\"}}]}<\/script>\n<!-- \/ Yoast SEO plugin. -->","yoast_head_json":{"title":"[:en]BIOPOOLS[:pt]LAS BIOPISCINAS[:ca]LAS BIOPISCINAS[:es]LAS BIOPISCINAS[:] - GIABN","robots":{"index":"index","follow":"follow","max-snippet":"max-snippet:-1","max-image-preview":"max-image-preview:large","max-video-preview":"max-video-preview:-1"},"canonical":"https:\/\/giabn.com\/en\/biopiscinas\/","twitter_card":"summary_large_image","twitter_title":"[:en]BIOPOOLS[:pt]LAS BIOPISCINAS[:ca]LAS BIOPISCINAS[:es]LAS BIOPISCINAS[:] - GIABN","twitter_description":"LES BIOPISCINES Les biopiscines o piscines biol\u00f2giques es defineixen per la depuraci\u00f3 biol\u00f2gica de l'aigua (*1), utilitzant \u00fanicament per fer-ho \u00fanicament mitjans [&hellip;]","twitter_image":"https:\/\/giabn.com\/wp-content\/uploads\/2024\/03\/BIOPOOL-1_small1-300x286.jpg","twitter_misc":{"Temps estimat de lectura":"8 minuts"},"schema":{"@context":"https:\/\/schema.org","@graph":[{"@type":"WebPage","@id":"https:\/\/giabn.com\/en\/biopiscinas\/","url":"https:\/\/giabn.com\/en\/biopiscinas\/","name":"[:en]BIOPOOLS[:pt]LAS BIOPISCINAS[:ca]LAS BIOPISCINAS[:es]LAS BIOPISCINAS[:] - GIABN","isPartOf":{"@id":"https:\/\/giabn.com\/ca\/#website"},"primaryImageOfPage":{"@id":"https:\/\/giabn.com\/en\/biopiscinas\/#primaryimage"},"image":{"@id":"https:\/\/giabn.com\/en\/biopiscinas\/#primaryimage"},"thumbnailUrl":"https:\/\/giabn.com\/wp-content\/uploads\/2024\/03\/BIOPOOL-1_small1-300x286.jpg","datePublished":"2024-01-16T17:33:08+00:00","dateModified":"2024-03-25T11:44:09+00:00","breadcrumb":{"@id":"https:\/\/giabn.com\/en\/biopiscinas\/#breadcrumb"},"inLanguage":"ca","potentialAction":[{"@type":"ReadAction","target":["https:\/\/giabn.com\/en\/biopiscinas\/"]}]},{"@type":"ImageObject","inLanguage":"ca","@id":"https:\/\/giabn.com\/en\/biopiscinas\/#primaryimage","url":"https:\/\/giabn.com\/wp-content\/uploads\/2024\/03\/BIOPOOL-1_small1-300x286.jpg","contentUrl":"https:\/\/giabn.com\/wp-content\/uploads\/2024\/03\/BIOPOOL-1_small1-300x286.jpg"},{"@type":"BreadcrumbList","@id":"https:\/\/giabn.com\/en\/biopiscinas\/#breadcrumb","itemListElement":[{"@type":"ListItem","position":1,"name":"Home","item":"https:\/\/giabn.com\/"},{"@type":"ListItem","position":2,"name":"BIOPOOLS"}]},{"@type":"WebSite","@id":"https:\/\/giabn.com\/ca\/#website","url":"https:\/\/giabn.com\/ca\/","name":"GIABN","description":"Grupo Ib&eacute;rico de Aguas de Ba\u00f1o Naturalizadas GIABN","publisher":{"@id":"https:\/\/giabn.com\/ca\/#organization"},"potentialAction":[{"@type":"SearchAction","target":{"@type":"EntryPoint","urlTemplate":"https:\/\/giabn.com\/ca\/?s={search_term_string}"},"query-input":{"@type":"PropertyValueSpecification","valueRequired":true,"valueName":"search_term_string"}}],"inLanguage":"ca"},{"@type":"Organization","@id":"https:\/\/giabn.com\/ca\/#organization","name":"IOB EV","url":"https:\/\/giabn.com\/ca\/","logo":{"@type":"ImageObject","inLanguage":"ca","@id":"https:\/\/giabn.com\/ca\/#\/schema\/logo\/image\/","url":"https:\/\/giabn.com\/wp-content\/uploads\/2023\/01\/logo-giabn.png","contentUrl":"https:\/\/giabn.com\/wp-content\/uploads\/2023\/01\/logo-giabn.png","width":134,"height":101,"caption":"IOB EV"},"image":{"@id":"https:\/\/giabn.com\/ca\/#\/schema\/logo\/image\/"}}]}},"_links":{"self":[{"href":"https:\/\/giabn.com\/ca\/wp-json\/wp\/v2\/pages\/6219","targetHints":{"allow":["GET"]}}],"collection":[{"href":"https:\/\/giabn.com\/ca\/wp-json\/wp\/v2\/pages"}],"about":[{"href":"https:\/\/giabn.com\/ca\/wp-json\/wp\/v2\/types\/page"}],"author":[{"embeddable":true,"href":"https:\/\/giabn.com\/ca\/wp-json\/wp\/v2\/users\/1"}],"replies":[{"embeddable":true,"href":"https:\/\/giabn.com\/ca\/wp-json\/wp\/v2\/comments?post=6219"}],"version-history":[{"count":0,"href":"https:\/\/giabn.com\/ca\/wp-json\/wp\/v2\/pages\/6219\/revisions"}],"wp:attachment":[{"href":"https:\/\/giabn.com\/ca\/wp-json\/wp\/v2\/media?parent=6219"}],"curies":[{"name":"wp","href":"https:\/\/api.w.org\/{rel}","templated":true}]}}