{"id":5621,"date":"2023-01-18T18:40:59","date_gmt":"2023-01-18T17:40:59","guid":{"rendered":"https:\/\/giabn.com\/?page_id=5621"},"modified":"2023-01-18T18:40:59","modified_gmt":"2023-01-18T17:40:59","slug":"proposal-guidelines-for-swimming-ponds","status":"publish","type":"page","link":"https:\/\/giabn.com\/ca\/proposal-guidelines-for-swimming-ponds\/","title":{"rendered":"Proposta de Directrius d&#8217;estanys de nataci\u00f3"},"content":{"rendered":"<p><\/p>\n<div id=\"main_content\">\n<div id=\"leftbox\">\n<div class=\"artikel\"><\/div>\n<\/div>\n<\/div>\n<div class=\"zurueck\">\n<div class=\"wkt_newsseite\">\n<div class=\"artikel\"><span class=\"datum\"> 14 \/ agost \/ 2010 (Bremen, Alemanya) <\/span><\/p>\n<h2>Proposta de Directrius d&#8217;estanys de nataci\u00f3<\/h2>\n<div class=\"p\">\n<p>El document est\u00e0 disponible en format PDF en alemany i en angl\u00e8s (en el lloc indicat m\u00e9s avall). IOB i GIABN estan convidant als professionals de la ind\u00fastria de l&#8217;estany de nataci\u00f3 per a debatre aquesta proposta. Podeu enviar els seus comentaris a la junta de GIABN o participar directament en el F\u00f2rum de Discussi\u00f3 que es troba disponible al lloc d&#8217;Internet IOB: <b>www.iob-ev.com<\/b><\/p>\n<\/div>\n<\/div>\n<\/div>\n<div class=\"zurueck\"><\/div>\n<\/div>","protected":false},"excerpt":{"rendered":"<p>14 \/ agost \/ 2010 (Bremen, Alemanya) Proposta de Directrius d&#8217;estanys de nataci\u00f3 El document est\u00e0 disponible en format PDF en alemany [&hellip;]<\/p>\n","protected":false},"author":1,"featured_media":0,"parent":0,"menu_order":0,"comment_status":"closed","ping_status":"closed","template":"","meta":{"footnotes":""},"class_list":["post-5621","page","type-page","status-publish","hentry"],"yoast_head":"<!-- This site is optimized with the Yoast SEO plugin v27.5 - https:\/\/yoast.com\/product\/yoast-seo-wordpress\/ -->\n<title>Proposta de Directrius d&#039;estanys de nataci\u00f3 - GIABN<\/title>\n<meta name=\"robots\" content=\"index, follow, max-snippet:-1, max-image-preview:large, max-video-preview:-1\" \/>\n<link rel=\"canonical\" href=\"https:\/\/giabn.com\/proposal-guidelines-for-swimming-ponds\/\" \/>\n<meta name=\"twitter:card\" content=\"summary_large_image\" \/>\n<meta name=\"twitter:title\" content=\"[:en] Proposal Guidelines for swimming ponds [:pt]Proposta de regulamento para piscinas naturalizadas[:ca]Proposta de Directrius d&#039;estanys de nataci\u00f3[:es]Propuesta de Directrices de estanques de nataci\u00f3n[:] - GIABN\" \/>\n<meta name=\"twitter:description\" content=\"14 \/ agost \/ 2010 (Bremen, Alemanya) Proposta de Directrius d&#8217;estanys de nataci\u00f3 El document est\u00e0 disponible en format PDF en alemany [&hellip;]\" \/>\n<meta name=\"twitter:label1\" content=\"Temps estimat de lectura\" \/>\n\t<meta name=\"twitter:data1\" content=\"2 minuts\" \/>\n<script type=\"application\/ld+json\" class=\"yoast-schema-graph\">{\"@context\":\"https:\\\/\\\/schema.org\",\"@graph\":[{\"@type\":\"WebPage\",\"@id\":\"https:\\\/\\\/giabn.com\\\/proposal-guidelines-for-swimming-ponds\\\/\",\"url\":\"https:\\\/\\\/giabn.com\\\/proposal-guidelines-for-swimming-ponds\\\/\",\"name\":\"[:en] Proposal Guidelines for swimming ponds [:pt]Proposta de regulamento para piscinas naturalizadas[:ca]Proposta de Directrius d'estanys de nataci\u00f3[:es]Propuesta de Directrices de estanques de nataci\u00f3n[:] - GIABN\",\"isPartOf\":{\"@id\":\"https:\\\/\\\/giabn.com\\\/ca\\\/#website\"},\"datePublished\":\"2023-01-18T17:40:59+00:00\",\"breadcrumb\":{\"@id\":\"https:\\\/\\\/giabn.com\\\/proposal-guidelines-for-swimming-ponds\\\/#breadcrumb\"},\"inLanguage\":\"ca\",\"potentialAction\":[{\"@type\":\"ReadAction\",\"target\":[\"https:\\\/\\\/giabn.com\\\/proposal-guidelines-for-swimming-ponds\\\/\"]}]},{\"@type\":\"BreadcrumbList\",\"@id\":\"https:\\\/\\\/giabn.com\\\/proposal-guidelines-for-swimming-ponds\\\/#breadcrumb\",\"itemListElement\":[{\"@type\":\"ListItem\",\"position\":1,\"name\":\"Home\",\"item\":\"https:\\\/\\\/giabn.com\\\/\"},{\"@type\":\"ListItem\",\"position\":2,\"name\":\"Propuesta de Directrices de estanques de nataci\u00f3n\"}]},{\"@type\":\"WebSite\",\"@id\":\"https:\\\/\\\/giabn.com\\\/ca\\\/#website\",\"url\":\"https:\\\/\\\/giabn.com\\\/ca\\\/\",\"name\":\"GIABN\",\"description\":\"Grupo Ib&eacute;rico de Aguas de Ba\u00f1o Naturalizadas GIABN\",\"publisher\":{\"@id\":\"https:\\\/\\\/giabn.com\\\/ca\\\/#organization\"},\"potentialAction\":[{\"@type\":\"SearchAction\",\"target\":{\"@type\":\"EntryPoint\",\"urlTemplate\":\"https:\\\/\\\/giabn.com\\\/ca\\\/?s={search_term_string}\"},\"query-input\":{\"@type\":\"PropertyValueSpecification\",\"valueRequired\":true,\"valueName\":\"search_term_string\"}}],\"inLanguage\":\"ca\"},{\"@type\":\"Organization\",\"@id\":\"https:\\\/\\\/giabn.com\\\/ca\\\/#organization\",\"name\":\"IOB EV\",\"url\":\"https:\\\/\\\/giabn.com\\\/ca\\\/\",\"logo\":{\"@type\":\"ImageObject\",\"inLanguage\":\"ca\",\"@id\":\"https:\\\/\\\/giabn.com\\\/ca\\\/#\\\/schema\\\/logo\\\/image\\\/\",\"url\":\"https:\\\/\\\/giabn.com\\\/wp-content\\\/uploads\\\/2023\\\/01\\\/logo-giabn.png\",\"contentUrl\":\"https:\\\/\\\/giabn.com\\\/wp-content\\\/uploads\\\/2023\\\/01\\\/logo-giabn.png\",\"width\":134,\"height\":101,\"caption\":\"IOB EV\"},\"image\":{\"@id\":\"https:\\\/\\\/giabn.com\\\/ca\\\/#\\\/schema\\\/logo\\\/image\\\/\"}}]}<\/script>\n<!-- \/ Yoast SEO plugin. -->","yoast_head_json":{"title":"[:en] Proposal Guidelines for swimming ponds [:pt]Proposta de regulamento para piscinas naturalizadas[:ca]Proposta de Directrius d'estanys de nataci\u00f3[:es]Propuesta de Directrices de estanques de nataci\u00f3n[:] - GIABN","robots":{"index":"index","follow":"follow","max-snippet":"max-snippet:-1","max-image-preview":"max-image-preview:large","max-video-preview":"max-video-preview:-1"},"canonical":"https:\/\/giabn.com\/proposal-guidelines-for-swimming-ponds\/","twitter_card":"summary_large_image","twitter_title":"[:en] Proposal Guidelines for swimming ponds [:pt]Proposta de regulamento para piscinas naturalizadas[:ca]Proposta de Directrius d'estanys de nataci\u00f3[:es]Propuesta de Directrices de estanques de nataci\u00f3n[:] - GIABN","twitter_description":"14 \/ agost \/ 2010 (Bremen, Alemanya) Proposta de Directrius d&#8217;estanys de nataci\u00f3 El document est\u00e0 disponible en format PDF en alemany [&hellip;]","twitter_misc":{"Temps estimat de lectura":"2 minuts"},"schema":{"@context":"https:\/\/schema.org","@graph":[{"@type":"WebPage","@id":"https:\/\/giabn.com\/proposal-guidelines-for-swimming-ponds\/","url":"https:\/\/giabn.com\/proposal-guidelines-for-swimming-ponds\/","name":"[:en] Proposal Guidelines for swimming ponds [:pt]Proposta de regulamento para piscinas naturalizadas[:ca]Proposta de Directrius d'estanys de nataci\u00f3[:es]Propuesta de Directrices de estanques de nataci\u00f3n[:] - GIABN","isPartOf":{"@id":"https:\/\/giabn.com\/ca\/#website"},"datePublished":"2023-01-18T17:40:59+00:00","breadcrumb":{"@id":"https:\/\/giabn.com\/proposal-guidelines-for-swimming-ponds\/#breadcrumb"},"inLanguage":"ca","potentialAction":[{"@type":"ReadAction","target":["https:\/\/giabn.com\/proposal-guidelines-for-swimming-ponds\/"]}]},{"@type":"BreadcrumbList","@id":"https:\/\/giabn.com\/proposal-guidelines-for-swimming-ponds\/#breadcrumb","itemListElement":[{"@type":"ListItem","position":1,"name":"Home","item":"https:\/\/giabn.com\/"},{"@type":"ListItem","position":2,"name":"Propuesta de Directrices de estanques de nataci\u00f3n"}]},{"@type":"WebSite","@id":"https:\/\/giabn.com\/ca\/#website","url":"https:\/\/giabn.com\/ca\/","name":"GIABN","description":"Grupo Ib&eacute;rico de Aguas de Ba\u00f1o Naturalizadas GIABN","publisher":{"@id":"https:\/\/giabn.com\/ca\/#organization"},"potentialAction":[{"@type":"SearchAction","target":{"@type":"EntryPoint","urlTemplate":"https:\/\/giabn.com\/ca\/?s={search_term_string}"},"query-input":{"@type":"PropertyValueSpecification","valueRequired":true,"valueName":"search_term_string"}}],"inLanguage":"ca"},{"@type":"Organization","@id":"https:\/\/giabn.com\/ca\/#organization","name":"IOB EV","url":"https:\/\/giabn.com\/ca\/","logo":{"@type":"ImageObject","inLanguage":"ca","@id":"https:\/\/giabn.com\/ca\/#\/schema\/logo\/image\/","url":"https:\/\/giabn.com\/wp-content\/uploads\/2023\/01\/logo-giabn.png","contentUrl":"https:\/\/giabn.com\/wp-content\/uploads\/2023\/01\/logo-giabn.png","width":134,"height":101,"caption":"IOB EV"},"image":{"@id":"https:\/\/giabn.com\/ca\/#\/schema\/logo\/image\/"}}]}},"_links":{"self":[{"href":"https:\/\/giabn.com\/ca\/wp-json\/wp\/v2\/pages\/5621","targetHints":{"allow":["GET"]}}],"collection":[{"href":"https:\/\/giabn.com\/ca\/wp-json\/wp\/v2\/pages"}],"about":[{"href":"https:\/\/giabn.com\/ca\/wp-json\/wp\/v2\/types\/page"}],"author":[{"embeddable":true,"href":"https:\/\/giabn.com\/ca\/wp-json\/wp\/v2\/users\/1"}],"replies":[{"embeddable":true,"href":"https:\/\/giabn.com\/ca\/wp-json\/wp\/v2\/comments?post=5621"}],"version-history":[{"count":0,"href":"https:\/\/giabn.com\/ca\/wp-json\/wp\/v2\/pages\/5621\/revisions"}],"wp:attachment":[{"href":"https:\/\/giabn.com\/ca\/wp-json\/wp\/v2\/media?parent=5621"}],"curies":[{"name":"wp","href":"https:\/\/api.w.org\/{rel}","templated":true}]}}