{"id":5618,"date":"2023-01-18T18:33:14","date_gmt":"2023-01-18T17:33:14","guid":{"rendered":"https:\/\/giabn.com\/?page_id=5618"},"modified":"2023-01-18T18:33:14","modified_gmt":"2023-01-18T17:33:14","slug":"asthma-risk-in-baby-swimming-in-chlorine","status":"publish","type":"page","link":"https:\/\/giabn.com\/ca\/asthma-risk-in-baby-swimming-in-chlorine\/","title":{"rendered":"Piscines clorades i risc d&#8217;asma en nadons"},"content":{"rendered":"<p><span class=\"datum\">30 \/ gener \/ 2011 (Berl\u00edn, Alemanya) <\/span><\/p>\n<h2>Piscines clorades i risc d&#8217;asma en nadons<\/h2>\n<div class=\"p\">\n<p>Aix\u00ed mateix l&#8217;oficina ambiental sha vist obligada a formular que: &#8220;Per a nens m\u00e9s petits dos anys d&#8217;edat i amb antecedents familiars de all\u00e8rgies parin d&#8217;assistir a classe de nataci\u00f3 a piscines clorades cobertes. Aquesta observaci\u00f3 no requereix cap comentari per part d&#8217;especialistes de la ind\u00fastria de piscines naturalitzades. \u00c9s suficient esmentar el comunicat de premsa de UBA, &#8220;productes en reacci\u00f3 amb clor poden contribuir a desenvolupar asma en grups d&#8217;alt risc. En especial la tricloramina provinent de la reacci\u00f3 del clor amb la urea \u00e9s una subst\u00e0ncia sospitosa. De fet els efectes nocius en el pulm\u00f3 s\u00f3n or\u00edgens d&#8217;asma. \u00c9s aviat per jutjar una relaci\u00f3 causa efecte per la manca de dades dels l\u00edmits de la tricloramina. Pensant en els pares preocupats per nens menors de dos anys, l&#8217;Ag\u00e8ncia Federal del Medi Ambient (UBA) recomanen s&#8217;abstinguin de classes de nataci\u00f3 per precauci\u00f3 fins que es confirmin les dades.<\/p>\n<\/div>\n<p><\/p>","protected":false},"excerpt":{"rendered":"<p>30 \/ gener \/ 2011 (Berl\u00edn, Alemanya) Piscines clorades i risc d&#8217;asma en nadons Aix\u00ed mateix l&#8217;oficina ambiental sha vist obligada a [&hellip;]<\/p>\n","protected":false},"author":1,"featured_media":0,"parent":0,"menu_order":0,"comment_status":"closed","ping_status":"closed","template":"","meta":{"footnotes":""},"class_list":["post-5618","page","type-page","status-publish","hentry"],"yoast_head":"<!-- This site is optimized with the Yoast SEO plugin v27.5 - https:\/\/yoast.com\/product\/yoast-seo-wordpress\/ -->\n<title>Piscines clorades i risc d&#039;asma en nadons  - GIABN<\/title>\n<meta name=\"robots\" content=\"index, follow, max-snippet:-1, max-image-preview:large, max-video-preview:-1\" \/>\n<link rel=\"canonical\" href=\"https:\/\/giabn.com\/asthma-risk-in-baby-swimming-in-chlorine\/\" \/>\n<meta name=\"twitter:card\" content=\"summary_large_image\" \/>\n<meta name=\"twitter:title\" content=\"[:en]Asthma risk in baby swimming in chlorine?[:pt]Para os b\u00e9b\u00e9s: Risco de asma no banho de cloro[:ca] Piscines clorades i risc d&#039;asma en nadons [:es]Piscinas cloradas y riesgo de asma en beb\u00e9s[:] - GIABN\" \/>\n<meta name=\"twitter:description\" content=\"30 \/ gener \/ 2011 (Berl\u00edn, Alemanya) Piscines clorades i risc d&#8217;asma en nadons Aix\u00ed mateix l&#8217;oficina ambiental sha vist obligada a [&hellip;]\" \/>\n<meta name=\"twitter:label1\" content=\"Temps estimat de lectura\" \/>\n\t<meta name=\"twitter:data1\" content=\"4 minuts\" \/>\n<script type=\"application\/ld+json\" class=\"yoast-schema-graph\">{\"@context\":\"https:\\\/\\\/schema.org\",\"@graph\":[{\"@type\":\"WebPage\",\"@id\":\"https:\\\/\\\/giabn.com\\\/asthma-risk-in-baby-swimming-in-chlorine\\\/\",\"url\":\"https:\\\/\\\/giabn.com\\\/asthma-risk-in-baby-swimming-in-chlorine\\\/\",\"name\":\"[:en]Asthma risk in baby swimming in chlorine?[:pt]Para os b\u00e9b\u00e9s: Risco de asma no banho de cloro[:ca] Piscines clorades i risc d'asma en nadons [:es]Piscinas cloradas y riesgo de asma en beb\u00e9s[:] - GIABN\",\"isPartOf\":{\"@id\":\"https:\\\/\\\/giabn.com\\\/ca\\\/#website\"},\"datePublished\":\"2023-01-18T17:33:14+00:00\",\"breadcrumb\":{\"@id\":\"https:\\\/\\\/giabn.com\\\/asthma-risk-in-baby-swimming-in-chlorine\\\/#breadcrumb\"},\"inLanguage\":\"ca\",\"potentialAction\":[{\"@type\":\"ReadAction\",\"target\":[\"https:\\\/\\\/giabn.com\\\/asthma-risk-in-baby-swimming-in-chlorine\\\/\"]}]},{\"@type\":\"BreadcrumbList\",\"@id\":\"https:\\\/\\\/giabn.com\\\/asthma-risk-in-baby-swimming-in-chlorine\\\/#breadcrumb\",\"itemListElement\":[{\"@type\":\"ListItem\",\"position\":1,\"name\":\"Home\",\"item\":\"https:\\\/\\\/giabn.com\\\/\"},{\"@type\":\"ListItem\",\"position\":2,\"name\":\"Piscinas cloradas y riesgo de asma en beb\u00e9s\"}]},{\"@type\":\"WebSite\",\"@id\":\"https:\\\/\\\/giabn.com\\\/ca\\\/#website\",\"url\":\"https:\\\/\\\/giabn.com\\\/ca\\\/\",\"name\":\"GIABN\",\"description\":\"Grupo Ib&eacute;rico de Aguas de Ba\u00f1o Naturalizadas GIABN\",\"publisher\":{\"@id\":\"https:\\\/\\\/giabn.com\\\/ca\\\/#organization\"},\"potentialAction\":[{\"@type\":\"SearchAction\",\"target\":{\"@type\":\"EntryPoint\",\"urlTemplate\":\"https:\\\/\\\/giabn.com\\\/ca\\\/?s={search_term_string}\"},\"query-input\":{\"@type\":\"PropertyValueSpecification\",\"valueRequired\":true,\"valueName\":\"search_term_string\"}}],\"inLanguage\":\"ca\"},{\"@type\":\"Organization\",\"@id\":\"https:\\\/\\\/giabn.com\\\/ca\\\/#organization\",\"name\":\"IOB EV\",\"url\":\"https:\\\/\\\/giabn.com\\\/ca\\\/\",\"logo\":{\"@type\":\"ImageObject\",\"inLanguage\":\"ca\",\"@id\":\"https:\\\/\\\/giabn.com\\\/ca\\\/#\\\/schema\\\/logo\\\/image\\\/\",\"url\":\"https:\\\/\\\/giabn.com\\\/wp-content\\\/uploads\\\/2023\\\/01\\\/logo-giabn.png\",\"contentUrl\":\"https:\\\/\\\/giabn.com\\\/wp-content\\\/uploads\\\/2023\\\/01\\\/logo-giabn.png\",\"width\":134,\"height\":101,\"caption\":\"IOB EV\"},\"image\":{\"@id\":\"https:\\\/\\\/giabn.com\\\/ca\\\/#\\\/schema\\\/logo\\\/image\\\/\"}}]}<\/script>\n<!-- \/ Yoast SEO plugin. -->","yoast_head_json":{"title":"[:en]Asthma risk in baby swimming in chlorine?[:pt]Para os b\u00e9b\u00e9s: Risco de asma no banho de cloro[:ca] Piscines clorades i risc d'asma en nadons [:es]Piscinas cloradas y riesgo de asma en beb\u00e9s[:] - GIABN","robots":{"index":"index","follow":"follow","max-snippet":"max-snippet:-1","max-image-preview":"max-image-preview:large","max-video-preview":"max-video-preview:-1"},"canonical":"https:\/\/giabn.com\/asthma-risk-in-baby-swimming-in-chlorine\/","twitter_card":"summary_large_image","twitter_title":"[:en]Asthma risk in baby swimming in chlorine?[:pt]Para os b\u00e9b\u00e9s: Risco de asma no banho de cloro[:ca] Piscines clorades i risc d'asma en nadons [:es]Piscinas cloradas y riesgo de asma en beb\u00e9s[:] - GIABN","twitter_description":"30 \/ gener \/ 2011 (Berl\u00edn, Alemanya) Piscines clorades i risc d&#8217;asma en nadons Aix\u00ed mateix l&#8217;oficina ambiental sha vist obligada a [&hellip;]","twitter_misc":{"Temps estimat de lectura":"4 minuts"},"schema":{"@context":"https:\/\/schema.org","@graph":[{"@type":"WebPage","@id":"https:\/\/giabn.com\/asthma-risk-in-baby-swimming-in-chlorine\/","url":"https:\/\/giabn.com\/asthma-risk-in-baby-swimming-in-chlorine\/","name":"[:en]Asthma risk in baby swimming in chlorine?[:pt]Para os b\u00e9b\u00e9s: Risco de asma no banho de cloro[:ca] Piscines clorades i risc d'asma en nadons [:es]Piscinas cloradas y riesgo de asma en beb\u00e9s[:] - GIABN","isPartOf":{"@id":"https:\/\/giabn.com\/ca\/#website"},"datePublished":"2023-01-18T17:33:14+00:00","breadcrumb":{"@id":"https:\/\/giabn.com\/asthma-risk-in-baby-swimming-in-chlorine\/#breadcrumb"},"inLanguage":"ca","potentialAction":[{"@type":"ReadAction","target":["https:\/\/giabn.com\/asthma-risk-in-baby-swimming-in-chlorine\/"]}]},{"@type":"BreadcrumbList","@id":"https:\/\/giabn.com\/asthma-risk-in-baby-swimming-in-chlorine\/#breadcrumb","itemListElement":[{"@type":"ListItem","position":1,"name":"Home","item":"https:\/\/giabn.com\/"},{"@type":"ListItem","position":2,"name":"Piscinas cloradas y riesgo de asma en beb\u00e9s"}]},{"@type":"WebSite","@id":"https:\/\/giabn.com\/ca\/#website","url":"https:\/\/giabn.com\/ca\/","name":"GIABN","description":"Grupo Ib&eacute;rico de Aguas de Ba\u00f1o Naturalizadas GIABN","publisher":{"@id":"https:\/\/giabn.com\/ca\/#organization"},"potentialAction":[{"@type":"SearchAction","target":{"@type":"EntryPoint","urlTemplate":"https:\/\/giabn.com\/ca\/?s={search_term_string}"},"query-input":{"@type":"PropertyValueSpecification","valueRequired":true,"valueName":"search_term_string"}}],"inLanguage":"ca"},{"@type":"Organization","@id":"https:\/\/giabn.com\/ca\/#organization","name":"IOB EV","url":"https:\/\/giabn.com\/ca\/","logo":{"@type":"ImageObject","inLanguage":"ca","@id":"https:\/\/giabn.com\/ca\/#\/schema\/logo\/image\/","url":"https:\/\/giabn.com\/wp-content\/uploads\/2023\/01\/logo-giabn.png","contentUrl":"https:\/\/giabn.com\/wp-content\/uploads\/2023\/01\/logo-giabn.png","width":134,"height":101,"caption":"IOB EV"},"image":{"@id":"https:\/\/giabn.com\/ca\/#\/schema\/logo\/image\/"}}]}},"_links":{"self":[{"href":"https:\/\/giabn.com\/ca\/wp-json\/wp\/v2\/pages\/5618","targetHints":{"allow":["GET"]}}],"collection":[{"href":"https:\/\/giabn.com\/ca\/wp-json\/wp\/v2\/pages"}],"about":[{"href":"https:\/\/giabn.com\/ca\/wp-json\/wp\/v2\/types\/page"}],"author":[{"embeddable":true,"href":"https:\/\/giabn.com\/ca\/wp-json\/wp\/v2\/users\/1"}],"replies":[{"embeddable":true,"href":"https:\/\/giabn.com\/ca\/wp-json\/wp\/v2\/comments?post=5618"}],"version-history":[{"count":0,"href":"https:\/\/giabn.com\/ca\/wp-json\/wp\/v2\/pages\/5618\/revisions"}],"wp:attachment":[{"href":"https:\/\/giabn.com\/ca\/wp-json\/wp\/v2\/media?parent=5618"}],"curies":[{"name":"wp","href":"https:\/\/api.w.org\/{rel}","templated":true}]}}