{"id":5601,"date":"2023-01-18T17:29:28","date_gmt":"2023-01-18T16:29:28","guid":{"rendered":"https:\/\/giabn.com\/?page_id=5601"},"modified":"2023-01-18T17:47:04","modified_gmt":"2023-01-18T16:47:04","slug":"1-conferencia-iberica-de-piscinas-com-tratamento-biologico","status":"publish","type":"page","link":"https:\/\/giabn.com\/ca\/1-conferencia-iberica-de-piscinas-com-tratamento-biologico\/","title":{"rendered":"1. Confer\u00e8ncia Ib\u00e8rica de Piscines amb tractament biol\u00f2gic"},"content":{"rendered":"<div id=\"pl-5601\"  class=\"panel-layout\" ><div id=\"pg-5601-0\"  class=\"panel-grid panel-has-style\" ><div style=\"padding: 100px 0; \" data-overlay=\"true\" class=\"panel-row-style panel-row-style-for-5601-0\" ><div id=\"pgc-5601-0-0\"  class=\"panel-grid-cell\" ><div id=\"panel-5601-0-0-0\" class=\"so-panel widget widget_sow-editor panel-first-child panel-last-child\" data-index=\"0\" ><div style=\"text-align: left;\" data-title-color=\"#443f3f\" data-headings-color=\"#443f3f\" class=\"panel-widget-style panel-widget-style-for-5601-0-0-0\" ><div\n\t\t\t\n\t\t\tclass=\"so-widget-sow-editor so-widget-sow-editor-base\"\n\t\t\t\n\t\t>\n<div class=\"siteorigin-widget-tinymce textwidget\">\n\t<p><img decoding=\"async\" class=\"size-full wp-image-5403 alignleft lazyload\" data-src=\"https:\/\/giabn.com\/wp-content\/uploads\/2023\/01\/1011.jpg\" alt=\"\" width=\"123\" height=\"92\" src=\"data:image\/svg+xml;base64,PHN2ZyB3aWR0aD0iMSIgaGVpZ2h0PSIxIiB4bWxucz0iaHR0cDovL3d3dy53My5vcmcvMjAwMC9zdmciPjwvc3ZnPg==\" style=\"--smush-placeholder-width: 123px; --smush-placeholder-aspect-ratio: 123\/92;\" \/><\/p>\n<p>1 \/ juliol \/ 2014 (Aljezur, Portugal)<br \/>\n1. Confer\u00e8ncia Ib\u00e8rica de Piscines amb tractament biol\u00f2gic<\/p>\n<p>Les piscines de tractament biol\u00f2gic han estat molt ben acceptades en els pa\u00efsos d'Europa Central, com Alemanya, on hi ha fins i tot algunes piscines p\u00fabliques amb depuraci\u00f3 biol\u00f2gica que arriben a ser capaces de tenir 5.000 visitants per dia. A Portugal i Espanya la majoria d'aquestes piscines existents s\u00f3n projectes privats d'\u00fas familiar, tot i aix\u00ed comencen ha haver-hi ja alguns projectes per a l'\u00fas tur\u00edstic.<\/p>\n<p>Amb l'aparici\u00f3 dels primers projectes p\u00fablics a la Pen\u00ednsula Ib\u00e8rica, encara en estudi, el GIABN va sentir la necessitat de convidar a aquesta confer\u00e8ncia a Aljezur.<br \/>\nLes piscines de tractament biol\u00f2gic seran el tema central del primer Congr\u00e9s Ib\u00e8ric de piscines p\u00fabliques amb tractament biol\u00f2gic, el 30 de setembre, a Aljezur, organitzada pel Grup Ib\u00e8ric de Bany Naturalitzat, GIABN.<\/p>\n<p>L'objectiu de la confer\u00e8ncia \u00e9s informar als projectistes, dissenyadors, i organismes p\u00fablics sobre la gesti\u00f3 i els assumptes sanitaris de les piscines amb tractament biol\u00f2gic i fomentar el di\u00e0leg entre els projectistes, cient\u00edfics i entitats p\u00fabliques.<\/p>\n<p>El programa se centra en temes com l'efic\u00e0cia dels sistemes de tractament biol\u00f2gic, i la bacteriologia i limnologia de les piscines p\u00fabliques amb tractament biol\u00f2gic. Els ponents procedeixen d'Alemanya, Espanya, Portugal i It\u00e0lia, i s'abordaran tamb\u00e9 q\u00fcestions de suport financer per a aquestes installacions p\u00fabliques.<br \/>\nUn alcalde parlar\u00e0 sobre la gesti\u00f3 de una piscina p\u00fablica amb tractament biol\u00f2gic en el seu municipi. El GIABN presentar\u00e0 una proposta de directrius per a Portugal i Espanya com una eina de regulaci\u00f3 d'aquests equipaments a la pen\u00ednsula Iberica.<\/p>\n<p>L'abs\u00e8ncia d'una legislaci\u00f3 nacional aplicable a les piscines amb tractament biol\u00f2gic a Portugal i Espanya, \u00e9s responsable de la manca de base per al marc jur\u00eddic adequat \u00e9s en el proc\u00e9s de concessi\u00f3 de llic\u00e8ncies o de autoritzaci\u00f3 dels mateixos.<\/p>\n<p>El Grup Ib\u00e8ric de bany naturalitzat GIABN \u00e9s una associaci\u00f3 binacional de professionals en la planificaci\u00f3 i construcci\u00f3 de piscines amb tractament biol\u00f2gic. El grup est\u00e0 obert a professionals, aix\u00ed com per als desenvolupadors de projectes, propietaris i amics d'aquestes piscines.<br \/>\nDownload:\u00a0<a href=\"https:\/\/giabn.com\/wp-content\/uploads\/2023\/01\/programa-preliminar-fohleto-C.pdf\" target=\"_blank\" rel=\"noopener\">Programa preliminar da confer\u00eancia<\/a>\u00a0(330\u00a0kB)<\/p><\/p>\n<\/div>\n<\/div><\/div><\/div><\/div><\/div><\/div><\/div>","protected":false},"excerpt":{"rendered":"<p>1 \/ juliol \/ 2014 (Aljezur, Portugal) 1. Confer\u00e8ncia Ib\u00e8rica de Piscines amb tractament biol\u00f2gic Les piscines de tractament biol\u00f2gic han estat [&hellip;]<\/p>\n","protected":false},"author":1,"featured_media":0,"parent":0,"menu_order":0,"comment_status":"closed","ping_status":"closed","template":"","meta":{"footnotes":""},"class_list":["post-5601","page","type-page","status-publish","hentry"],"yoast_head":"<!-- This site is optimized with the Yoast SEO plugin v27.5 - https:\/\/yoast.com\/product\/yoast-seo-wordpress\/ -->\n<title>1. Confer\u00e8ncia Ib\u00e8rica de Piscines amb tractament biol\u00f2gic  - GIABN<\/title>\n<meta name=\"robots\" content=\"index, follow, max-snippet:-1, max-image-preview:large, max-video-preview:-1\" \/>\n<link rel=\"canonical\" href=\"https:\/\/giabn.com\/1-conferencia-iberica-de-piscinas-com-tratamento-biologico\/\" \/>\n<meta name=\"twitter:card\" content=\"summary_large_image\" \/>\n<meta name=\"twitter:title\" content=\"[:pt]1. Conferencia Ib\u00e9rica de Piscinas com tratamento biol\u00f3gico[:ca] 1. Confer\u00e8ncia Ib\u00e8rica de Piscines amb tractament biol\u00f2gic [:es]1. Conferencia Ib\u00e9rica de Piscinas con tratamiento biol\u00f3gico[:] - GIABN\" \/>\n<meta name=\"twitter:description\" content=\"1 \/ juliol \/ 2014 (Aljezur, Portugal) 1. Confer\u00e8ncia Ib\u00e8rica de Piscines amb tractament biol\u00f2gic Les piscines de tractament biol\u00f2gic han estat [&hellip;]\" \/>\n<meta name=\"twitter:image\" content=\"https:\/\/giabn.com\/wp-content\/uploads\/2023\/01\/1011.jpg\" \/>\n<meta name=\"twitter:label1\" content=\"Temps estimat de lectura\" \/>\n\t<meta name=\"twitter:data1\" content=\"7 minuts\" \/>\n<script type=\"application\/ld+json\" class=\"yoast-schema-graph\">{\"@context\":\"https:\\\/\\\/schema.org\",\"@graph\":[{\"@type\":\"WebPage\",\"@id\":\"https:\\\/\\\/giabn.com\\\/1-conferencia-iberica-de-piscinas-com-tratamento-biologico\\\/\",\"url\":\"https:\\\/\\\/giabn.com\\\/1-conferencia-iberica-de-piscinas-com-tratamento-biologico\\\/\",\"name\":\"[:pt]1. Conferencia Ib\u00e9rica de Piscinas com tratamento biol\u00f3gico[:ca] 1. Confer\u00e8ncia Ib\u00e8rica de Piscines amb tractament biol\u00f2gic [:es]1. Conferencia Ib\u00e9rica de Piscinas con tratamiento biol\u00f3gico[:] - GIABN\",\"isPartOf\":{\"@id\":\"https:\\\/\\\/giabn.com\\\/ca\\\/#website\"},\"primaryImageOfPage\":{\"@id\":\"https:\\\/\\\/giabn.com\\\/1-conferencia-iberica-de-piscinas-com-tratamento-biologico\\\/#primaryimage\"},\"image\":{\"@id\":\"https:\\\/\\\/giabn.com\\\/1-conferencia-iberica-de-piscinas-com-tratamento-biologico\\\/#primaryimage\"},\"thumbnailUrl\":\"https:\\\/\\\/giabn.com\\\/wp-content\\\/uploads\\\/2023\\\/01\\\/1011.jpg\",\"datePublished\":\"2023-01-18T16:29:28+00:00\",\"dateModified\":\"2023-01-18T16:47:04+00:00\",\"breadcrumb\":{\"@id\":\"https:\\\/\\\/giabn.com\\\/1-conferencia-iberica-de-piscinas-com-tratamento-biologico\\\/#breadcrumb\"},\"inLanguage\":\"ca\",\"potentialAction\":[{\"@type\":\"ReadAction\",\"target\":[\"https:\\\/\\\/giabn.com\\\/1-conferencia-iberica-de-piscinas-com-tratamento-biologico\\\/\"]}]},{\"@type\":\"ImageObject\",\"inLanguage\":\"ca\",\"@id\":\"https:\\\/\\\/giabn.com\\\/1-conferencia-iberica-de-piscinas-com-tratamento-biologico\\\/#primaryimage\",\"url\":\"https:\\\/\\\/giabn.com\\\/wp-content\\\/uploads\\\/2023\\\/01\\\/1011.jpg\",\"contentUrl\":\"https:\\\/\\\/giabn.com\\\/wp-content\\\/uploads\\\/2023\\\/01\\\/1011.jpg\"},{\"@type\":\"BreadcrumbList\",\"@id\":\"https:\\\/\\\/giabn.com\\\/1-conferencia-iberica-de-piscinas-com-tratamento-biologico\\\/#breadcrumb\",\"itemListElement\":[{\"@type\":\"ListItem\",\"position\":1,\"name\":\"Home\",\"item\":\"https:\\\/\\\/giabn.com\\\/\"},{\"@type\":\"ListItem\",\"position\":2,\"name\":\"1. Conferencia Ib\u00e9rica de Piscinas con tratamiento biol\u00f3gico\"}]},{\"@type\":\"WebSite\",\"@id\":\"https:\\\/\\\/giabn.com\\\/ca\\\/#website\",\"url\":\"https:\\\/\\\/giabn.com\\\/ca\\\/\",\"name\":\"GIABN\",\"description\":\"Grupo Ib&eacute;rico de Aguas de Ba\u00f1o Naturalizadas GIABN\",\"publisher\":{\"@id\":\"https:\\\/\\\/giabn.com\\\/ca\\\/#organization\"},\"potentialAction\":[{\"@type\":\"SearchAction\",\"target\":{\"@type\":\"EntryPoint\",\"urlTemplate\":\"https:\\\/\\\/giabn.com\\\/ca\\\/?s={search_term_string}\"},\"query-input\":{\"@type\":\"PropertyValueSpecification\",\"valueRequired\":true,\"valueName\":\"search_term_string\"}}],\"inLanguage\":\"ca\"},{\"@type\":\"Organization\",\"@id\":\"https:\\\/\\\/giabn.com\\\/ca\\\/#organization\",\"name\":\"IOB EV\",\"url\":\"https:\\\/\\\/giabn.com\\\/ca\\\/\",\"logo\":{\"@type\":\"ImageObject\",\"inLanguage\":\"ca\",\"@id\":\"https:\\\/\\\/giabn.com\\\/ca\\\/#\\\/schema\\\/logo\\\/image\\\/\",\"url\":\"https:\\\/\\\/giabn.com\\\/wp-content\\\/uploads\\\/2023\\\/01\\\/logo-giabn.png\",\"contentUrl\":\"https:\\\/\\\/giabn.com\\\/wp-content\\\/uploads\\\/2023\\\/01\\\/logo-giabn.png\",\"width\":134,\"height\":101,\"caption\":\"IOB EV\"},\"image\":{\"@id\":\"https:\\\/\\\/giabn.com\\\/ca\\\/#\\\/schema\\\/logo\\\/image\\\/\"}}]}<\/script>\n<!-- \/ Yoast SEO plugin. -->","yoast_head_json":{"title":"[:pt]1. Conferencia Ib\u00e9rica de Piscinas com tratamento biol\u00f3gico[:ca] 1. Confer\u00e8ncia Ib\u00e8rica de Piscines amb tractament biol\u00f2gic [:es]1. Conferencia Ib\u00e9rica de Piscinas con tratamiento biol\u00f3gico[:] - GIABN","robots":{"index":"index","follow":"follow","max-snippet":"max-snippet:-1","max-image-preview":"max-image-preview:large","max-video-preview":"max-video-preview:-1"},"canonical":"https:\/\/giabn.com\/1-conferencia-iberica-de-piscinas-com-tratamento-biologico\/","twitter_card":"summary_large_image","twitter_title":"[:pt]1. Conferencia Ib\u00e9rica de Piscinas com tratamento biol\u00f3gico[:ca] 1. Confer\u00e8ncia Ib\u00e8rica de Piscines amb tractament biol\u00f2gic [:es]1. Conferencia Ib\u00e9rica de Piscinas con tratamiento biol\u00f3gico[:] - GIABN","twitter_description":"1 \/ juliol \/ 2014 (Aljezur, Portugal) 1. Confer\u00e8ncia Ib\u00e8rica de Piscines amb tractament biol\u00f2gic Les piscines de tractament biol\u00f2gic han estat [&hellip;]","twitter_image":"https:\/\/giabn.com\/wp-content\/uploads\/2023\/01\/1011.jpg","twitter_misc":{"Temps estimat de lectura":"7 minuts"},"schema":{"@context":"https:\/\/schema.org","@graph":[{"@type":"WebPage","@id":"https:\/\/giabn.com\/1-conferencia-iberica-de-piscinas-com-tratamento-biologico\/","url":"https:\/\/giabn.com\/1-conferencia-iberica-de-piscinas-com-tratamento-biologico\/","name":"[:pt]1. Conferencia Ib\u00e9rica de Piscinas com tratamento biol\u00f3gico[:ca] 1. Confer\u00e8ncia Ib\u00e8rica de Piscines amb tractament biol\u00f2gic [:es]1. Conferencia Ib\u00e9rica de Piscinas con tratamiento biol\u00f3gico[:] - GIABN","isPartOf":{"@id":"https:\/\/giabn.com\/ca\/#website"},"primaryImageOfPage":{"@id":"https:\/\/giabn.com\/1-conferencia-iberica-de-piscinas-com-tratamento-biologico\/#primaryimage"},"image":{"@id":"https:\/\/giabn.com\/1-conferencia-iberica-de-piscinas-com-tratamento-biologico\/#primaryimage"},"thumbnailUrl":"https:\/\/giabn.com\/wp-content\/uploads\/2023\/01\/1011.jpg","datePublished":"2023-01-18T16:29:28+00:00","dateModified":"2023-01-18T16:47:04+00:00","breadcrumb":{"@id":"https:\/\/giabn.com\/1-conferencia-iberica-de-piscinas-com-tratamento-biologico\/#breadcrumb"},"inLanguage":"ca","potentialAction":[{"@type":"ReadAction","target":["https:\/\/giabn.com\/1-conferencia-iberica-de-piscinas-com-tratamento-biologico\/"]}]},{"@type":"ImageObject","inLanguage":"ca","@id":"https:\/\/giabn.com\/1-conferencia-iberica-de-piscinas-com-tratamento-biologico\/#primaryimage","url":"https:\/\/giabn.com\/wp-content\/uploads\/2023\/01\/1011.jpg","contentUrl":"https:\/\/giabn.com\/wp-content\/uploads\/2023\/01\/1011.jpg"},{"@type":"BreadcrumbList","@id":"https:\/\/giabn.com\/1-conferencia-iberica-de-piscinas-com-tratamento-biologico\/#breadcrumb","itemListElement":[{"@type":"ListItem","position":1,"name":"Home","item":"https:\/\/giabn.com\/"},{"@type":"ListItem","position":2,"name":"1. Conferencia Ib\u00e9rica de Piscinas con tratamiento biol\u00f3gico"}]},{"@type":"WebSite","@id":"https:\/\/giabn.com\/ca\/#website","url":"https:\/\/giabn.com\/ca\/","name":"GIABN","description":"Grupo Ib&eacute;rico de Aguas de Ba\u00f1o Naturalizadas GIABN","publisher":{"@id":"https:\/\/giabn.com\/ca\/#organization"},"potentialAction":[{"@type":"SearchAction","target":{"@type":"EntryPoint","urlTemplate":"https:\/\/giabn.com\/ca\/?s={search_term_string}"},"query-input":{"@type":"PropertyValueSpecification","valueRequired":true,"valueName":"search_term_string"}}],"inLanguage":"ca"},{"@type":"Organization","@id":"https:\/\/giabn.com\/ca\/#organization","name":"IOB EV","url":"https:\/\/giabn.com\/ca\/","logo":{"@type":"ImageObject","inLanguage":"ca","@id":"https:\/\/giabn.com\/ca\/#\/schema\/logo\/image\/","url":"https:\/\/giabn.com\/wp-content\/uploads\/2023\/01\/logo-giabn.png","contentUrl":"https:\/\/giabn.com\/wp-content\/uploads\/2023\/01\/logo-giabn.png","width":134,"height":101,"caption":"IOB EV"},"image":{"@id":"https:\/\/giabn.com\/ca\/#\/schema\/logo\/image\/"}}]}},"_links":{"self":[{"href":"https:\/\/giabn.com\/ca\/wp-json\/wp\/v2\/pages\/5601","targetHints":{"allow":["GET"]}}],"collection":[{"href":"https:\/\/giabn.com\/ca\/wp-json\/wp\/v2\/pages"}],"about":[{"href":"https:\/\/giabn.com\/ca\/wp-json\/wp\/v2\/types\/page"}],"author":[{"embeddable":true,"href":"https:\/\/giabn.com\/ca\/wp-json\/wp\/v2\/users\/1"}],"replies":[{"embeddable":true,"href":"https:\/\/giabn.com\/ca\/wp-json\/wp\/v2\/comments?post=5601"}],"version-history":[{"count":0,"href":"https:\/\/giabn.com\/ca\/wp-json\/wp\/v2\/pages\/5601\/revisions"}],"wp:attachment":[{"href":"https:\/\/giabn.com\/ca\/wp-json\/wp\/v2\/media?parent=5601"}],"curies":[{"name":"wp","href":"https:\/\/api.w.org\/{rel}","templated":true}]}}